{"id":4959,"date":"2026-04-07T06:54:26","date_gmt":"2026-04-07T06:54:26","guid":{"rendered":"https:\/\/lyfilter.com\/"},"modified":"2026-04-07T06:54:26","modified_gmt":"2026-04-07T06:54:26","slug":"0-22-um-micron-pleated-membrane-ptfe-air-vent-filter-for-ss-gas-steam-cartridge-housing-215-222-226","status":"publish","type":"product","link":"https:\/\/lyfilter.com\/de\/0-22-um-micron-pleated-membrane-ptfe-air-vent-filter-for-ss-gas-steam-cartridge-housing-215-222-226\/","title":{"rendered":"0.22 Um Micron Plissierte Membran Ptfe Entl\u00fcftungsfilter f\u00fcr SS Gas Dampf Patronengeh\u00e4use 215 222 226"},"content":{"rendered":"<table>\n<thead>\n<tr>\n<th>Start Hafen<\/th>\n<th>Produktionskapazit\u00e4t<\/th>\n<th>Ort der Herkunft<\/th>\n<th>Zahlung<\/th>\n<th>MOQ<\/th>\n<th>Lieferfrist<\/th>\n<\/tr>\n<\/thead>\n<tbody>\n<tr>\n<td>Huangpu\/Nansha<\/td>\n<td>10000St\u00fcck\/Monat<\/td>\n<td>Guangzhou<\/td>\n<td>T\/T, Western Union, Alibaba Trade Assurance, paypal<\/td>\n<td>1 St\u00fcck<\/td>\n<td>10-15 Tage<\/td>\n<\/tr>\n<\/tbody>\n<\/table>","protected":false},"excerpt":{"rendered":"<p>Patronenfilter mit plissierten Membranen aus Guangzhou\u00a0<a href=\"https:\/\/lyfilter.com\/de\/\">Lvyuan-Filter<\/a>\u00a0bieten ein H\u00f6chstma\u00df an Produktsicherheit und -reinheit f\u00fcr absolute Filtration mit Porengr\u00f6\u00dfen von 0,05 bis 100 Mikron (je nach Medium). Erh\u00e4ltlich in den Membranen Polypropylen, PTFE, Polyethersulfon (PES), Nylon 66 und PVDF, Glasfaser, Polyester f\u00fcr maximale chemische Kompatibilit\u00e4t. Wir bieten eine gro\u00dfe Auswahl an Mikrongr\u00f6\u00dfen und Endkappenkonfigurationen an, aus denen Sie w\u00e4hlen k\u00f6nnen. Die plissierten Membranfilterkerzen von Lvyuan werden h\u00e4ufig f\u00fcr hochreine Anwendungen, Vorfiltration und Endfiltration eingesetzt.<\/p>","protected":false},"featured_media":4961,"comment_status":"open","ping_status":"closed","template":"","meta":{"_gspb_post_css":""},"product_brand":[],"product_cat":[21],"product_tag":[1906,1909,1534,1907,1908,1136],"class_list":{"0":"post-4959","1":"product","2":"type-product","3":"status-publish","4":"has-post-thumbnail","6":"product_cat-pleated-filter-cartridge","7":"product_tag-0-22-um-ptfe-filter","8":"product_tag-215-222-226-cartridge-housing","9":"product_tag-inversafilterpurification","10":"product_tag-pleated-membrane-air-vent-filter","11":"product_tag-ss-gas-steam-cartridge-filter","12":"product_tag-water-filter-locks","14":"first","15":"instock","16":"shipping-taxable","17":"product-type-simple"},"_links":{"self":[{"href":"https:\/\/lyfilter.com\/de\/wp-json\/wp\/v2\/product\/4959","targetHints":{"allow":["GET"]}}],"collection":[{"href":"https:\/\/lyfilter.com\/de\/wp-json\/wp\/v2\/product"}],"about":[{"href":"https:\/\/lyfilter.com\/de\/wp-json\/wp\/v2\/types\/product"}],"replies":[{"embeddable":true,"href":"https:\/\/lyfilter.com\/de\/wp-json\/wp\/v2\/comments?post=4959"}],"wp:featuredmedia":[{"embeddable":true,"href":"https:\/\/lyfilter.com\/de\/wp-json\/wp\/v2\/media\/4961"}],"wp:attachment":[{"href":"https:\/\/lyfilter.com\/de\/wp-json\/wp\/v2\/media?parent=4959"}],"wp:term":[{"taxonomy":"product_brand","embeddable":true,"href":"https:\/\/lyfilter.com\/de\/wp-json\/wp\/v2\/product_brand?post=4959"},{"taxonomy":"product_cat","embeddable":true,"href":"https:\/\/lyfilter.com\/de\/wp-json\/wp\/v2\/product_cat?post=4959"},{"taxonomy":"product_tag","embeddable":true,"href":"https:\/\/lyfilter.com\/de\/wp-json\/wp\/v2\/product_tag?post=4959"}],"curies":[{"name":"wp","href":"https:\/\/api.w.org\/{rel}","templated":true}]}}