{"id":4957,"date":"2026-04-07T06:51:13","date_gmt":"2026-04-07T06:51:13","guid":{"rendered":"https:\/\/lyfilter.com\/"},"modified":"2026-04-07T06:51:14","modified_gmt":"2026-04-07T06:51:14","slug":"high-quality-best-under-sink-ro-water-filter-wholesale-for-purify","status":"publish","type":"product","link":"https:\/\/lyfilter.com\/de\/high-quality-best-under-sink-ro-water-filter-wholesale-for-purify\/","title":{"rendered":"Hochwertige beste unter Waschbecken RO Wasserfilter Gro\u00dfhandel f\u00fcr Purify"},"content":{"rendered":"<table>\n<thead>\n<tr>\n<th>Ort der Herkunft<\/th>\n<th>Guangdong, China<\/th>\n<\/tr>\n<\/thead>\n<tbody>\n<tr>\n<td>Markenname<\/td>\n<td>Lvyuan\/OEM<\/td>\n<\/tr>\n<tr>\n<td>Modellnummer<\/td>\n<td>LY-RO-109<\/td>\n<\/tr>\n<tr>\n<td>Leistung (W)<\/td>\n<td>24<\/td>\n<\/tr>\n<tr>\n<td>Spannung (V)<\/td>\n<td>220<\/td>\n<\/tr>\n<tr>\n<td>After-Sales-Service<\/td>\n<td>keine<\/td>\n<\/tr>\n<tr>\n<td>Garantie<\/td>\n<td>1 Jahr<\/td>\n<\/tr>\n<tr>\n<td>Typ<\/td>\n<td>Umkehrosmose<\/td>\n<\/tr>\n<tr>\n<td>Zertifizierung<\/td>\n<td>ce, GS<\/td>\n<\/tr>\n<tr>\n<td>Verwenden Sie<\/td>\n<td>Unter der Sp\u00fcle, unter der Sp\u00fcle<\/td>\n<\/tr>\n<tr>\n<td>Anmeldung<\/td>\n<td>Haushalt<\/td>\n<\/tr>\n<tr>\n<td>Stromquelle<\/td>\n<td>Elektrisch<\/td>\n<\/tr>\n<tr>\n<td>Produkt<\/td>\n<td>8-stufiger RO-Umkehrosmosefilter f\u00fcr den Hausgebrauch mit uv<\/td>\n<\/tr>\n<tr>\n<td>System<\/td>\n<td>RO-System<\/td>\n<\/tr>\n<tr>\n<td>Wassermenge<\/td>\n<td>50\/75\/100 GPD<\/td>\n<\/tr>\n<tr>\n<td>Fassungsverm\u00f6gen des Druckbeh\u00e4lters<\/td>\n<td>3.2G<\/td>\n<\/tr>\n<tr>\n<td>Spannung<\/td>\n<td>220V\/50Hz,110V\/60Hz (Transformer)<\/td>\n<\/tr>\n<tr>\n<td>Strom<\/td>\n<td>24W<\/td>\n<\/tr>\n<tr>\n<td>Wasserdruck<\/td>\n<td>0,1-0,3mpa<\/td>\n<\/tr>\n<tr>\n<td>Wasserversorgung<\/td>\n<td>Leitungswasser<\/td>\n<\/tr>\n<tr>\n<td>Temperatur in der Umgebung<\/td>\n<td>4\u00b0C~40\u00b0C<\/td>\n<\/tr>\n<tr>\n<td>Lieferf\u00e4higkeit<\/td>\n<td>1000 St\u00fcck\/St\u00fcck pro Woche<\/td>\n<\/tr>\n<\/tbody>\n<\/table>","protected":false},"excerpt":{"rendered":"<p>Dieser f\u00fcr moderne K\u00fcchen konzipierte Untertisch-RO-Wasserfilter bietet sicheren Halt und gleichm\u00e4\u00dfige Reinigung f\u00fcr den t\u00e4glichen Gebrauch. InversaFilterPurification hilft, Geschmack und Klarheit zu verbessern, w\u00e4hrend die Einrichtung einfach, ordentlich und vertrauensw\u00fcrdig ist.<\/p>","protected":false},"featured_media":4958,"comment_status":"open","ping_status":"closed","template":"","meta":{"_gspb_post_css":""},"product_brand":[],"product_cat":[1470],"product_tag":[1905,1534,1904,1903,1136,1184],"class_list":{"0":"post-4957","1":"product","2":"type-product","3":"status-publish","4":"has-post-thumbnail","6":"product_cat-under-sink-ro-water-purifier","7":"product_tag-home-water-purification","8":"product_tag-inversafilterpurification","9":"product_tag-ro-water-purifier","10":"product_tag-under-sink-ro-water-filter","11":"product_tag-water-filter-locks","12":"product_tag-wholesale-water-filter","14":"first","15":"instock","16":"shipping-taxable","17":"product-type-simple"},"_links":{"self":[{"href":"https:\/\/lyfilter.com\/de\/wp-json\/wp\/v2\/product\/4957","targetHints":{"allow":["GET"]}}],"collection":[{"href":"https:\/\/lyfilter.com\/de\/wp-json\/wp\/v2\/product"}],"about":[{"href":"https:\/\/lyfilter.com\/de\/wp-json\/wp\/v2\/types\/product"}],"replies":[{"embeddable":true,"href":"https:\/\/lyfilter.com\/de\/wp-json\/wp\/v2\/comments?post=4957"}],"wp:featuredmedia":[{"embeddable":true,"href":"https:\/\/lyfilter.com\/de\/wp-json\/wp\/v2\/media\/4958"}],"wp:attachment":[{"href":"https:\/\/lyfilter.com\/de\/wp-json\/wp\/v2\/media?parent=4957"}],"wp:term":[{"taxonomy":"product_brand","embeddable":true,"href":"https:\/\/lyfilter.com\/de\/wp-json\/wp\/v2\/product_brand?post=4957"},{"taxonomy":"product_cat","embeddable":true,"href":"https:\/\/lyfilter.com\/de\/wp-json\/wp\/v2\/product_cat?post=4957"},{"taxonomy":"product_tag","embeddable":true,"href":"https:\/\/lyfilter.com\/de\/wp-json\/wp\/v2\/product_tag?post=4957"}],"curies":[{"name":"wp","href":"https:\/\/api.w.org\/{rel}","templated":true}]}}