{"id":4948,"date":"2026-04-07T06:44:49","date_gmt":"2026-04-07T06:44:49","guid":{"rendered":"https:\/\/lyfilter.com\/"},"modified":"2026-04-07T06:44:50","modified_gmt":"2026-04-07T06:44:50","slug":"for-food-sintered-ss-filter-cartridges-by-lvyuan-filter","status":"publish","type":"product","link":"https:\/\/lyfilter.com\/de\/for-food-sintered-ss-filter-cartridges-by-lvyuan-filter\/","title":{"rendered":"F\u00fcr Lebensmittel gesinterte SS-Filterpatronen von Lvyuan Filter"},"content":{"rendered":"<table>\n<thead>\n<tr>\n<th>Produkt-Einf\u00fchrung<\/th>\n<th>Um Ihr Verst\u00e4ndnis von Sinter-SS-Filterpatronen zu st\u00e4rken, wird Lvyuan Water Purification Equipment Ihnen die spezifischen Details von Sinter-SS-Filterpatronen im folgenden Abschnitt zeigen.<\/th>\n<\/tr>\n<\/thead>\n<tbody>\n<tr>\n<td>Zustand<\/td>\n<td>Neu<\/td>\n<\/tr>\n<tr>\n<td>Anwendbare Industrien<\/td>\n<td>Hotels, Bekleidungsgesch\u00e4fte, Baustoffgesch\u00e4fte, Fertigungsanlagen, Maschinenreparaturwerkst\u00e4tten, Lebensmittel- und Getr\u00e4nkefabriken, Bauernh\u00f6fe, Restaurants, Haushalte, Einzelhandel, Lebensmittelgesch\u00e4fte, Druckereien, Baugewerbe, Energie und Bergbau, Lebensmittel- und Getr\u00e4nkehandel, Wasseraufbereitung<\/td>\n<\/tr>\n<tr>\n<td>Service nach der Garantie<\/td>\n<td>Online-Unterst\u00fctzung<\/td>\n<\/tr>\n<tr>\n<td>Lokaler Dienstort<\/td>\n<td>keine<\/td>\n<\/tr>\n<tr>\n<td>Standort des Ausstellungsraums<\/td>\n<td>keine<\/td>\n<\/tr>\n<tr>\n<td>Video-Ausgangsinspektion<\/td>\n<td>Zur Verf\u00fcgung gestellt<\/td>\n<\/tr>\n<tr>\n<td>Maschinen-Testbericht<\/td>\n<td>Zur Verf\u00fcgung gestellt<\/td>\n<\/tr>\n<tr>\n<td>Marketing-Typ<\/td>\n<td>Gew\u00f6hnliches Produkt<\/td>\n<\/tr>\n<tr>\n<td>Garantie f\u00fcr Kernkomponenten<\/td>\n<td>1 Jahr<\/td>\n<\/tr>\n<tr>\n<td>Kernkomponenten<\/td>\n<td>Druckbeh\u00e4lter<\/td>\n<\/tr>\n<tr>\n<td>Ort der Herkunft<\/td>\n<td>Guangdong, China<\/td>\n<\/tr>\n<tr>\n<td>Markenname<\/td>\n<td>Lvyuan, OEM, ODM<\/td>\n<\/tr>\n<tr>\n<td>Garantie<\/td>\n<td>Nicht verf\u00fcgbar<\/td>\n<\/tr>\n<tr>\n<td>After-Sales-Service<\/td>\n<td>Online-Unterst\u00fctzung<\/td>\n<\/tr>\n<tr>\n<td>Schl\u00fcsselw\u00f6rter<\/td>\n<td>gesintertes Edelstahl-Faltfilterrohr<\/td>\n<\/tr>\n<tr>\n<td>Durchmesser<\/td>\n<td>Nachfrage des Kunden<\/td>\n<\/tr>\n<tr>\n<td>Material<\/td>\n<td>rostfreier Stahl<\/td>\n<\/tr>\n<tr>\n<td>Form<\/td>\n<td>Zylinder<\/td>\n<\/tr>\n<tr>\n<td>Verwendung<\/td>\n<td>Wasseraufbereitung<\/td>\n<\/tr>\n<tr>\n<td>Anmeldung<\/td>\n<td>Industrie<\/td>\n<\/tr>\n<tr>\n<td>Farbe<\/td>\n<td>Band<\/td>\n<\/tr>\n<tr>\n<td>Verpacken<\/td>\n<td>Papierschachtel<\/td>\n<\/tr>\n<tr>\n<td>L\u00e4nge<\/td>\n<td>10\/20\/30\/40 Zoll<\/td>\n<\/tr>\n<tr>\n<td>Vorteil<\/td>\n<td>Wiederverwendung<\/td>\n<\/tr>\n<tr>\n<td>Lieferf\u00e4higkeit<\/td>\n<td>10000 St\u00fcck\/St\u00fcck pro Monat<\/td>\n<\/tr>\n<\/tbody>\n<\/table>","protected":false},"excerpt":{"rendered":"<p>Diese Filterpatrone aus gesintertem Edelstahl wurde f\u00fcr die Lebensmittelfiltration entwickelt und bietet eine solide Mischung aus St\u00e4rke und Durchfluss. Die sichere Verriegelung unterst\u00fctzt den stabilen Gebrauch, w\u00e4hrend Lvyuan Filter und InversaFilterPurification f\u00fcr zuverl\u00e4ssige t\u00e4gliche Leistung sorgen.<\/p>","protected":false},"featured_media":4947,"comment_status":"open","ping_status":"closed","template":"","meta":{"_gspb_post_css":""},"product_brand":[],"product_cat":[18],"product_tag":[834,1902,1534,1242,1167,1136],"class_list":{"0":"post-4948","1":"product","2":"type-product","3":"status-publish","4":"has-post-thumbnail","6":"product_cat-sintered-metal-filters","7":"product_tag-food-grade-filter-cartridge","8":"product_tag-food-sintered-stainless-steel-filter","9":"product_tag-inversafilterpurification","10":"product_tag-lvyuan-filter","11":"product_tag-stainless-steel-filter-cartridge","12":"product_tag-water-filter-locks","14":"first","15":"instock","16":"shipping-taxable","17":"product-type-simple"},"_links":{"self":[{"href":"https:\/\/lyfilter.com\/de\/wp-json\/wp\/v2\/product\/4948","targetHints":{"allow":["GET"]}}],"collection":[{"href":"https:\/\/lyfilter.com\/de\/wp-json\/wp\/v2\/product"}],"about":[{"href":"https:\/\/lyfilter.com\/de\/wp-json\/wp\/v2\/types\/product"}],"replies":[{"embeddable":true,"href":"https:\/\/lyfilter.com\/de\/wp-json\/wp\/v2\/comments?post=4948"}],"wp:featuredmedia":[{"embeddable":true,"href":"https:\/\/lyfilter.com\/de\/wp-json\/wp\/v2\/media\/4947"}],"wp:attachment":[{"href":"https:\/\/lyfilter.com\/de\/wp-json\/wp\/v2\/media?parent=4948"}],"wp:term":[{"taxonomy":"product_brand","embeddable":true,"href":"https:\/\/lyfilter.com\/de\/wp-json\/wp\/v2\/product_brand?post=4948"},{"taxonomy":"product_cat","embeddable":true,"href":"https:\/\/lyfilter.com\/de\/wp-json\/wp\/v2\/product_cat?post=4948"},{"taxonomy":"product_tag","embeddable":true,"href":"https:\/\/lyfilter.com\/de\/wp-json\/wp\/v2\/product_tag?post=4948"}],"curies":[{"name":"wp","href":"https:\/\/api.w.org\/{rel}","templated":true}]}}