{"id":4942,"date":"2026-04-07T06:41:36","date_gmt":"2026-04-07T06:41:36","guid":{"rendered":"https:\/\/lyfilter.com\/"},"modified":"2026-04-07T06:41:37","modified_gmt":"2026-04-07T06:41:37","slug":"high-quality-sintered-plastic-porous-filter-series-for-biopharmaceutical","status":"publish","type":"product","link":"https:\/\/lyfilter.com\/de\/high-quality-sintered-plastic-porous-filter-series-for-biopharmaceutical\/","title":{"rendered":"Hochwertige gesinterte por\u00f6se Kunststofffilter f\u00fcr die Biopharmazie"},"content":{"rendered":"<table>\n<thead>\n<tr>\n<th>Beschreibung des Produkts<\/th>\n<th>Die herausragenden Vorteile des por\u00f6sen Sinterkunststofffilters sind folgende.<\/th>\n<\/tr>\n<\/thead>\n<tbody>\n<tr>\n<td>Zustand<\/td>\n<td>Neu<\/td>\n<\/tr>\n<tr>\n<td>Anwendbare Industrien<\/td>\n<td>Hotels, Bekleidungsgesch\u00e4fte, Baustoffgesch\u00e4fte, Fertigungsbetriebe, Maschinenreparaturwerkst\u00e4tten, Lebensmittel- und Getr\u00e4nkefabriken, Bauernh\u00f6fe, Restaurants, Haushalte, Einzelhandel, Lebensmittelgesch\u00e4fte, Druckereien, Bauunternehmen, Energie- und Bergbauunternehmen, Lebensmittel- und Getr\u00e4nkem\u00e4rkte, Werbeunternehmen<\/td>\n<\/tr>\n<tr>\n<td>Service nach der Garantie<\/td>\n<td>Online-Unterst\u00fctzung<\/td>\n<\/tr>\n<tr>\n<td>Lokaler Dienstort<\/td>\n<td>keine<\/td>\n<\/tr>\n<tr>\n<td>Standort des Ausstellungsraums<\/td>\n<td>keine<\/td>\n<\/tr>\n<tr>\n<td>Video-Ausgangsinspektion<\/td>\n<td>Zur Verf\u00fcgung gestellt<\/td>\n<\/tr>\n<tr>\n<td>Maschinen-Testbericht<\/td>\n<td>Zur Verf\u00fcgung gestellt<\/td>\n<\/tr>\n<tr>\n<td>Marketing-Typ<\/td>\n<td>Gew\u00f6hnliches Produkt<\/td>\n<\/tr>\n<tr>\n<td>Garantie f\u00fcr Kernkomponenten<\/td>\n<td>1 Jahr<\/td>\n<\/tr>\n<tr>\n<td>Kernkomponenten<\/td>\n<td>Druckbeh\u00e4lter<\/td>\n<\/tr>\n<tr>\n<td>Ort der Herkunft<\/td>\n<td>Guangdong, China<\/td>\n<\/tr>\n<tr>\n<td>Markenname<\/td>\n<td>Lvyuan\/OEM<\/td>\n<\/tr>\n<tr>\n<td>Garantie<\/td>\n<td>1 Jahr<\/td>\n<\/tr>\n<tr>\n<td>After-Sales-Service<\/td>\n<td>Online-Unterst\u00fctzung<\/td>\n<\/tr>\n<tr>\n<td>Name<\/td>\n<td>SUS304 316L 50 100 Mikron Edelstahl Sinterzylinderfilter<\/td>\n<\/tr>\n<tr>\n<td>Material<\/td>\n<td>SS304\/316L<\/td>\n<\/tr>\n<tr>\n<td>L\u00e4nge<\/td>\n<td>10\/20\/30\/40\/60 Zoll<\/td>\n<\/tr>\n<tr>\n<td>Mikron<\/td>\n<td>1 - 300um<\/td>\n<\/tr>\n<tr>\n<td>Schichten<\/td>\n<td>5 Schichten<\/td>\n<\/tr>\n<tr>\n<td>Interface-Formular<\/td>\n<td>222, 226, 215, M36, M24, M22, M20 Gewindeanschluss<\/td>\n<\/tr>\n<tr>\n<td>Hitzebest\u00e4ndigkeit<\/td>\n<td>-200 bis 500 Grad<\/td>\n<\/tr>\n<tr>\n<td>Arbeitsdruck<\/td>\n<td>0,1 - 30Mpa<\/td>\n<\/tr>\n<tr>\n<td>Gr\u00f6\u00dfe<\/td>\n<td>Kundenspezifisch<\/td>\n<\/tr>\n<\/tbody>\n<\/table>","protected":false},"excerpt":{"rendered":"<p>Diese f\u00fcr die biopharmazeutische Filtration entwickelten por\u00f6sen Sinterkunststofffilter bieten eine gleichm\u00e4\u00dfige Durchflusskontrolle und Langlebigkeit. Das Verschlussdesign unterst\u00fctzt einen stabilen Sitz, w\u00e4hrend InversaFilterPurification f\u00fcr eine saubere Verarbeitung sorgt.<\/p>","protected":false},"featured_media":4947,"comment_status":"open","ping_status":"closed","template":"","meta":{"_gspb_post_css":""},"product_brand":[],"product_cat":[24],"product_tag":[1900,1534,1901,1810,1899,1136],"class_list":{"0":"post-4942","1":"product","2":"type-product","3":"status-publish","4":"has-post-thumbnail","6":"product_cat-sintered-porous-plastic","7":"product_tag-biopharmaceutical-filter-series","8":"product_tag-inversafilterpurification","9":"product_tag-pharmaceutical-filtration-filter","10":"product_tag-porous-plastic-filter","11":"product_tag-sintered-plastic-porous-filter","12":"product_tag-water-filter-locks","14":"first","15":"instock","16":"shipping-taxable","17":"product-type-simple"},"_links":{"self":[{"href":"https:\/\/lyfilter.com\/de\/wp-json\/wp\/v2\/product\/4942","targetHints":{"allow":["GET"]}}],"collection":[{"href":"https:\/\/lyfilter.com\/de\/wp-json\/wp\/v2\/product"}],"about":[{"href":"https:\/\/lyfilter.com\/de\/wp-json\/wp\/v2\/types\/product"}],"replies":[{"embeddable":true,"href":"https:\/\/lyfilter.com\/de\/wp-json\/wp\/v2\/comments?post=4942"}],"wp:featuredmedia":[{"embeddable":true,"href":"https:\/\/lyfilter.com\/de\/wp-json\/wp\/v2\/media\/4947"}],"wp:attachment":[{"href":"https:\/\/lyfilter.com\/de\/wp-json\/wp\/v2\/media?parent=4942"}],"wp:term":[{"taxonomy":"product_brand","embeddable":true,"href":"https:\/\/lyfilter.com\/de\/wp-json\/wp\/v2\/product_brand?post=4942"},{"taxonomy":"product_cat","embeddable":true,"href":"https:\/\/lyfilter.com\/de\/wp-json\/wp\/v2\/product_cat?post=4942"},{"taxonomy":"product_tag","embeddable":true,"href":"https:\/\/lyfilter.com\/de\/wp-json\/wp\/v2\/product_tag?post=4942"}],"curies":[{"name":"wp","href":"https:\/\/api.w.org\/{rel}","templated":true}]}}