{"id":4939,"date":"2026-04-07T06:38:45","date_gmt":"2026-04-07T06:38:45","guid":{"rendered":"https:\/\/lyfilter.com\/"},"modified":"2026-04-07T06:38:45","modified_gmt":"2026-04-07T06:38:45","slug":"pp-plastic-filter-housing","status":"publish","type":"product","link":"https:\/\/lyfilter.com\/de\/pp-plastic-filter-housing\/","title":{"rendered":"PP-Kunststoff-Filtergeh\u00e4use"},"content":{"rendered":"<table>\n<thead>\n<tr>\n<th>Start Hafen<\/th>\n<th>Guangzhou<\/th>\n<\/tr>\n<\/thead>\n<tbody>\n<tr>\n<td>Produktionskapazit\u00e4t<\/td>\n<td>10000 Einheiten\/Monat<\/td>\n<\/tr>\n<tr>\n<td>Ort der Herkunft<\/td>\n<td>Guangdong, China<\/td>\n<\/tr>\n<tr>\n<td>Zahlung<\/td>\n<td>T\/T, Alibaba Trade Assurance, paypal<\/td>\n<\/tr>\n<tr>\n<td>MOQ<\/td>\n<td>1 St\u00fcck<\/td>\n<\/tr>\n<tr>\n<td>Modell<\/td>\n<td>LY-HFPL-7<\/td>\n<\/tr>\n<tr>\n<td>Lieferfrist<\/td>\n<td>Innerhalb von 7 Arbeitstagen<\/td>\n<\/tr>\n<tr>\n<td>Zertifizierung<\/td>\n<td>ISO 9001<\/td>\n<\/tr>\n<tr>\n<td>Marke<\/td>\n<td>OEM\/Lvyuan<\/td>\n<\/tr>\n<\/tbody>\n<\/table>","protected":false},"excerpt":{"rendered":"<p>PP-BEUTELFILTERGEH\u00c4USE<\/p>\n<ol>\n<li>Einzigartige Filtertechnologie, S\u00e4ure- und Laugenbest\u00e4ndigkeit, Korrosionsbest\u00e4ndigkeit.<\/li>\n<li>Der Durchfluss pro Filtrationseinheit ist gr\u00f6\u00dfer, der Filtrationswiderstand ist geringer und die Filtrationsleistung ist hoch.<\/li>\n<li>Weit verbreitet in: Abwasser, Chemie<\/li>\n<li>Fl\u00fcssigkeit, Pharmazie, Chemie, PCB-Elektronik, Abwasserbehandlung, Galvanikindustrie usw.<\/li>\n<li>Die Installations- und Austauschzeit ist 2-mal k\u00fcrzer als die des herk\u00f6mmlichen Kernfilters, und die Arbeitseffizienz wird um 80% erh\u00f6ht.<\/li>\n<\/ol>\n<ul>\n<li>Einzigartige Filtertechnologie, S\u00e4ure- und Laugenbest\u00e4ndigkeit, Korrosionsbest\u00e4ndigkeit.<\/li>\n<li>Der Durchfluss pro Filtrationseinheit ist gr\u00f6\u00dfer, der Filtrationswiderstand ist geringer und die Filtrationsleistung ist hoch.<\/li>\n<li>Weit verbreitet in: Abwasser, Chemie<\/li>\n<li>Fl\u00fcssigkeit, Pharmazie, Chemie, PCB-Elektronik, Abwasserbehandlung, Galvanikindustrie usw.<\/li>\n<li>Die Installations- und Austauschzeit ist 2-mal k\u00fcrzer als die des herk\u00f6mmlichen Kernfilters, und die Arbeitseffizienz wird um 80% erh\u00f6ht.<\/li>\n<\/ul>","protected":false},"featured_media":4941,"comment_status":"open","ping_status":"closed","template":"","meta":{"_gspb_post_css":""},"product_brand":[],"product_cat":[15],"product_tag":[1898,1534,1897,1896,1136,1800],"class_list":{"0":"post-4939","1":"product","2":"type-product","3":"status-publish","4":"has-post-thumbnail","6":"product_cat-stainless-steel-filter-housing","7":"product_tag-filter-housing-for-purification","8":"product_tag-inversafilterpurification","9":"product_tag-plastic-filter-housing","10":"product_tag-pp-plastic-filter-housing","11":"product_tag-water-filter-locks","12":"product_tag-water-treatment-housing","14":"first","15":"instock","16":"shipping-taxable","17":"product-type-simple"},"_links":{"self":[{"href":"https:\/\/lyfilter.com\/de\/wp-json\/wp\/v2\/product\/4939","targetHints":{"allow":["GET"]}}],"collection":[{"href":"https:\/\/lyfilter.com\/de\/wp-json\/wp\/v2\/product"}],"about":[{"href":"https:\/\/lyfilter.com\/de\/wp-json\/wp\/v2\/types\/product"}],"replies":[{"embeddable":true,"href":"https:\/\/lyfilter.com\/de\/wp-json\/wp\/v2\/comments?post=4939"}],"wp:featuredmedia":[{"embeddable":true,"href":"https:\/\/lyfilter.com\/de\/wp-json\/wp\/v2\/media\/4941"}],"wp:attachment":[{"href":"https:\/\/lyfilter.com\/de\/wp-json\/wp\/v2\/media?parent=4939"}],"wp:term":[{"taxonomy":"product_brand","embeddable":true,"href":"https:\/\/lyfilter.com\/de\/wp-json\/wp\/v2\/product_brand?post=4939"},{"taxonomy":"product_cat","embeddable":true,"href":"https:\/\/lyfilter.com\/de\/wp-json\/wp\/v2\/product_cat?post=4939"},{"taxonomy":"product_tag","embeddable":true,"href":"https:\/\/lyfilter.com\/de\/wp-json\/wp\/v2\/product_tag?post=4939"}],"curies":[{"name":"wp","href":"https:\/\/api.w.org\/{rel}","templated":true}]}}