{"id":4932,"date":"2026-04-07T06:35:31","date_gmt":"2026-04-07T06:35:31","guid":{"rendered":"https:\/\/lyfilter.com\/"},"modified":"2026-04-07T06:35:31","modified_gmt":"2026-04-07T06:35:31","slug":"seawater-desalination-ro-membrane-seawater-membrane-elements","status":"publish","type":"product","link":"https:\/\/lyfilter.com\/de\/seawater-desalination-ro-membrane-seawater-membrane-elements\/","title":{"rendered":"Meerwasserentsalzung RO Membrane Meerwasser Membranelemente"},"content":{"rendered":"<table>\n<thead>\n<tr>\n<th>Eigentum<\/th>\n<th>Wert<\/th>\n<\/tr>\n<\/thead>\n<tbody>\n<tr>\n<td>Service nach der Garantie<\/td>\n<td>Online-Unterst\u00fctzung<\/td>\n<\/tr>\n<tr>\n<td>Lokaler Dienstort<\/td>\n<td>keine<\/td>\n<\/tr>\n<tr>\n<td>Standort des Ausstellungsraums<\/td>\n<td>keine<\/td>\n<\/tr>\n<tr>\n<td>Video-Ausgangsinspektion<\/td>\n<td>Zur Verf\u00fcgung gestellt<\/td>\n<\/tr>\n<tr>\n<td>Maschinen-Testbericht<\/td>\n<td>Nicht verf\u00fcgbar<\/td>\n<\/tr>\n<tr>\n<td>Marketing-Typ<\/td>\n<td>Gew\u00f6hnliches Produkt<\/td>\n<\/tr>\n<tr>\n<td>Garantie f\u00fcr Kernkomponenten<\/td>\n<td>Nicht verf\u00fcgbar<\/td>\n<\/tr>\n<tr>\n<td>Ort der Herkunft<\/td>\n<td>Guangdong, China<\/td>\n<\/tr>\n<tr>\n<td>Markenname<\/td>\n<td>Lvyuan \/ OEM<\/td>\n<\/tr>\n<tr>\n<td>Material<\/td>\n<td>Karton<\/td>\n<\/tr>\n<tr>\n<td>Gewicht<\/td>\n<td>h\u00e4ngt<\/td>\n<\/tr>\n<tr>\n<td>Gr\u00f6\u00dfe<\/td>\n<td>h\u00e4ngt<\/td>\n<\/tr>\n<tr>\n<td>Strom<\/td>\n<td>0<\/td>\n<\/tr>\n<tr>\n<td>Garantie<\/td>\n<td>Nicht verf\u00fcgbar<\/td>\n<\/tr>\n<tr>\n<td>Name des Produkts<\/td>\n<td>Meerwasser-Membranelemente<\/td>\n<\/tr>\n<tr>\n<td>Mikron Rate<\/td>\n<td>1, 5, 10 bis 100 Mikrometer<\/td>\n<\/tr>\n<tr>\n<td>L\u00e4nge<\/td>\n<td>20\u2033, 40\u2033, 60\u201d Zoll<\/td>\n<\/tr>\n<tr>\n<td>Filter Medium<\/td>\n<td>PP, schmelzgeblasenes PP, Zellulose<\/td>\n<\/tr>\n<tr>\n<td>Code \/ Endkappe<\/td>\n<td>glasfaserverst\u00e4rktes Polypropylen<\/td>\n<\/tr>\n<tr>\n<td>Verwendung<\/td>\n<td>Fl\u00fcssigkeitsfilterelemente, Wasserfilterteile<\/td>\n<\/tr>\n<tr>\n<td>Innerer Kern<\/td>\n<td>PP oder Glasfaser<\/td>\n<\/tr>\n<tr>\n<td>Zertifizierung<\/td>\n<td>CE ISO<\/td>\n<\/tr>\n<tr>\n<td>Durchmesser<\/td>\n<td>6\u201d, 152mm \/ 6.5\u201d, 165mm<\/td>\n<\/tr>\n<tr>\n<td>Ersatz<\/td>\n<td>P\/ALL PARK\/ER 3\/M<\/td>\n<\/tr>\n<tr>\n<td>Kernkomponenten<\/td>\n<td>Fl\u00fcssigkeits-Patronenfilter<\/td>\n<\/tr>\n<tr>\n<td>Lieferf\u00e4higkeit<\/td>\n<td>5000 St\u00fcck\/St\u00fcck pro Woche Hochstromfilter<\/td>\n<\/tr>\n<tr>\n<td>Beschreibung<\/td>\n<td>Meerwasserentsalzung ro Membran Meerwasser Membranelemente<\/td>\n<\/tr>\n<\/tbody>\n<\/table>","protected":false},"excerpt":{"rendered":"<p>Dieses f\u00fcr Meerwassersysteme konzipierte RO-Membranelement kombiniert Entsalzungsst\u00e4rke mit sicheren Filterverschl\u00fcssen f\u00fcr einen passgenauen Sitz. InversaFilterPurification unterst\u00fctzt einen sauberen Durchfluss und eine reibungslose Aufbereitung, wo zuverl\u00e4ssige Leistung am wichtigsten ist.<\/p>","protected":false},"featured_media":4938,"comment_status":"open","ping_status":"closed","template":"","meta":{"_gspb_post_css":""},"product_brand":[],"product_cat":[20],"product_tag":[1895,1534,1893,1892,1894,1136],"class_list":{"0":"post-4932","1":"product","2":"type-product","3":"status-publish","4":"has-post-thumbnail","6":"product_cat-high-flow-filter-cartridge","7":"product_tag-desalination-water-treatment","8":"product_tag-inversafilterpurification","9":"product_tag-ro-membrane-elements","10":"product_tag-seawater-desalination-membrane","11":"product_tag-seawater-ro-membrane","12":"product_tag-water-filter-locks","14":"first","15":"instock","16":"shipping-taxable","17":"product-type-simple"},"_links":{"self":[{"href":"https:\/\/lyfilter.com\/de\/wp-json\/wp\/v2\/product\/4932","targetHints":{"allow":["GET"]}}],"collection":[{"href":"https:\/\/lyfilter.com\/de\/wp-json\/wp\/v2\/product"}],"about":[{"href":"https:\/\/lyfilter.com\/de\/wp-json\/wp\/v2\/types\/product"}],"replies":[{"embeddable":true,"href":"https:\/\/lyfilter.com\/de\/wp-json\/wp\/v2\/comments?post=4932"}],"wp:featuredmedia":[{"embeddable":true,"href":"https:\/\/lyfilter.com\/de\/wp-json\/wp\/v2\/media\/4938"}],"wp:attachment":[{"href":"https:\/\/lyfilter.com\/de\/wp-json\/wp\/v2\/media?parent=4932"}],"wp:term":[{"taxonomy":"product_brand","embeddable":true,"href":"https:\/\/lyfilter.com\/de\/wp-json\/wp\/v2\/product_brand?post=4932"},{"taxonomy":"product_cat","embeddable":true,"href":"https:\/\/lyfilter.com\/de\/wp-json\/wp\/v2\/product_cat?post=4932"},{"taxonomy":"product_tag","embeddable":true,"href":"https:\/\/lyfilter.com\/de\/wp-json\/wp\/v2\/product_tag?post=4932"}],"curies":[{"name":"wp","href":"https:\/\/api.w.org\/{rel}","templated":true}]}}