{"id":4915,"date":"2026-04-07T06:17:28","date_gmt":"2026-04-07T06:17:28","guid":{"rendered":"https:\/\/lyfilter.com\/"},"modified":"2026-04-07T06:17:29","modified_gmt":"2026-04-07T06:17:29","slug":"carbon-filter-10-20-30-40-inch-filter-water-sintered-carbon-filter-cartridge-for-water-purifier","status":"publish","type":"product","link":"https:\/\/lyfilter.com\/de\/carbon-filter-10-20-30-40-inch-filter-water-sintered-carbon-filter-cartridge-for-water-purifier\/","title":{"rendered":"Kohlefilter 10 20 30 40 Zoll Filter Wasser gesinterte Kohlefilterpatrone f\u00fcr Wasserreiniger"},"content":{"rendered":"<table>\n<thead>\n<tr>\n<th>Ort der Herkunft<\/th>\n<th>Guangdong, China<\/th>\n<th>Markenname<\/th>\n<th>Lvyuan oder OEM\/ ODM<\/th>\n<th>Material<\/th>\n<th>Kokosnusskohle, Kokosnusskohle, Kohlekohle<\/th>\n<\/tr>\n<\/thead>\n<tbody>\n<tr>\n<td>Gewicht<\/td>\n<td>angepasst<\/td>\n<td>Gr\u00f6\u00dfe<\/td>\n<td>kundenspezifisch, kundenspezifisch<\/td>\n<td>Strom<\/td>\n<td>0<\/td>\n<\/tr>\n<tr>\n<td>Garantie<\/td>\n<td>Nicht verf\u00fcgbar<\/td>\n<td>After-Sales-Service<\/td>\n<td>Online-Unterst\u00fctzung, Online-Unterst\u00fctzung<\/td>\n<td>Merkmal<\/td>\n<td>Geruch, Sediment, Geruch, etc. entfernen<\/td>\n<\/tr>\n<tr>\n<td>Anmeldung<\/td>\n<td>Vorfiltrierung<\/td>\n<td>Farbe<\/td>\n<td>Schwarz\/Grau<\/td>\n<td>Typ<\/td>\n<td>Wasserfilterteile<\/td>\n<\/tr>\n<tr>\n<td>Durchmesser<\/td>\n<td>angepasst<\/td>\n<td>Schl\u00fcsselw\u00f6rter<\/td>\n<td>Aktivkohle-Serie<\/td>\n<td>Mikron-Rate<\/td>\n<td>5\/10\/25 Mikron<\/td>\n<\/tr>\n<tr>\n<td>Lieferf\u00e4higkeit<\/td>\n<td>5000 St\u00fcck\/St\u00fcck pro Woche<\/td>\n<td><\/td>\n<td><\/td>\n<td><\/td>\n<td><\/td>\n<\/tr>\n<\/tbody>\n<\/table>","protected":false},"excerpt":{"rendered":"<p>Diese Sinterkohlefilterpatrone ist f\u00fcr die t\u00e4gliche Reinigung gedacht und passt in 10-, 20-, 30- und 40-Zoll-Wasseraufbereiter mit gleichm\u00e4\u00dfigem Durchfluss und sauberem Geschmack. InversaFilterPurification bietet zuverl\u00e4ssige Filterung und einfachen Austausch zu Hause.<\/p>","protected":false},"featured_media":4920,"comment_status":"open","ping_status":"closed","template":"","meta":{"_gspb_post_css":""},"product_brand":[],"product_cat":[22],"product_tag":[1888,1889,709,1534,1837,1887],"class_list":{"0":"post-4915","1":"product","2":"type-product","3":"status-publish","4":"has-post-thumbnail","6":"product_cat-sintered-filter-cartridge","7":"product_tag-10-inch-carbon-filter","8":"product_tag-20-inch-carbon-filter","9":"product_tag-40-inch-water-filter","10":"product_tag-inversafilterpurification","11":"product_tag-sintered-carbon-filter-cartridge","12":"product_tag-water-purifier-carbon-filter","14":"first","15":"instock","16":"shipping-taxable","17":"product-type-simple"},"_links":{"self":[{"href":"https:\/\/lyfilter.com\/de\/wp-json\/wp\/v2\/product\/4915","targetHints":{"allow":["GET"]}}],"collection":[{"href":"https:\/\/lyfilter.com\/de\/wp-json\/wp\/v2\/product"}],"about":[{"href":"https:\/\/lyfilter.com\/de\/wp-json\/wp\/v2\/types\/product"}],"replies":[{"embeddable":true,"href":"https:\/\/lyfilter.com\/de\/wp-json\/wp\/v2\/comments?post=4915"}],"wp:featuredmedia":[{"embeddable":true,"href":"https:\/\/lyfilter.com\/de\/wp-json\/wp\/v2\/media\/4920"}],"wp:attachment":[{"href":"https:\/\/lyfilter.com\/de\/wp-json\/wp\/v2\/media?parent=4915"}],"wp:term":[{"taxonomy":"product_brand","embeddable":true,"href":"https:\/\/lyfilter.com\/de\/wp-json\/wp\/v2\/product_brand?post=4915"},{"taxonomy":"product_cat","embeddable":true,"href":"https:\/\/lyfilter.com\/de\/wp-json\/wp\/v2\/product_cat?post=4915"},{"taxonomy":"product_tag","embeddable":true,"href":"https:\/\/lyfilter.com\/de\/wp-json\/wp\/v2\/product_tag?post=4915"}],"curies":[{"name":"wp","href":"https:\/\/api.w.org\/{rel}","templated":true}]}}