{"id":4913,"date":"2026-04-07T06:11:56","date_gmt":"2026-04-07T06:11:56","guid":{"rendered":"https:\/\/lyfilter.com\/"},"modified":"2026-04-07T06:11:56","modified_gmt":"2026-04-07T06:11:56","slug":"factory-direct-stainless-bag-filter-with-good-price-for-industry","status":"publish","type":"product","link":"https:\/\/lyfilter.com\/de\/factory-direct-stainless-bag-filter-with-good-price-for-industry\/","title":{"rendered":"Factory Direct Edelstahl Beutel Filter mit guten Preis f\u00fcr die Industrie"},"content":{"rendered":"<table>\n<thead>\n<tr>\n<th>Ort der Herkunft<\/th>\n<th>Guangdong, China<\/th>\n<th>Markenname<\/th>\n<th>Lvyuan \/ OEM<\/th>\n<th>Garantie<\/th>\n<th>Nicht verf\u00fcgbar<\/th>\n<\/tr>\n<\/thead>\n<tbody>\n<tr>\n<td>After-Sales-Service<\/td>\n<td>Online-Unterst\u00fctzung<\/td>\n<td>Name des Produkts<\/td>\n<td>Netzfilterbeutel<\/td>\n<td>Geh\u00e4usewerkstoff<\/td>\n<td>ss304, sus 316, ss316L<\/td>\n<\/tr>\n<tr>\n<td>Anzahl Taschenfilter<\/td>\n<td>Einzelne oder mehrere Beutel nach Ma\u00df<\/td>\n<td>Gr\u00f6\u00dfe der Tasche<\/td>\n<td>180<em>450mm oder 180<\/em>810mm, andere<\/td>\n<td>Einlass &amp; Auslass Typ<\/td>\n<td>Flansch-\/Gewindeanschluss<\/td>\n<\/tr>\n<tr>\n<td>Filterbeutel Material<\/td>\n<td>PP, PE, kundenspezifisch<\/td>\n<td>Max. Betriebsdruck<\/td>\n<td>100\/150\/300 Psi<\/td>\n<td>Verwendung<\/td>\n<td>Fl\u00fcssigkeitsfiltration<\/td>\n<\/tr>\n<tr>\n<td>Nummer des Beutels<\/td>\n<td>#1, 2, 3, 4, 5, OEM<\/td>\n<td>Geh\u00e4use Clousure von<\/td>\n<td>Schnellbolzen, Schelle, Flansch<\/td>\n<td>Lieferf\u00e4higkeit<\/td>\n<td>1500 St\u00fcck\/St\u00fcck pro Monat Filtergewebebeutel<\/td>\n<\/tr>\n<\/tbody>\n<\/table>","protected":false},"excerpt":{"rendered":"<p><b>Vorteile f\u00fcr das Unternehmen<\/b><br \/>\n<b>1.<\/b>\u00a0Der Test von\u00a0<a href=\"https:\/\/lyfilter.com\/de\/\">Lvyuan-Filter<\/a>\u00a0umfasst mehrere Aspekte. So werden z. B. Rohlinge, Bauteile und Rohmaterialien ernsthaft gepr\u00fcft. Es bietet eine ausgezeichnete Filtration und gute thermische Stabilit\u00e4t<br \/>\n<b>2.<\/b>\u00a0Da menschliche Fehler im Produktionsprozess ausgeschlossen werden, tr\u00e4gt das Produkt dazu bei, unn\u00f6tigen Abfall zu vermeiden. Dies tr\u00e4gt direkt zu Einsparungen bei den Produktionskosten bei. Alle Elemente sind aus FDA-konformem Material f\u00fcr den Kontakt mit Lebensmitteln und Getr\u00e4nken hergestellt.<br \/>\n<b>3.<\/b>\u00a0Das Produkt verspricht hohe Qualit\u00e4t und lange Lebensdauer. Es ist mit abgestuften Poren konzipiert, um Verunreinigungen \u00fcber den gesamten Querschnitt abzufangen und so die Effizienz zu verbessern<\/p>\n<div class=\"pro_aliData\">\n<div class=\"detail-box\">\n<div class=\"scc-wrapper detail-module module-cspu\" data-module=\"cspu\"><\/div>\n<div class=\"scc-wrapper detail-module module-productPackagingAndQuickDetail\" data-spm=\"prilinga1e\">\n<div class=\"widget-detail-overview\">\n<div class=\"do-title\">\u00dcbersicht<\/div>\n<div id=\"car-parts-model\"><\/div>\n<div class=\"do-content\">\n<div class=\"do-overview\">\n<div class=\"do-entry do-entry-separate\">\n<div class=\"do-entry-title\">Schnelle Details<\/div>\n<div class=\"do-entry-list\">\n<dl id=\"224439040\" class=\"do-entry-item\">\n<dt class=\"do-entry-item\"><span class=\"attr-name J-attr-name\" title=\"Anwendbare Industrien\">Anwendbare Branchen:<\/span><\/dt>\n<dd class=\"do-entry-item-val\">\n<div class=\"ellipsis\" title=\"Hotels, Bekleidungsgesch\u00e4fte, Baustoffgesch\u00e4fte, Fertigungsbetriebe, Maschinenreparaturwerkst\u00e4tten, Lebensmittel- und Getr\u00e4nkefabriken, Bauernh\u00f6fe, Restaurants, Haushalte, Einzelhandel, Lebensmittelgesch\u00e4fte, Druckereien, Bauunternehmen, Energie- und Bergbauunternehmen, Lebensmittel- und Getr\u00e4nkem\u00e4rkte, Werbeunternehmen\">Hotels, Bekleidungsgesch\u00e4fte, Baustoffgesch\u00e4fte, Fertigungsbetriebe, Maschinenreparaturwerkst\u00e4tten, Lebensmittel- und Getr\u00e4nkefabriken, Bauernh\u00f6fe, Restaurants, Haushalte, Einzelhandel, Lebensmittelgesch\u00e4fte, Druckereien, Bauunternehmen, Energie- und Bergbauunternehmen, Lebensmittel- und Getr\u00e4nkem\u00e4rkte, Werbeunternehmen<\/div>\n<\/dd>\n<\/dl>\n<\/div>\n<\/div>\n<\/div>\n<\/div>\n<\/div>\n<\/div>\n<\/div>\n<\/div>","protected":false},"featured_media":4914,"comment_status":"open","ping_status":"closed","template":"","meta":{"_gspb_post_css":""},"product_brand":[],"product_cat":[1054],"product_tag":[1426,1534,1886,1885,1320,1136],"class_list":{"0":"post-4913","1":"product","2":"type-product","3":"status-publish","4":"has-post-thumbnail","6":"product_cat-filter-bag","7":"product_tag-industrial-bag-filter","8":"product_tag-inversafilterpurification","9":"product_tag-liquid-filtration-filter","10":"product_tag-stainless-bag-filter","11":"product_tag-stainless-steel-bag-filter","12":"product_tag-water-filter-locks","14":"first","15":"instock","16":"shipping-taxable","17":"product-type-simple"},"_links":{"self":[{"href":"https:\/\/lyfilter.com\/de\/wp-json\/wp\/v2\/product\/4913","targetHints":{"allow":["GET"]}}],"collection":[{"href":"https:\/\/lyfilter.com\/de\/wp-json\/wp\/v2\/product"}],"about":[{"href":"https:\/\/lyfilter.com\/de\/wp-json\/wp\/v2\/types\/product"}],"replies":[{"embeddable":true,"href":"https:\/\/lyfilter.com\/de\/wp-json\/wp\/v2\/comments?post=4913"}],"wp:featuredmedia":[{"embeddable":true,"href":"https:\/\/lyfilter.com\/de\/wp-json\/wp\/v2\/media\/4914"}],"wp:attachment":[{"href":"https:\/\/lyfilter.com\/de\/wp-json\/wp\/v2\/media?parent=4913"}],"wp:term":[{"taxonomy":"product_brand","embeddable":true,"href":"https:\/\/lyfilter.com\/de\/wp-json\/wp\/v2\/product_brand?post=4913"},{"taxonomy":"product_cat","embeddable":true,"href":"https:\/\/lyfilter.com\/de\/wp-json\/wp\/v2\/product_cat?post=4913"},{"taxonomy":"product_tag","embeddable":true,"href":"https:\/\/lyfilter.com\/de\/wp-json\/wp\/v2\/product_tag?post=4913"}],"curies":[{"name":"wp","href":"https:\/\/api.w.org\/{rel}","templated":true}]}}