{"id":4906,"date":"2026-04-07T03:59:36","date_gmt":"2026-04-07T03:59:36","guid":{"rendered":"https:\/\/lyfilter.com\/"},"modified":"2026-04-07T03:59:36","modified_gmt":"2026-04-07T03:59:36","slug":"factory-price-customize-size-stainless-steel-sintered-mesh-filter-element","status":"publish","type":"product","link":"https:\/\/lyfilter.com\/de\/factory-price-customize-size-stainless-steel-sintered-mesh-filter-element\/","title":{"rendered":"Fabrikpreis anpassen Gr\u00f6\u00dfe Edelstahl gesintert Mesh Filterelement"},"content":{"rendered":"<table>\n<thead>\n<tr>\n<th>Start Hafen<\/th>\n<th>Guangzhou<\/th>\n<th>Produktionskapazit\u00e4t<\/th>\n<th>10000 Einheiten\/Monat<\/th>\n<th>Ort der Herkunft<\/th>\n<th>Guangdong, China<\/th>\n<\/tr>\n<\/thead>\n<tbody>\n<tr>\n<td>Zahlung<\/td>\n<td>T\/T, Western Union, Alibaba Trade Assurance, paypal<\/td>\n<td>MOQ<\/td>\n<td>1 St\u00fcck<\/td>\n<td>Zertifizierung<\/td>\n<td>ISO 9001<\/td>\n<\/tr>\n<tr>\n<td>Marke<\/td>\n<td>OEM\/Lvyuan<\/td>\n<td><\/td>\n<td><\/td>\n<td><\/td>\n<td><\/td>\n<\/tr>\n<\/tbody>\n<\/table>\n<p>Dieses Filterelement aus gesintertem Edelstahlgewebe wurde f\u00fcr Filtrationsaufgaben entwickelt und zeichnet sich durch eine individuelle Gr\u00f6\u00dfe, eine starke Struktur und einen sauberen Durchfluss aus. InversaFilterPurification bietet zuverl\u00e4ssige Leistung und Wert f\u00fcr die t\u00e4gliche industrielle Arbeit und Nutzung.<\/p>","protected":false},"excerpt":{"rendered":"<div class=\"unit-detail-html-tabs__content-attr\">\n<div class=\"unit-product-attrparam\">\n<div class=\"unit-product-attrparam__items row\">\n<div class=\"col-12 col-md-6\">\n<div class=\"unit-product-attrparam__item\"><\/div>\n<\/div>\n<div class=\"col-12 col-md-6\">\n<div class=\"unit-product-attrparam__item\">\n<div class=\"unit-product-attrparam__value\" title=\"OEM\/ODM\">Das Sintergewebe aus rostfreiem Stahl <a href=\"https:\/\/lyfilter.com\/de\/products.html\/\">Filtereinsatz<\/a>ist die Verflechtung der Maschen eines jeden Drahtgeflechts zu einem einheitlichen und idealen Filtermaterial. Die Pr\u00e4zision des Filterelements aus gesintertem Gewebe ist gleichm\u00e4\u00dfig und stabil, mit hoher Festigkeit und Steifigkeit, und erfordert eine extrem hohe Druckfestigkeit und Filtrationsgenauigkeit. Es ist die ideale Wahl f\u00fcr Gelegenheiten, bei denen Gleichm\u00e4\u00dfigkeit erforderlich ist.<\/div>\n<\/div>\n<\/div>\n<\/div>\n<\/div>\n<\/div>\n<div class=\"unit-detail-html-tabs__content-html\">\n<p>\u00a0Anwendungsbereich des Sintergewebe-Filterelements: Pr\u00e4zisionsfiltration von Hydraulik\u00f6l und Schmier\u00f6l, Filtration von Erd\u00f6lindustrie, Abwasserfiltration, Zement, Bergbau, Metallurgie, Automobil, industrielle Umlaufwasserfiltration, Pr\u00e4zisionsfilter, R\u00fccksp\u00fclfilter und andere Ausr\u00fcstungsindustrien. Filtration von Materialien in der pharmazeutischen Industrie.<\/p>\n<\/div>","protected":false},"featured_media":4907,"comment_status":"open","ping_status":"closed","template":"","meta":{"_gspb_post_css":""},"product_brand":[],"product_cat":[18],"product_tag":[879,1390,1534,1884,1883,1136],"class_list":{"0":"post-4906","1":"product","2":"type-product","3":"status-publish","4":"has-post-thumbnail","6":"product_cat-sintered-metal-filters","7":"product_tag-custom-size-filter-element","8":"product_tag-industrial-mesh-filter","9":"product_tag-inversafilterpurification","10":"product_tag-sintered-mesh-filter-element","11":"product_tag-stainless-steel-sintered-mesh-filter","12":"product_tag-water-filter-locks","14":"first","15":"instock","16":"shipping-taxable","17":"product-type-simple"},"_links":{"self":[{"href":"https:\/\/lyfilter.com\/de\/wp-json\/wp\/v2\/product\/4906","targetHints":{"allow":["GET"]}}],"collection":[{"href":"https:\/\/lyfilter.com\/de\/wp-json\/wp\/v2\/product"}],"about":[{"href":"https:\/\/lyfilter.com\/de\/wp-json\/wp\/v2\/types\/product"}],"replies":[{"embeddable":true,"href":"https:\/\/lyfilter.com\/de\/wp-json\/wp\/v2\/comments?post=4906"}],"wp:featuredmedia":[{"embeddable":true,"href":"https:\/\/lyfilter.com\/de\/wp-json\/wp\/v2\/media\/4907"}],"wp:attachment":[{"href":"https:\/\/lyfilter.com\/de\/wp-json\/wp\/v2\/media?parent=4906"}],"wp:term":[{"taxonomy":"product_brand","embeddable":true,"href":"https:\/\/lyfilter.com\/de\/wp-json\/wp\/v2\/product_brand?post=4906"},{"taxonomy":"product_cat","embeddable":true,"href":"https:\/\/lyfilter.com\/de\/wp-json\/wp\/v2\/product_cat?post=4906"},{"taxonomy":"product_tag","embeddable":true,"href":"https:\/\/lyfilter.com\/de\/wp-json\/wp\/v2\/product_tag?post=4906"}],"curies":[{"name":"wp","href":"https:\/\/api.w.org\/{rel}","templated":true}]}}