{"id":4904,"date":"2026-04-07T03:53:35","date_gmt":"2026-04-07T03:53:35","guid":{"rendered":"https:\/\/lyfilter.com\/"},"modified":"2026-04-07T03:53:36","modified_gmt":"2026-04-07T03:53:36","slug":"lvyuan-affordable-filter-cartridge-manufacturers-for-sea-water","status":"publish","type":"product","link":"https:\/\/lyfilter.com\/de\/lvyuan-affordable-filter-cartridge-manufacturers-for-sea-water\/","title":{"rendered":"Lvyuan Erschwingliche Filterpatrone Hersteller f\u00fcr Meerwasser"},"content":{"rendered":"<table>\n<thead>\n<tr>\n<th>Ort der Herkunft<\/th>\n<th>China<\/th>\n<th>Markenname<\/th>\n<th>Lvyuan\/OEM<\/th>\n<th>Modellnummer<\/th>\n<th>LY-PLF-01<\/th>\n<\/tr>\n<\/thead>\n<tbody>\n<tr>\n<td>Leistung (W)<\/td>\n<td>0<\/td>\n<td>Spannung (V)<\/td>\n<td>0<\/td>\n<td>After-Sales-Service<\/td>\n<td>keine<\/td>\n<\/tr>\n<tr>\n<td>Garantie<\/td>\n<td>keine<\/td>\n<td>Typ<\/td>\n<td>Umkehrosmose<\/td>\n<td>Zertifizierung<\/td>\n<td>GS<\/td>\n<\/tr>\n<tr>\n<td>Verwenden Sie<\/td>\n<td>Haushalt Vorfiltrierung<\/td>\n<td>Anmeldung<\/td>\n<td>Auto, Wohnmobil, Outdoor, Hotel, Garage, Gewerbe, Haushalt<\/td>\n<td>Stromquelle<\/td>\n<td>Handbuch<\/td>\n<\/tr>\n<tr>\n<td>Name<\/td>\n<td>Ersatz-\u00d6lfiltereinsatz<\/td>\n<td>Material der Filtermembran<\/td>\n<td>PP\/PVDF\/PTFE\/PES\/Nylon<\/td>\n<td>L\u00e4nge<\/td>\n<td>5 \/ 10 \/ 20 \/ 30 \/ 40 \/ 50 \/ 60 Zoll<\/td>\n<\/tr>\n<tr>\n<td>Konvektor<\/td>\n<td>Fin\/222\/226\/215\/DOE\/Thread<\/td>\n<td>Mikron<\/td>\n<td>0.22\/0.5\/1\/3\/5\/10\/25\/50\/75\/100\/150<\/td>\n<td>Methode der Versiegelung<\/td>\n<td>Warmschmelzschwei\u00dfen<\/td>\n<\/tr>\n<tr>\n<td>Durchmesser<\/td>\n<td>70mm\/OEM<\/td>\n<td>Innerer Kern<\/td>\n<td>PP\/SS\/OEM<\/td>\n<td>MOQ<\/td>\n<td>Derzeit keine begrenzte<\/td>\n<\/tr>\n<tr>\n<td>Lieferf\u00e4higkeit<\/td>\n<td>5000 St\u00fcck\/St\u00fcck pro Woche<\/td>\n<td><\/td>\n<td><\/td>\n<td><\/td>\n<td><\/td>\n<\/tr>\n<\/tbody>\n<\/table>","protected":false},"excerpt":{"rendered":"<p>Diese erschwingliche Filterpatrone wurde f\u00fcr die Meerwasserfiltration entwickelt und unterst\u00fctzt einen sauberen Durchfluss, die Abscheidung von Feststoffpartikeln und eine gleichm\u00e4\u00dfige Nutzung. InversaFilterPurification tr\u00e4gt dazu bei, dass Meerwasseraufbereitungssysteme effizient, praktisch und einfach zu warten sind.<\/p>","protected":false},"featured_media":4905,"comment_status":"open","ping_status":"closed","template":"","meta":{"_gspb_post_css":""},"product_brand":[],"product_cat":[1202],"product_tag":[1882,1534,1099,1881,1293,1136],"class_list":{"0":"post-4904","1":"product","2":"type-product","3":"status-publish","4":"has-post-thumbnail","6":"product_cat-filter-cartridge","7":"product_tag-affordable-filter-cartridge","8":"product_tag-inversafilterpurification","9":"product_tag-liquid-filtration-cartridge","10":"product_tag-marine-water-filter","11":"product_tag-sea-water-filter-cartridge","12":"product_tag-water-filter-locks","14":"first","15":"instock","16":"shipping-taxable","17":"product-type-simple"},"_links":{"self":[{"href":"https:\/\/lyfilter.com\/de\/wp-json\/wp\/v2\/product\/4904","targetHints":{"allow":["GET"]}}],"collection":[{"href":"https:\/\/lyfilter.com\/de\/wp-json\/wp\/v2\/product"}],"about":[{"href":"https:\/\/lyfilter.com\/de\/wp-json\/wp\/v2\/types\/product"}],"replies":[{"embeddable":true,"href":"https:\/\/lyfilter.com\/de\/wp-json\/wp\/v2\/comments?post=4904"}],"wp:featuredmedia":[{"embeddable":true,"href":"https:\/\/lyfilter.com\/de\/wp-json\/wp\/v2\/media\/4905"}],"wp:attachment":[{"href":"https:\/\/lyfilter.com\/de\/wp-json\/wp\/v2\/media?parent=4904"}],"wp:term":[{"taxonomy":"product_brand","embeddable":true,"href":"https:\/\/lyfilter.com\/de\/wp-json\/wp\/v2\/product_brand?post=4904"},{"taxonomy":"product_cat","embeddable":true,"href":"https:\/\/lyfilter.com\/de\/wp-json\/wp\/v2\/product_cat?post=4904"},{"taxonomy":"product_tag","embeddable":true,"href":"https:\/\/lyfilter.com\/de\/wp-json\/wp\/v2\/product_tag?post=4904"}],"curies":[{"name":"wp","href":"https:\/\/api.w.org\/{rel}","templated":true}]}}