{"id":4876,"date":"2026-04-07T03:33:15","date_gmt":"2026-04-07T03:33:15","guid":{"rendered":"https:\/\/lyfilter.com\/"},"modified":"2026-04-07T03:33:15","modified_gmt":"2026-04-07T03:33:15","slug":"oem-odm-sintered-ss-filters-for-food","status":"publish","type":"product","link":"https:\/\/lyfilter.com\/de\/oem-odm-sintered-ss-filters-for-food\/","title":{"rendered":"OEM &amp; ODM gesinterte SS-Filter f\u00fcr Lebensmittel"},"content":{"rendered":"<table>\n<thead>\n<tr>\n<th>Service nach der Garantie<\/th>\n<th>Online-Unterst\u00fctzung<\/th>\n<th>Lokaler Dienstort<\/th>\n<th>keine<\/th>\n<th>Standort des Ausstellungsraums<\/th>\n<th>keine<\/th>\n<\/tr>\n<\/thead>\n<tbody>\n<tr>\n<td>Video-Ausgangsinspektion<\/td>\n<td>Zur Verf\u00fcgung gestellt<\/td>\n<td>Maschinen-Testbericht<\/td>\n<td>Zur Verf\u00fcgung gestellt<\/td>\n<td>Marketing-Typ<\/td>\n<td>Gew\u00f6hnliches Produkt<\/td>\n<\/tr>\n<tr>\n<td>Garantie f\u00fcr Kernkomponenten<\/td>\n<td>1 Jahr<\/td>\n<td>Kernkomponenten<\/td>\n<td>Druckbeh\u00e4lter<\/td>\n<td>Ort der Herkunft<\/td>\n<td>Guangdong, China<\/td>\n<\/tr>\n<tr>\n<td>Markenname<\/td>\n<td>Lvyuan\/OEM<\/td>\n<td>Garantie<\/td>\n<td>1 Jahr<\/td>\n<td>After-Sales-Service<\/td>\n<td>Online-Unterst\u00fctzung<\/td>\n<\/tr>\n<tr>\n<td>Schl\u00fcsselw\u00f6rter<\/td>\n<td>3\u2033,4\u2033 6\u2033 1,5,10,20 Mikron gesinterter Maschenfilter<\/td>\n<td>Durchmesser<\/td>\n<td>Nachfrage des Kunden<\/td>\n<td>Material<\/td>\n<td>rostfreier Stahl<\/td>\n<\/tr>\n<tr>\n<td>Form<\/td>\n<td>Zylinder<\/td>\n<td>Verwendung<\/td>\n<td>Wasseraufbereitung<\/td>\n<td>Anmeldung<\/td>\n<td>Industrie<\/td>\n<\/tr>\n<tr>\n<td>Farbe<\/td>\n<td>Band<\/td>\n<td>Verpacken<\/td>\n<td>Papierschachtel<\/td>\n<td>L\u00e4nge<\/td>\n<td>10\/20\/30\/40 Zoll<\/td>\n<\/tr>\n<tr>\n<td>Vorteil<\/td>\n<td>Wiederverwendung<\/td>\n<td>Lieferf\u00e4higkeit<\/td>\n<td>10000 St\u00fcck\/St\u00fcck pro Monat<\/td>\n<td><\/td>\n<td><\/td>\n<\/tr>\n<\/tbody>\n<\/table>","protected":false},"excerpt":{"rendered":"<p><b>Produkt\u00fcbersicht<\/b><\/p>\n<p>Dieser qualitativ zuverl\u00e4ssige und kosteneffiziente Sinterstahlfilter bietet eine hochwertige Beschichtungsl\u00f6sung. Er hat die Vorteile einer kompakten Struktur, einer einfachen Bedienung und einer hohen Produktivit\u00e4t. Es ist in kontinuierlichen und langfristigen Betrieb zur Verf\u00fcgung.\u00a0<a href=\"https:\/\/lyfilter.com\/de\/\">Lvyuan-Filter<\/a>\u00a0Sinter-SS-Filter werden nach der neuesten Technologie hergestellt. Das Produkt ist von hervorragender Qualit\u00e4t, ausgezeichneter Leistung und langer Lebensdauer. Sinter-SS-Filter sind weithin f\u00fcr das Schneiden und die tiefe Verarbeitung von industriellen Materialien in den folgenden Bereichen anwendbar: Dekoration, Luft- und Raumfahrt, Elektrizit\u00e4t, neue Energie, chemische Industrie, Automobilbau, und andere. Es ist bekannt, dass die gute Qualit\u00e4t der Sinterfilter die allgemeine Anerkennung der Kunden gewinnen kann.<\/p>\n<p>&nbsp;<\/p>\n<p><b>Produkt-Einf\u00fchrung<\/b><\/p>\n<p>Lvyuan Water Purification Equipment stellt Ihnen im folgenden Abschnitt die Details der Sintersinterfilter vor.<\/p>","protected":false},"featured_media":4880,"comment_status":"open","ping_status":"closed","template":"","meta":{"_gspb_post_css":""},"product_brand":[],"product_cat":[18],"product_tag":[1872,1137,1534,1871,1870,1410],"class_list":{"0":"post-4876","1":"product","2":"type-product","3":"status-publish","4":"has-post-thumbnail","6":"product_cat-sintered-metal-filters","7":"product_tag-food-filtration-filter","8":"product_tag-food-grade-filter","9":"product_tag-inversafilterpurification","10":"product_tag-odm-stainless-steel-filter","11":"product_tag-oem-sintered-filter","12":"product_tag-sintered-ss-filters","14":"first","15":"instock","16":"shipping-taxable","17":"product-type-simple"},"_links":{"self":[{"href":"https:\/\/lyfilter.com\/de\/wp-json\/wp\/v2\/product\/4876","targetHints":{"allow":["GET"]}}],"collection":[{"href":"https:\/\/lyfilter.com\/de\/wp-json\/wp\/v2\/product"}],"about":[{"href":"https:\/\/lyfilter.com\/de\/wp-json\/wp\/v2\/types\/product"}],"replies":[{"embeddable":true,"href":"https:\/\/lyfilter.com\/de\/wp-json\/wp\/v2\/comments?post=4876"}],"wp:featuredmedia":[{"embeddable":true,"href":"https:\/\/lyfilter.com\/de\/wp-json\/wp\/v2\/media\/4880"}],"wp:attachment":[{"href":"https:\/\/lyfilter.com\/de\/wp-json\/wp\/v2\/media?parent=4876"}],"wp:term":[{"taxonomy":"product_brand","embeddable":true,"href":"https:\/\/lyfilter.com\/de\/wp-json\/wp\/v2\/product_brand?post=4876"},{"taxonomy":"product_cat","embeddable":true,"href":"https:\/\/lyfilter.com\/de\/wp-json\/wp\/v2\/product_cat?post=4876"},{"taxonomy":"product_tag","embeddable":true,"href":"https:\/\/lyfilter.com\/de\/wp-json\/wp\/v2\/product_tag?post=4876"}],"curies":[{"name":"wp","href":"https:\/\/api.w.org\/{rel}","templated":true}]}}