{"id":4868,"date":"2026-04-07T03:29:50","date_gmt":"2026-04-07T03:29:50","guid":{"rendered":"https:\/\/lyfilter.com\/"},"modified":"2026-04-07T03:29:50","modified_gmt":"2026-04-07T03:29:50","slug":"in-stock-replaceable-filter-element-filters-for-liquid-water-filtration-housing","status":"publish","type":"product","link":"https:\/\/lyfilter.com\/de\/in-stock-replaceable-filter-element-filters-for-liquid-water-filtration-housing\/","title":{"rendered":"Auswechselbare Filterelemente auf Lager Filter f\u00fcr Fl\u00fcssigwasserfiltration Geh\u00e4use"},"content":{"rendered":"<table>\n<thead>\n<tr>\n<th>Ort der Herkunft<\/th>\n<th>China<\/th>\n<th>Markenname<\/th>\n<th>Lvyuan\/OEM<\/th>\n<th>Modellnummer<\/th>\n<th>LY-PLF-01<\/th>\n<\/tr>\n<\/thead>\n<tbody>\n<tr>\n<td>Leistung (W)<\/td>\n<td>0<\/td>\n<td>Spannung (V)<\/td>\n<td>0<\/td>\n<td>After-Sales-Service<\/td>\n<td>keine<\/td>\n<\/tr>\n<tr>\n<td>Garantie<\/td>\n<td>keine<\/td>\n<td>Typ<\/td>\n<td>Umkehrosmose<\/td>\n<td>Zertifizierung<\/td>\n<td>GS<\/td>\n<\/tr>\n<tr>\n<td>Verwenden Sie<\/td>\n<td>Haushalt Vorfiltrierung<\/td>\n<td>Anmeldung<\/td>\n<td>Auto, Wohnmobil, Outdoor, Hotel, Garage, Gewerbe, Haushalt<\/td>\n<td>Stromquelle<\/td>\n<td>Handbuch<\/td>\n<\/tr>\n<tr>\n<td>Name<\/td>\n<td>Filtereinsatz Filter<\/td>\n<td>Material der Filtermembran<\/td>\n<td>PP\/PVDF\/PTFE\/PES\/Nylon<\/td>\n<td>L\u00e4nge<\/td>\n<td>5 \/ 10 \/ 20 \/ 30 \/ 40 \/ 50 \/ 60 Zoll<\/td>\n<\/tr>\n<tr>\n<td>Konvektor<\/td>\n<td>Fin\/222\/226\/215\/DOE\/Thread<\/td>\n<td>Mikron<\/td>\n<td>0.22\/0.5\/1\/3\/5\/10\/25\/50\/75\/100\/150<\/td>\n<td>Methode der Versiegelung<\/td>\n<td>Warmschmelzschwei\u00dfen<\/td>\n<\/tr>\n<tr>\n<td>Durchmesser<\/td>\n<td>70mm\/OEM<\/td>\n<td>Innerer Kern<\/td>\n<td>PP\/SS\/OEM<\/td>\n<td>MOQ<\/td>\n<td>Derzeit keine begrenzte<\/td>\n<\/tr>\n<tr>\n<td>Lieferf\u00e4higkeit<\/td>\n<td>5000 St\u00fcck\/St\u00fcck pro Woche<\/td>\n<td><\/td>\n<td><\/td>\n<td><\/td>\n<td><\/td>\n<\/tr>\n<\/tbody>\n<\/table>","protected":false},"excerpt":{"rendered":"<p>Dieses vorr\u00e4tige und leicht austauschbare Filterelement unterst\u00fctzt das Geh\u00e4use der Fl\u00fcssigwasserfiltration mit sauberem Durchfluss und einfacher Pflege. InversaFilterPurification bietet zuverl\u00e4ssige Leistung, einfache Wartung und gleichm\u00e4\u00dfige Filtration f\u00fcr den t\u00e4glichen Gebrauch.<\/p>","protected":false},"featured_media":4870,"comment_status":"open","ping_status":"closed","template":"","meta":{"_gspb_post_css":""},"product_brand":[],"product_cat":[1202],"product_tag":[1868,1869,1534,1867,1866,93],"class_list":{"0":"post-4868","1":"product","2":"type-product","3":"status-publish","4":"has-post-thumbnail","6":"product_cat-filter-cartridge","7":"product_tag-filtration-housing-filter","8":"product_tag-in-stock-filter-element","9":"product_tag-inversafilterpurification","10":"product_tag-liquid-water-filtration","11":"product_tag-replaceable-filter-element","12":"product_tag-water-filter-housing","14":"first","15":"instock","16":"shipping-taxable","17":"product-type-simple"},"_links":{"self":[{"href":"https:\/\/lyfilter.com\/de\/wp-json\/wp\/v2\/product\/4868","targetHints":{"allow":["GET"]}}],"collection":[{"href":"https:\/\/lyfilter.com\/de\/wp-json\/wp\/v2\/product"}],"about":[{"href":"https:\/\/lyfilter.com\/de\/wp-json\/wp\/v2\/types\/product"}],"replies":[{"embeddable":true,"href":"https:\/\/lyfilter.com\/de\/wp-json\/wp\/v2\/comments?post=4868"}],"wp:featuredmedia":[{"embeddable":true,"href":"https:\/\/lyfilter.com\/de\/wp-json\/wp\/v2\/media\/4870"}],"wp:attachment":[{"href":"https:\/\/lyfilter.com\/de\/wp-json\/wp\/v2\/media?parent=4868"}],"wp:term":[{"taxonomy":"product_brand","embeddable":true,"href":"https:\/\/lyfilter.com\/de\/wp-json\/wp\/v2\/product_brand?post=4868"},{"taxonomy":"product_cat","embeddable":true,"href":"https:\/\/lyfilter.com\/de\/wp-json\/wp\/v2\/product_cat?post=4868"},{"taxonomy":"product_tag","embeddable":true,"href":"https:\/\/lyfilter.com\/de\/wp-json\/wp\/v2\/product_tag?post=4868"}],"curies":[{"name":"wp","href":"https:\/\/api.w.org\/{rel}","templated":true}]}}