{"id":4846,"date":"2026-04-07T03:16:32","date_gmt":"2026-04-07T03:16:32","guid":{"rendered":"https:\/\/lyfilter.com\/"},"modified":"2026-04-07T03:16:32","modified_gmt":"2026-04-07T03:16:32","slug":"industrial-ppf-water-cartridge-filter-big-blue-5-micron-polypropylene-spun-filter","status":"publish","type":"product","link":"https:\/\/lyfilter.com\/de\/industrial-ppf-water-cartridge-filter-big-blue-5-micron-polypropylene-spun-filter\/","title":{"rendered":"Industrielle PPF-Wasserkartuschenfilter Big Blue 5 Mikron Polypropylen Spinnfilter"},"content":{"rendered":"<table>\n<thead>\n<tr>\n<th>Feld<\/th>\n<th>Wert<\/th>\n<th>Feld<\/th>\n<th>Wert<\/th>\n<\/tr>\n<\/thead>\n<tbody>\n<tr>\n<td>Service nach der Garantie<\/td>\n<td>Online-Unterst\u00fctzung<\/td>\n<td>Lokaler Dienstort<\/td>\n<td>keine<\/td>\n<\/tr>\n<tr>\n<td>Standort des Ausstellungsraums<\/td>\n<td>keine<\/td>\n<td>Video-Ausgangsinspektion<\/td>\n<td>Zur Verf\u00fcgung gestellt<\/td>\n<\/tr>\n<tr>\n<td>Maschinen-Testbericht<\/td>\n<td>Zur Verf\u00fcgung gestellt<\/td>\n<td>Marketing-Typ<\/td>\n<td>Gew\u00f6hnliches Produkt<\/td>\n<\/tr>\n<tr>\n<td>Garantie f\u00fcr Kernkomponenten<\/td>\n<td>1 Jahr<\/td>\n<td>Kernkomponenten<\/td>\n<td>Druckbeh\u00e4lter<\/td>\n<\/tr>\n<tr>\n<td>Ort der Herkunft<\/td>\n<td>Guangdong, China<\/td>\n<td>Markenname<\/td>\n<td>LVYUAN\/OEM<\/td>\n<\/tr>\n<tr>\n<td>Garantie<\/td>\n<td>1 Jahr<\/td>\n<td>After-Sales-Service<\/td>\n<td>Online-Unterst\u00fctzung<\/td>\n<\/tr>\n<tr>\n<td>Name des Produkts<\/td>\n<td>PP-Spinnfilter<\/td>\n<td>Filter-Typ<\/td>\n<td>Rille, Pr\u00e4gung, Punkte, Firmenlogo<\/td>\n<\/tr>\n<tr>\n<td>\u00c4u\u00dferer Durchmesser<\/td>\n<td>10-200mm<\/td>\n<td>Genauigkeit<\/td>\n<td>1-100 Mikron<\/td>\n<\/tr>\n<tr>\n<td>Innendurchmesser<\/td>\n<td>OEM<\/td>\n<td>Filter-Adapter<\/td>\n<td>Flacher Typ, Typ 222, Typ 226, Typ215<\/td>\n<\/tr>\n<tr>\n<td>H\u00f6chste Temperatur<\/td>\n<td>80\u2103<\/td>\n<td>Arbeitsdruckabfall<\/td>\n<td>0,1kgf\/c\u33a1<\/td>\n<\/tr>\n<tr>\n<td>H\u00f6chstens eingeschlossen<\/td>\n<td>5kgf\/c\u33a1<\/td>\n<td>Maximaler Druckabfall<\/td>\n<td>3kgf\/c\u33a1<\/td>\n<\/tr>\n<\/tbody>\n<\/table>","protected":false},"excerpt":{"rendered":"<p>Dieser Big Blue 5-Mikron-Polypropylen-Spun-PPF-Wasserpatronenfilter wurde f\u00fcr die Kontrolle von Sedimenten entwickelt und hilft, Schmutz und Rost abzufangen, w\u00e4hrend er einen reibungslosen Durchfluss unterst\u00fctzt. Er ist eine kluge Wahl f\u00fcr industrielle Systeme, die Wert auf zuverl\u00e4ssige Filtration legen.<\/p>","protected":false},"featured_media":4850,"comment_status":"open","ping_status":"closed","template":"","meta":{"_gspb_post_css":""},"product_brand":[],"product_cat":[23],"product_tag":[1856,1854,334,1534,1855,1857],"class_list":{"0":"post-4846","1":"product","2":"type-product","3":"status-publish","4":"has-post-thumbnail","6":"product_cat-pp-filter-cartridge","7":"product_tag-5-micron-water-cartridge","8":"product_tag-big-blue-water-filter","9":"product_tag-industrial-water-filter","10":"product_tag-inversafilterpurification","11":"product_tag-polypropylene-spun-filter","12":"product_tag-ppf-sediment-filter","14":"first","15":"instock","16":"shipping-taxable","17":"product-type-simple"},"_links":{"self":[{"href":"https:\/\/lyfilter.com\/de\/wp-json\/wp\/v2\/product\/4846","targetHints":{"allow":["GET"]}}],"collection":[{"href":"https:\/\/lyfilter.com\/de\/wp-json\/wp\/v2\/product"}],"about":[{"href":"https:\/\/lyfilter.com\/de\/wp-json\/wp\/v2\/types\/product"}],"replies":[{"embeddable":true,"href":"https:\/\/lyfilter.com\/de\/wp-json\/wp\/v2\/comments?post=4846"}],"wp:featuredmedia":[{"embeddable":true,"href":"https:\/\/lyfilter.com\/de\/wp-json\/wp\/v2\/media\/4850"}],"wp:attachment":[{"href":"https:\/\/lyfilter.com\/de\/wp-json\/wp\/v2\/media?parent=4846"}],"wp:term":[{"taxonomy":"product_brand","embeddable":true,"href":"https:\/\/lyfilter.com\/de\/wp-json\/wp\/v2\/product_brand?post=4846"},{"taxonomy":"product_cat","embeddable":true,"href":"https:\/\/lyfilter.com\/de\/wp-json\/wp\/v2\/product_cat?post=4846"},{"taxonomy":"product_tag","embeddable":true,"href":"https:\/\/lyfilter.com\/de\/wp-json\/wp\/v2\/product_tag?post=4846"}],"curies":[{"name":"wp","href":"https:\/\/api.w.org\/{rel}","templated":true}]}}