{"id":4825,"date":"2026-04-07T02:53:16","date_gmt":"2026-04-07T02:53:16","guid":{"rendered":"https:\/\/lyfilter.com\/"},"modified":"2026-04-07T02:53:16","modified_gmt":"2026-04-07T02:53:16","slug":"cost-effective-activated-carbon-water-filtration-activated-carbon-water-filtration-company","status":"publish","type":"product","link":"https:\/\/lyfilter.com\/de\/cost-effective-activated-carbon-water-filtration-activated-carbon-water-filtration-company\/","title":{"rendered":"Kosteneffiziente Aktivkohle-Wasserfiltration Aktivkohle-Wasserfiltration Unternehmen"},"content":{"rendered":"<p><strong>Einf\u00fchrung<\/strong><\/p>\n<p>10\u2033 T33 Filterpatrone, ist aus Kokosnuss Schale Aktivkohle, kann Geruch zu entfernen und halten das Wasser frisch, hat verschiedene Farbe Shell, wie rot, blau, gelb und wei\u00df.Sie k\u00f6nnen selbst w\u00e4hlen.<\/p>\n<p>Die Filterpatrone T33 ist so konzipiert, dass sie direkt mit den Schl\u00e4uchen verbunden werden kann. Es ist sehr bequem f\u00fcr die Installation und den h\u00e4ufigen Austausch. Sie kann mit verschiedenen Filtermedien gef\u00fcllt werden, wie z. B. PP\u00a0<a href=\"https:\/\/lyfilter.com\/de\/sediment-filter.html\/\">Sedimentfilter<\/a>\u00a0Kartusche, granulierte Aktivkohle, Harz, Mineralstein usw., um den unterschiedlichen Anforderungen gerecht zu werden.<\/p>\n<table>\n<thead>\n<tr>\n<th>Feld<\/th>\n<th>Wert<\/th>\n<th>Feld<\/th>\n<th>Wert<\/th>\n<\/tr>\n<\/thead>\n<tbody>\n<tr>\n<td>Ort der Herkunft<\/td>\n<td>Guangdong, China<\/td>\n<td>Markenname<\/td>\n<td>Lvyuan\/OEM<\/td>\n<\/tr>\n<tr>\n<td>Leistung (W)<\/td>\n<td>0<\/td>\n<td>Spannung (V)<\/td>\n<td>0<\/td>\n<\/tr>\n<tr>\n<td>After-Sales-Service<\/td>\n<td>Installation vor Ort<\/td>\n<td>Garantie<\/td>\n<td>1 Jahr<\/td>\n<\/tr>\n<tr>\n<td>Typ<\/td>\n<td>Aktivkohle<\/td>\n<td>Zertifizierung<\/td>\n<td>ce, GS<\/td>\n<\/tr>\n<tr>\n<td>Verwenden Sie<\/td>\n<td>Haushalt Vorfiltrierung<\/td>\n<td>Anmeldung<\/td>\n<td>Hotel, Auto, Au\u00dfenbereich, Garage, Wohnmobil, Gewerbe, Haushalt<\/td>\n<\/tr>\n<tr>\n<td>Stromquelle<\/td>\n<td>Handbuch<\/td>\n<td>Wasserfilterpatrone<\/td>\n<td>T33<\/td>\n<\/tr>\n<tr>\n<td>Gr\u00f6\u00dfe<\/td>\n<td>50*255mm<\/td>\n<td>Material<\/td>\n<td>Aktivkohle aus Kokosnussschalen<\/td>\n<\/tr>\n<tr>\n<td>Funktion<\/td>\n<td>entfernt Ger\u00fcche, macht das Wasser frisch<\/td>\n<td>Nutzungsdauer<\/td>\n<td>3-6 Monate<\/td>\n<\/tr>\n<tr>\n<td>Lieferf\u00e4higkeit<\/td>\n<td>5000 St\u00fcck\/St\u00fcck pro Tag<\/td>\n<td><\/td>\n<td><\/td>\n<\/tr>\n<\/tbody>\n<\/table>\n<p><strong>Parameter<\/strong><\/p>\n<div class=\"table-responsive\">\n<table class=\"aliDataTable\" border=\"1\">\n<tbody>\n<tr>\n<td>Wasserfilterpatrone<\/td>\n<td>T33<\/td>\n<\/tr>\n<tr>\n<td>Gr\u00f6\u00dfe<\/td>\n<td>50\u00d7255mm oder 60\u00d7285mm<\/td>\n<\/tr>\n<tr>\n<td>Filtermedien<\/td>\n<td>Aktivkohle aus Kokosnussschalen<\/td>\n<\/tr>\n<tr>\n<td>Funktion<\/td>\n<td>entfernt Ger\u00fcche, macht das Wasser frisch<\/td>\n<\/tr>\n<tr>\n<td>Nutzungsdauer<\/td>\n<td>3-6 Monate<\/td>\n<\/tr>\n<\/tbody>\n<\/table>\n<\/div>","protected":false},"excerpt":{"rendered":"<p><b>Vorteile f\u00fcr das Unternehmen<\/b><\/p>\n<p>- Die Gestaltung von\u00a0<a href=\"https:\/\/lyfilter.com\/de\/\">Lvyuan-Filter<\/a>\u00a0Die Aktivkohle-Wasserfiltration ist aufwendig gestaltet und verbindet Funktionalit\u00e4t und \u00c4sthetik.<\/p>\n<p>- Zur Sicherstellung der Konsistenz und Qualit\u00e4t des Rohmaterials steht ein eigenes Labor zur Verf\u00fcgung.<\/p>\n<p>- Guangzhou Lvyuan Water Purification Equipment Co, Ltd. hat starke F\u00e4higkeit, feinste Aktivkohle-Wasserfiltration zu produzieren.<\/p>","protected":false},"featured_media":4826,"comment_status":"open","ping_status":"closed","template":"","meta":{"_gspb_post_css":""},"product_brand":[],"product_cat":[1339],"product_tag":[1845,1846,1847,1534,1849,1848],"class_list":{"0":"post-4825","1":"product","2":"type-product","3":"status-publish","4":"has-post-thumbnail","6":"product_cat-carbon-filter","7":"product_tag-activated-carbon-water-filtration","8":"product_tag-carbon-water-filter","9":"product_tag-cost-effective-water-filter","10":"product_tag-inversafilterpurification","11":"product_tag-odor-control-filter","12":"product_tag-water-filtration-company","14":"first","15":"instock","16":"shipping-taxable","17":"product-type-simple"},"_links":{"self":[{"href":"https:\/\/lyfilter.com\/de\/wp-json\/wp\/v2\/product\/4825","targetHints":{"allow":["GET"]}}],"collection":[{"href":"https:\/\/lyfilter.com\/de\/wp-json\/wp\/v2\/product"}],"about":[{"href":"https:\/\/lyfilter.com\/de\/wp-json\/wp\/v2\/types\/product"}],"replies":[{"embeddable":true,"href":"https:\/\/lyfilter.com\/de\/wp-json\/wp\/v2\/comments?post=4825"}],"wp:featuredmedia":[{"embeddable":true,"href":"https:\/\/lyfilter.com\/de\/wp-json\/wp\/v2\/media\/4826"}],"wp:attachment":[{"href":"https:\/\/lyfilter.com\/de\/wp-json\/wp\/v2\/media?parent=4825"}],"wp:term":[{"taxonomy":"product_brand","embeddable":true,"href":"https:\/\/lyfilter.com\/de\/wp-json\/wp\/v2\/product_brand?post=4825"},{"taxonomy":"product_cat","embeddable":true,"href":"https:\/\/lyfilter.com\/de\/wp-json\/wp\/v2\/product_cat?post=4825"},{"taxonomy":"product_tag","embeddable":true,"href":"https:\/\/lyfilter.com\/de\/wp-json\/wp\/v2\/product_tag?post=4825"}],"curies":[{"name":"wp","href":"https:\/\/api.w.org\/{rel}","templated":true}]}}