{"id":4806,"date":"2026-04-07T02:44:46","date_gmt":"2026-04-07T02:44:46","guid":{"rendered":"https:\/\/lyfilter.com\/"},"modified":"2026-04-07T02:44:46","modified_gmt":"2026-04-07T02:44:46","slug":"professional-ss-cartridge-filter-housing-suppliers-for-water-purification","status":"publish","type":"product","link":"https:\/\/lyfilter.com\/de\/professional-ss-cartridge-filter-housing-suppliers-for-water-purification\/","title":{"rendered":"Professionelle Ss-Patronenfiltergeh\u00e4use Lieferanten f\u00fcr Wasseraufbereitung"},"content":{"rendered":"<table>\n<thead>\n<tr>\n<th>Feld<\/th>\n<th>Wert<\/th>\n<th>Feld<\/th>\n<th>Wert<\/th>\n<\/tr>\n<\/thead>\n<tbody>\n<tr>\n<td>Ort der Herkunft<\/td>\n<td>Guangdong, China<\/td>\n<td>Markenname<\/td>\n<td>Lvyuan,OEM,ODM<\/td>\n<\/tr>\n<tr>\n<td>Material<\/td>\n<td>Edelstahl 304\/316<\/td>\n<td>Gewicht<\/td>\n<td>angepasst<\/td>\n<\/tr>\n<tr>\n<td>Gr\u00f6\u00dfe<\/td>\n<td>individuell, 10\u201d20\u201d30\u201d40\u201d<\/td>\n<td>Strom<\/td>\n<td>angepasst<\/td>\n<\/tr>\n<tr>\n<td>Garantie<\/td>\n<td>1 Jahr<\/td>\n<td>After-Sales-Service<\/td>\n<td>Online-Unterst\u00fctzung<\/td>\n<\/tr>\n<tr>\n<td>Merkmal<\/td>\n<td>Fl\u00fcssigkeit kl\u00e4ren<\/td>\n<td>Zertifizierung<\/td>\n<td>SGS<\/td>\n<\/tr>\n<tr>\n<td>Form<\/td>\n<td>Zylinder<\/td>\n<td>Verwendung<\/td>\n<td>Wasseraufbereitung<\/td>\n<\/tr>\n<tr>\n<td>Anmeldung<\/td>\n<td>Industrie<\/td>\n<td>Oberfl\u00e4che<\/td>\n<td>poliert\/verspiegelt<\/td>\n<\/tr>\n<tr>\n<td>Modell<\/td>\n<td>LY-FL-SF<\/td>\n<td>Rohmaterial<\/td>\n<td>rostfreier Stahl<\/td>\n<\/tr>\n<tr>\n<td>Farbe<\/td>\n<td>Silber<\/td>\n<td>Lieferf\u00e4higkeit<\/td>\n<td>5000 St\u00fcck\/St\u00fcck pro Woche<\/td>\n<\/tr>\n<\/tbody>\n<\/table>","protected":false},"excerpt":{"rendered":"<p><b>Vorteile f\u00fcr das Unternehmen<\/b><br \/>\n<b>1.<\/b>\u00a0Die Materialbedarfsplanung (MRP) ist einer der wichtigsten Faktoren bei Lvyuan 5 micron\u00a0<a href=\"https:\/\/lyfilter.com\/de\/stainless-steel-filter-housing.html\/\">Wasserfiltergeh\u00e4use<\/a>\u00a0Produktion. Die f\u00fcr das Produkt verwendeten Materialien m\u00fcssen auf ihre Festigkeit, mechanischen Eigenschaften und Haltbarkeit gepr\u00fcft werden. Es hat eine erh\u00f6hte Schmutzaufnahmekapazit\u00e4t und eine l\u00e4ngere Lebensdauer<br \/>\n<b>2.<\/b>\u00a0Einige unserer Kunden, die dieses Produkt vor 3 Jahren gekauft haben, berichten, dass das Produkt sehr verschlei\u00dffest ist und auch nach so langer Zeit noch wie neu aussieht. Die innere St\u00fctzschicht ist eng mit dem Filtermaterial verbunden, wodurch es eine hohe Sto\u00dffestigkeit aufweist<br \/>\n<b>3.<\/b>\u00a0Ein Qualit\u00e4tssicherungssystem wird eingerichtet, um die Einhaltung der Anforderungen der Normen nachzuweisen. Die selbsttragende Fasermatrix erm\u00f6glicht ein kernloses Design, das sowohl wirtschaftlich als auch stabil ist<br \/>\n<b>4.<\/b>\u00a0Unser QC-Team wendet ein strenges Qualit\u00e4tskontrollsystem und eine perfekte \u00dcberwachungsmethode an. Es hat eine Vielzahl von Anwendungen in den Bereichen Industrie, chemische Prozesse, Lebensmittel und Getr\u00e4nke, Kosmetik und Wasser gefunden.<\/p>","protected":false},"featured_media":4814,"comment_status":"open","ping_status":"closed","template":"","meta":{"_gspb_post_css":""},"product_brand":[],"product_cat":[1245],"product_tag":[1701,1264,1534,1840,34,1703],"class_list":{"0":"post-4806","1":"product","2":"type-product","3":"status-publish","4":"has-post-thumbnail","6":"product_cat-stainless-steel-cartridge-filter-housing","7":"product_tag-cartridge-filter-housing","8":"product_tag-industrial-water-filter-housing","9":"product_tag-inversafilterpurification","10":"product_tag-ss-filter-housing-supplier","11":"product_tag-stainless-steel-filter-housing","12":"product_tag-water-purification-housing","14":"first","15":"instock","16":"shipping-taxable","17":"product-type-simple"},"_links":{"self":[{"href":"https:\/\/lyfilter.com\/de\/wp-json\/wp\/v2\/product\/4806","targetHints":{"allow":["GET"]}}],"collection":[{"href":"https:\/\/lyfilter.com\/de\/wp-json\/wp\/v2\/product"}],"about":[{"href":"https:\/\/lyfilter.com\/de\/wp-json\/wp\/v2\/types\/product"}],"replies":[{"embeddable":true,"href":"https:\/\/lyfilter.com\/de\/wp-json\/wp\/v2\/comments?post=4806"}],"wp:featuredmedia":[{"embeddable":true,"href":"https:\/\/lyfilter.com\/de\/wp-json\/wp\/v2\/media\/4814"}],"wp:attachment":[{"href":"https:\/\/lyfilter.com\/de\/wp-json\/wp\/v2\/media?parent=4806"}],"wp:term":[{"taxonomy":"product_brand","embeddable":true,"href":"https:\/\/lyfilter.com\/de\/wp-json\/wp\/v2\/product_brand?post=4806"},{"taxonomy":"product_cat","embeddable":true,"href":"https:\/\/lyfilter.com\/de\/wp-json\/wp\/v2\/product_cat?post=4806"},{"taxonomy":"product_tag","embeddable":true,"href":"https:\/\/lyfilter.com\/de\/wp-json\/wp\/v2\/product_tag?post=4806"}],"curies":[{"name":"wp","href":"https:\/\/api.w.org\/{rel}","templated":true}]}}