{"id":4795,"date":"2026-04-07T02:35:17","date_gmt":"2026-04-07T02:35:17","guid":{"rendered":"https:\/\/lyfilter.com\/"},"modified":"2026-04-07T02:35:17","modified_gmt":"2026-04-07T02:35:17","slug":"lvyuan-newest-sintered-cartridge-filter-wholesale-for-desalination","status":"publish","type":"product","link":"https:\/\/lyfilter.com\/de\/lvyuan-newest-sintered-cartridge-filter-wholesale-for-desalination\/","title":{"rendered":"Lvyuan Neueste gesinterte Patronenfilter Gro\u00dfhandel f\u00fcr Entsalzung"},"content":{"rendered":"<p>Dieser Lvyuan-Sinterkartuschenfilter wurde f\u00fcr den Einsatz in Entsalzungsanlagen entwickelt und bietet eine zuverl\u00e4ssige Partikelr\u00fcckhaltung, einen stabilen Durchfluss und eine lange Lebensdauer. Er ist eine praktische Wahl im Gro\u00dfhandel f\u00fcr Wasseraufbereitungssysteme, die eine gleichm\u00e4\u00dfige Leistung ben\u00f6tigen.<\/p>","protected":false},"excerpt":{"rendered":"<table>\n<thead>\n<tr>\n<th>Feld<\/th>\n<th>Wert<\/th>\n<th>Feld<\/th>\n<th>Wert<\/th>\n<\/tr>\n<\/thead>\n<tbody>\n<tr>\n<td>Service nach der Garantie<\/td>\n<td>Online-Unterst\u00fctzung<\/td>\n<td>Lokaler Dienstort<\/td>\n<td>keine<\/td>\n<\/tr>\n<tr>\n<td>Standort des Ausstellungsraums<\/td>\n<td>keine<\/td>\n<td>Ort der Herkunft<\/td>\n<td>Guangdong, China<\/td>\n<\/tr>\n<tr>\n<td>Markenname<\/td>\n<td>Lvyuan oder OEM\/ ODM<\/td>\n<td>Material<\/td>\n<td>Kokosnusskohle, Kokosnusskohle, Kohlekohle<\/td>\n<\/tr>\n<tr>\n<td>Gewicht<\/td>\n<td>angepasst<\/td>\n<td>Gr\u00f6\u00dfe<\/td>\n<td>kundenspezifisch, kundenspezifisch<\/td>\n<\/tr>\n<tr>\n<td>Strom<\/td>\n<td>0<\/td>\n<td>Garantie<\/td>\n<td>Nicht verf\u00fcgbar<\/td>\n<\/tr>\n<tr>\n<td>Schl\u00fcsselw\u00f6rter<\/td>\n<td>Filterpatrone Kokosnuss-Aktivkohle<\/td>\n<td>After-Sales-Service<\/td>\n<td>Online-Unterst\u00fctzung<\/td>\n<\/tr>\n<tr>\n<td>Merkmal<\/td>\n<td>Geruch, Sediment, Geruch, etc. entfernen<\/td>\n<td>Anmeldung<\/td>\n<td>Vorfiltrierung<\/td>\n<\/tr>\n<tr>\n<td>Farbe<\/td>\n<td>Schwarz\/Grau<\/td>\n<td>Typ<\/td>\n<td>Wasserfilterteile<\/td>\n<\/tr>\n<tr>\n<td>Durchmesser<\/td>\n<td>angepasst<\/td>\n<td>Mikron-Rate<\/td>\n<td>5\/10\/25 Mikron<\/td>\n<\/tr>\n<tr>\n<td>Lieferf\u00e4higkeit<\/td>\n<td>500 St\u00fcck\/St\u00fcck pro Woche<\/td>\n<td><\/td>\n<td><\/td>\n<\/tr>\n<\/tbody>\n<\/table>","protected":false},"featured_media":4797,"comment_status":"open","ping_status":"closed","template":"","meta":{"_gspb_post_css":""},"product_brand":[],"product_cat":[1205],"product_tag":[1244,1157,1534,1836,321,1184],"class_list":{"0":"post-4795","1":"product","2":"type-product","3":"status-publish","4":"has-post-thumbnail","6":"product_cat-stainless-steel-sintered-filter-cartridge","7":"product_tag-desalination-filter-cartridge","8":"product_tag-industrial-filtration-solution","9":"product_tag-inversafilterpurification","10":"product_tag-lvyuan-sintered-cartridge-filter","11":"product_tag-water-treatment-cartridge","12":"product_tag-wholesale-water-filter","14":"first","15":"instock","16":"shipping-taxable","17":"product-type-simple"},"_links":{"self":[{"href":"https:\/\/lyfilter.com\/de\/wp-json\/wp\/v2\/product\/4795","targetHints":{"allow":["GET"]}}],"collection":[{"href":"https:\/\/lyfilter.com\/de\/wp-json\/wp\/v2\/product"}],"about":[{"href":"https:\/\/lyfilter.com\/de\/wp-json\/wp\/v2\/types\/product"}],"replies":[{"embeddable":true,"href":"https:\/\/lyfilter.com\/de\/wp-json\/wp\/v2\/comments?post=4795"}],"wp:featuredmedia":[{"embeddable":true,"href":"https:\/\/lyfilter.com\/de\/wp-json\/wp\/v2\/media\/4797"}],"wp:attachment":[{"href":"https:\/\/lyfilter.com\/de\/wp-json\/wp\/v2\/media?parent=4795"}],"wp:term":[{"taxonomy":"product_brand","embeddable":true,"href":"https:\/\/lyfilter.com\/de\/wp-json\/wp\/v2\/product_brand?post=4795"},{"taxonomy":"product_cat","embeddable":true,"href":"https:\/\/lyfilter.com\/de\/wp-json\/wp\/v2\/product_cat?post=4795"},{"taxonomy":"product_tag","embeddable":true,"href":"https:\/\/lyfilter.com\/de\/wp-json\/wp\/v2\/product_tag?post=4795"}],"curies":[{"name":"wp","href":"https:\/\/api.w.org\/{rel}","templated":true}]}}