{"id":4770,"date":"2026-04-07T02:21:09","date_gmt":"2026-04-07T02:21:09","guid":{"rendered":"https:\/\/lyfilter.com\/"},"modified":"2026-04-07T02:21:09","modified_gmt":"2026-04-07T02:21:09","slug":"factory-polypropylene-blown-water-purification-5-micron-filters-pp-sediment-cartridge-filter-2","status":"publish","type":"product","link":"https:\/\/lyfilter.com\/de\/factory-polypropylene-blown-water-purification-5-micron-filters-pp-sediment-cartridge-filter-2\/","title":{"rendered":"Fabrik Polypropylen geblasen Wasseraufbereitung 5 Mikron Filter PP Sediment Patrone Filter"},"content":{"rendered":"<p>Dieser aus Polypropylen geblasene 5-Mikron-Sedimentfilter wurde f\u00fcr eine zuverl\u00e4ssige t\u00e4gliche Filterung entwickelt und h\u00e4lt Schmutz, Rost und feine Partikel zur\u00fcck, w\u00e4hrend er einen gleichm\u00e4\u00dfigen Wasserfluss unterst\u00fctzt. Eine praktische Wahl f\u00fcr sauberes Wasser und einfachen Austausch.<\/p>","protected":false},"excerpt":{"rendered":"<table>\n<thead>\n<tr>\n<th>Feld<\/th>\n<th>Wert<\/th>\n<th>Feld<\/th>\n<th>Wert<\/th>\n<\/tr>\n<\/thead>\n<tbody>\n<tr>\n<td>Ort der Herkunft<\/td>\n<td>Guangdong, China<\/td>\n<td>Markenname<\/td>\n<td>Lvyuan \/ OEM<\/td>\n<\/tr>\n<tr>\n<td>Material<\/td>\n<td>Polypropylen<\/td>\n<td>Gewicht<\/td>\n<td>h\u00e4ngt<\/td>\n<\/tr>\n<tr>\n<td>Gr\u00f6\u00dfe<\/td>\n<td>Standard oder Individualisierung<\/td>\n<td>Strom<\/td>\n<td>0<\/td>\n<\/tr>\n<tr>\n<td>Garantie<\/td>\n<td>Nicht verf\u00fcgbar<\/td>\n<td>Name des Produkts<\/td>\n<td>PP-Sedimentfilter<\/td>\n<\/tr>\n<tr>\n<td>Mikron Rate<\/td>\n<td>1\/3\/5\/10\/25\/50\/75\/100 Mikron Filterpatrone<\/td>\n<td>Zertifizierung<\/td>\n<td>CE SGS<\/td>\n<\/tr>\n<tr>\n<td>Anmeldung<\/td>\n<td>Wasserfilterteile, Umkehrosmose<\/td>\n<td>L\u00e4nge<\/td>\n<td>5\u2033, 10\u2033, 20\u2033, 30\u2033, 40\u2033, 50\u201d Zoll<\/td>\n<\/tr>\n<tr>\n<td>Filtermedien<\/td>\n<td>Polypropylen PP gesponnen<\/td>\n<td>Endkappe<\/td>\n<td>DOE\/222Fin\/226Fin\/222Flat\/226Flat<\/td>\n<\/tr>\n<tr>\n<td>Material der Dichtung\/des Rings<\/td>\n<td>Silizium\/EPDM\/Viton<\/td>\n<td>Verwendung<\/td>\n<td>Fl\u00fcssigkeit Patronenfilter<\/td>\n<\/tr>\n<tr>\n<td>Innerer Kern<\/td>\n<td>PP, rostfreier Stahl, keine<\/td>\n<td>After-Sales-Service<\/td>\n<td>Online-Unterst\u00fctzung<\/td>\n<\/tr>\n<tr>\n<td>Lieferf\u00e4higkeit<\/td>\n<td>5000 St\u00fcck\/St\u00fcck pro Tag 5 Micron PP Filter<\/td>\n<td><\/td>\n<td><\/td>\n<\/tr>\n<\/tbody>\n<\/table>","protected":false},"featured_media":4773,"comment_status":"open","ping_status":"closed","template":"","meta":{"_gspb_post_css":""},"product_brand":[],"product_cat":[23],"product_tag":[1172,1534,1828,1829,1830,773],"class_list":{"0":"post-4770","1":"product","2":"type-product","3":"status-publish","4":"has-post-thumbnail","6":"product_cat-pp-filter-cartridge","7":"product_tag-5-micron-cartridge-filter","8":"product_tag-inversafilterpurification","9":"product_tag-polypropylene-sediment-filter","10":"product_tag-pp-blown-water-filter","11":"product_tag-sediment-water-filter-replacement","12":"product_tag-water-purification-cartridge","14":"first","15":"instock","16":"shipping-taxable","17":"product-type-simple"},"_links":{"self":[{"href":"https:\/\/lyfilter.com\/de\/wp-json\/wp\/v2\/product\/4770","targetHints":{"allow":["GET"]}}],"collection":[{"href":"https:\/\/lyfilter.com\/de\/wp-json\/wp\/v2\/product"}],"about":[{"href":"https:\/\/lyfilter.com\/de\/wp-json\/wp\/v2\/types\/product"}],"replies":[{"embeddable":true,"href":"https:\/\/lyfilter.com\/de\/wp-json\/wp\/v2\/comments?post=4770"}],"wp:featuredmedia":[{"embeddable":true,"href":"https:\/\/lyfilter.com\/de\/wp-json\/wp\/v2\/media\/4773"}],"wp:attachment":[{"href":"https:\/\/lyfilter.com\/de\/wp-json\/wp\/v2\/media?parent=4770"}],"wp:term":[{"taxonomy":"product_brand","embeddable":true,"href":"https:\/\/lyfilter.com\/de\/wp-json\/wp\/v2\/product_brand?post=4770"},{"taxonomy":"product_cat","embeddable":true,"href":"https:\/\/lyfilter.com\/de\/wp-json\/wp\/v2\/product_cat?post=4770"},{"taxonomy":"product_tag","embeddable":true,"href":"https:\/\/lyfilter.com\/de\/wp-json\/wp\/v2\/product_tag?post=4770"}],"curies":[{"name":"wp","href":"https:\/\/api.w.org\/{rel}","templated":true}]}}