{"id":4768,"date":"2026-04-07T02:18:15","date_gmt":"2026-04-07T02:18:15","guid":{"rendered":"https:\/\/lyfilter.com\/"},"modified":"2026-04-07T02:18:15","modified_gmt":"2026-04-07T02:18:15","slug":"professional-sintered-cartridge-filter-wholesale-for-desalination","status":"publish","type":"product","link":"https:\/\/lyfilter.com\/de\/professional-sintered-cartridge-filter-wholesale-for-desalination\/","title":{"rendered":"Professionelle gesinterte Patronenfilter Gro\u00dfhandel f\u00fcr Entsalzung"},"content":{"rendered":"<p><b>Vorteile f\u00fcr das Unternehmen<\/b><br \/>\n<b>1.<\/b>\u00a0Lvyuan Aktivkohle\u00a0<a href=\"https:\/\/lyfilter.com\/de\/products.html\/\">Filtereinsatz<\/a>\u00a0ist mit einer Reihe von Schutzsystemen ausgestattet. Er ist mit einem \u00dcberdruck-, \u00dcberlast-, Stromkreis- und Spannungsverlustschutz ausgestattet. Das Filtermedium ist je nach der unterschiedlichen Wasserqualit\u00e4t in der Anwendung anpassbar.<br \/>\n<b>2.<\/b>\u00a0Dieses Produkt kann den Kunden erhebliche wirtschaftliche Vorteile bringen und wird auf dem Markt immer beliebter. Es enth\u00e4lt keine Bindemittel, Mittel, L\u00f6sungsmittel, antistatische Materialien oder Netzmittel<br \/>\n<b>3.<\/b>\u00a0Wir verf\u00fcgen \u00fcber ein professionelles Labor, um die hohe Qualit\u00e4t dieses Produkts zu gew\u00e4hrleisten. Es hat eine Vielzahl von Anwendungen in den Bereichen Industrie, chemische Prozesse, Lebensmittel und Getr\u00e4nke, Kosmetik und Wasser gefunden.<br \/>\n<b>4.<\/b>\u00a0Das QC-Team wendet professionelle Qualit\u00e4tsstandards an, um die Qualit\u00e4t dieses Produkts zu gew\u00e4hrleisten. Es gibt eine gro\u00dfe Auswahl an L\u00e4ngen f\u00fcr Standard- und Full-Flow-Geh\u00e4use<br \/>\n<b>5.<\/b>\u00a0Die Inspektion und Kontrolle werden mehrfach verst\u00e4rkt, um die Qualit\u00e4t zu gew\u00e4hrleisten. Aufgrund seiner breiten chemischen Kompatibilit\u00e4t ist es f\u00fcr die Verwendung mit w\u00e4ssrigen und organischen L\u00f6sungsmittelproben geeignet<\/p>\n<h3 class=\"do-entry-title\">Verpackung und Lieferung<\/h3>\n<div class=\"do-entry-list\">\n<dl class=\"do-entry-item\">\n<dt class=\"do-entry-item-key\">Verkaufen von Einheiten:<\/dt>\n<dd class=\"do-entry-item-val\">Einzelnes Element<\/dd>\n<\/dl>\n<dl class=\"do-entry-item\">\n<dt class=\"do-entry-item-key\" title=\"Gr\u00f6\u00dfe der Einzelverpackung:\">Gr\u00f6\u00dfe der Einzelverpackung:<\/dt>\n<dd class=\"do-entry-item-val\">6,5X2,8X25 cm<\/dd>\n<\/dl>\n<dl class=\"do-entry-item\">\n<dt class=\"do-entry-item-key\" title=\"Einfaches Bruttogewicht:\">Einfaches Bruttogewicht:<\/dt>\n<dd class=\"do-entry-item-val\">0,500 kg<\/dd>\n<\/dl>\n<dl class=\"do-entry-item\">\n<dt class=\"do-entry-item-key\">Verpackungsart:<\/dt>\n<dd class=\"do-entry-item-val pkg-method\">Sinterkohleprodukte fester CTO-Wasserfilter Aktivkohle aus Kokosnussschalen 25 Mikron Blockkohlefilter: 53x33x33cm, 64x33x33cm<\/dd>\n<\/dl>\n<dl class=\"do-entry-item\">\n<dt class=\"do-entry-item-key\" title=\"Vorlaufzeit\">Vorlaufzeit\u00a0<i class=\"next-icon next-icon-help next-icon-xs js-leadtimes-tips\"><\/i>:<\/dt>\n<dd class=\"do-entry-item-val\" title=\"Vorlaufzeit\">\n<div class=\"table-responsive\">\n<table class=\"supply-ability-table ui2-table ui2-table-normal ui2-table-zebra ui2-table-hover\">\n<tbody>\n<tr>\n<td>Menge (St\u00fcck)<\/td>\n<td>1 - 100<\/td>\n<td>101 - 500<\/td>\n<td>501 - 5000<\/td>\n<td>&gt;5000<\/td>\n<\/tr>\n<tr>\n<td>Gesch\u00e4tzte Zeit(Tage)<\/td>\n<td>3<\/td>\n<td>5<\/td>\n<td>10<\/td>\n<td>Noch zu verhandeln<\/td>\n<\/tr>\n<\/tbody>\n<\/table>\n<\/div>\n<\/dd>\n<\/dl>\n<\/div>","protected":false},"excerpt":{"rendered":"<table>\n<thead>\n<tr>\n<th>Feld<\/th>\n<th>Wert<\/th>\n<th>Feld<\/th>\n<th>Wert<\/th>\n<\/tr>\n<\/thead>\n<tbody>\n<tr>\n<td>Ort der Herkunft<\/td>\n<td>Guangdong, China<\/td>\n<td>Markenname<\/td>\n<td>OEM\/LVYUAN<\/td>\n<\/tr>\n<tr>\n<td>Modellnummer<\/td>\n<td>LY-CBF<\/td>\n<td>Leistung (W)<\/td>\n<td>0<\/td>\n<\/tr>\n<tr>\n<td>Spannung (V)<\/td>\n<td>0<\/td>\n<td>After-Sales-Service<\/td>\n<td>keine, Online-Unterst\u00fctzung<\/td>\n<\/tr>\n<tr>\n<td>Garantie<\/td>\n<td>keine<\/td>\n<td>Typ<\/td>\n<td>Aktivkohle<\/td>\n<\/tr>\n<tr>\n<td>Verwenden Sie<\/td>\n<td>Haushalt Vorfiltrierung<\/td>\n<td>Anmeldung<\/td>\n<td>Hotel, Auto, Au\u00dfenbereich, Garage, Wohnmobil, Gewerbe, Haushalt<\/td>\n<\/tr>\n<tr>\n<td>Stromquelle<\/td>\n<td>Batterie, usb, Elektrisch, Gas, Solar, Manuell, Fahrzeugstromversorgung<\/td>\n<td>Produktname<\/td>\n<td>Ein Kokosnussschalen-Kohlefilter mit 25 Mikron Blockkohle<\/td>\n<\/tr>\n<tr>\n<td>Material<\/td>\n<td>Gesinterte Aktivkohle aus Kokosnuss<\/td>\n<td>L\u00e4nge<\/td>\n<td>10-1050mm<\/td>\n<\/tr>\n<tr>\n<td>OD<\/td>\n<td>14-121mm<\/td>\n<td>ID<\/td>\n<td>6-50mm<\/td>\n<\/tr>\n<tr>\n<td>Mikron-Rate<\/td>\n<td>0,5-20um<\/td>\n<td>Jodzahl<\/td>\n<td>bis zu 1000<\/td>\n<\/tr>\n<tr>\n<td>Durchflussmenge<\/td>\n<td>\u2264300L\/h<\/td>\n<td><\/td>\n<td><\/td>\n<\/tr>\n<\/tbody>\n<\/table>","protected":false},"featured_media":4769,"comment_status":"open","ping_status":"closed","template":"","meta":{"_gspb_post_css":""},"product_brand":[],"product_cat":[1205],"product_tag":[1244,1826,1534,1827,1825,1184],"class_list":{"0":"post-4768","1":"product","2":"type-product","3":"status-publish","4":"has-post-thumbnail","6":"product_cat-stainless-steel-sintered-filter-cartridge","7":"product_tag-desalination-filter-cartridge","8":"product_tag-industrial-cartridge-filter","9":"product_tag-inversafilterpurification","10":"product_tag-professional-filtration-solution","11":"product_tag-sintered-cartridge-filter","12":"product_tag-wholesale-water-filter","14":"first","15":"instock","16":"shipping-taxable","17":"product-type-simple"},"_links":{"self":[{"href":"https:\/\/lyfilter.com\/de\/wp-json\/wp\/v2\/product\/4768","targetHints":{"allow":["GET"]}}],"collection":[{"href":"https:\/\/lyfilter.com\/de\/wp-json\/wp\/v2\/product"}],"about":[{"href":"https:\/\/lyfilter.com\/de\/wp-json\/wp\/v2\/types\/product"}],"replies":[{"embeddable":true,"href":"https:\/\/lyfilter.com\/de\/wp-json\/wp\/v2\/comments?post=4768"}],"wp:featuredmedia":[{"embeddable":true,"href":"https:\/\/lyfilter.com\/de\/wp-json\/wp\/v2\/media\/4769"}],"wp:attachment":[{"href":"https:\/\/lyfilter.com\/de\/wp-json\/wp\/v2\/media?parent=4768"}],"wp:term":[{"taxonomy":"product_brand","embeddable":true,"href":"https:\/\/lyfilter.com\/de\/wp-json\/wp\/v2\/product_brand?post=4768"},{"taxonomy":"product_cat","embeddable":true,"href":"https:\/\/lyfilter.com\/de\/wp-json\/wp\/v2\/product_cat?post=4768"},{"taxonomy":"product_tag","embeddable":true,"href":"https:\/\/lyfilter.com\/de\/wp-json\/wp\/v2\/product_tag?post=4768"}],"curies":[{"name":"wp","href":"https:\/\/api.w.org\/{rel}","templated":true}]}}