{"id":4765,"date":"2026-04-07T02:15:25","date_gmt":"2026-04-07T02:15:25","guid":{"rendered":"https:\/\/lyfilter.com\/"},"modified":"2026-04-07T02:15:25","modified_gmt":"2026-04-07T02:15:25","slug":"high-flow-water-filter-replacement-cartridge-oem-lvyuan-lvyuan-filter","status":"publish","type":"product","link":"https:\/\/lyfilter.com\/de\/high-flow-water-filter-replacement-cartridge-oem-lvyuan-lvyuan-filter\/","title":{"rendered":"High Flow Wasserfilter Ersatzpatrone OEM\/Lvyuan - - Lvyuan Filter"},"content":{"rendered":"<p><b>Vorteile f\u00fcr das Unternehmen<\/b><\/p>\n<p>- Das Angebot\u00a0<a href=\"https:\/\/lyfilter.com\/de\/\">Lvyuan-Filter<\/a>\u00a0High-Flow-Wasserfilter-Ersatzpatrone wird unter Verwendung von Rohstoffen bester Qualit\u00e4t und in \u00dcbereinstimmung mit den Industrienormen hergestellt.<\/p>\n<p>- Unsere engagierten und geschulten Qualit\u00e4tskontrolleure pr\u00fcfen das Produkt bei jedem Produktionsschritt sorgf\u00e4ltig, um sicherzustellen, dass es eine au\u00dfergew\u00f6hnliche Qualit\u00e4t ohne jeden Mangel aufweist.<\/p>\n<p>- Das Produkt ist auf dem Markt recht wettbewerbsf\u00e4hig und kann in vielen Bereichen eingesetzt werden.<\/p>","protected":false},"excerpt":{"rendered":"<table>\n<thead>\n<tr>\n<th>Feld<\/th>\n<th>Wert<\/th>\n<th>Feld<\/th>\n<th>Wert<\/th>\n<\/tr>\n<\/thead>\n<tbody>\n<tr>\n<td>Service nach der Garantie<\/td>\n<td>Online-Unterst\u00fctzung<\/td>\n<td>Lokaler Dienstort<\/td>\n<td>keine<\/td>\n<\/tr>\n<tr>\n<td>Standort des Ausstellungsraums<\/td>\n<td>keine<\/td>\n<td>Ort der Herkunft<\/td>\n<td>Guangdong, China<\/td>\n<\/tr>\n<tr>\n<td>Markenname<\/td>\n<td>Lvyuan \/ OEM<\/td>\n<td>Material<\/td>\n<td>Plissiert<\/td>\n<\/tr>\n<tr>\n<td>Gewicht<\/td>\n<td>0<\/td>\n<td>Gr\u00f6\u00dfe<\/td>\n<td>10\u2033\/20\u2033\/30\u2033\/40\u2033\/50\u2033\/60\u2033<\/td>\n<\/tr>\n<tr>\n<td>Strom<\/td>\n<td>0<\/td>\n<td>Garantie<\/td>\n<td>Nicht verf\u00fcgbar<\/td>\n<\/tr>\n<tr>\n<td>Name<\/td>\n<td>5 Mikron Patronenfilter f\u00fcr Wasserfiltergeh\u00e4use Ersatz<\/td>\n<td>Material der Filtermembran<\/td>\n<td>PP\/PVDF\/PTFE\/PES\/Nylon<\/td>\n<\/tr>\n<tr>\n<td>L\u00e4nge<\/td>\n<td>5 \/ 10 \/ 20 \/ 30 \/ 40 \/ 50 \/ 60 Zoll<\/td>\n<td>Konvektor<\/td>\n<td>Fin\/222\/226\/215\/DOE\/Thread<\/td>\n<\/tr>\n<tr>\n<td>Mikron<\/td>\n<td>0.22\/0.5\/1\/3\/5\/10\/25\/50\/75\/100\/150<\/td>\n<td>Methode der Versiegelung<\/td>\n<td>Warmschmelzschwei\u00dfen<\/td>\n<\/tr>\n<tr>\n<td>Durchmesser<\/td>\n<td>70mm\/OEM<\/td>\n<td>Innerer Kern<\/td>\n<td>PP\/SS\/OEM<\/td>\n<\/tr>\n<tr>\n<td>MOQ<\/td>\n<td>Derzeit keine begrenzte<\/td>\n<td>Lieferf\u00e4higkeit<\/td>\n<td>500 St\u00fcck\/St\u00fcck pro Tag<\/td>\n<\/tr>\n<tr>\n<td>Start Hafen<\/td>\n<td>Guangzhou<\/td>\n<td>Produktionskapazit\u00e4t<\/td>\n<td>500 Einheiten\/Monat<\/td>\n<\/tr>\n<tr>\n<td>Zahlung<\/td>\n<td>T\/T, Western Union, Alibaba Trade Assurance, paypal<\/td>\n<td>Lieferfrist<\/td>\n<td>innerhalb von 7 Arbeitstagen<\/td>\n<\/tr>\n<tr>\n<td>Marke<\/td>\n<td>OEM\/Lvyuan<\/td>\n<td><\/td>\n<td><\/td>\n<\/tr>\n<\/tbody>\n<\/table>","protected":false},"featured_media":4766,"comment_status":"open","ping_status":"closed","template":"","meta":{"_gspb_post_css":""},"product_brand":[],"product_cat":[1202],"product_tag":[105,1824,1534,1158,1823,1822],"class_list":{"0":"post-4765","1":"product","2":"type-product","3":"status-publish","4":"has-post-thumbnail","6":"product_cat-filter-cartridge","7":"product_tag-high-flow-water-filter","8":"product_tag-household-water-filtration","9":"product_tag-inversafilterpurification","10":"product_tag-lvyuan-filter-cartridge","11":"product_tag-oem-water-cartridge","12":"product_tag-water-filter-replacement","14":"first","15":"instock","16":"shipping-taxable","17":"product-type-simple"},"_links":{"self":[{"href":"https:\/\/lyfilter.com\/de\/wp-json\/wp\/v2\/product\/4765","targetHints":{"allow":["GET"]}}],"collection":[{"href":"https:\/\/lyfilter.com\/de\/wp-json\/wp\/v2\/product"}],"about":[{"href":"https:\/\/lyfilter.com\/de\/wp-json\/wp\/v2\/types\/product"}],"replies":[{"embeddable":true,"href":"https:\/\/lyfilter.com\/de\/wp-json\/wp\/v2\/comments?post=4765"}],"wp:featuredmedia":[{"embeddable":true,"href":"https:\/\/lyfilter.com\/de\/wp-json\/wp\/v2\/media\/4766"}],"wp:attachment":[{"href":"https:\/\/lyfilter.com\/de\/wp-json\/wp\/v2\/media?parent=4765"}],"wp:term":[{"taxonomy":"product_brand","embeddable":true,"href":"https:\/\/lyfilter.com\/de\/wp-json\/wp\/v2\/product_brand?post=4765"},{"taxonomy":"product_cat","embeddable":true,"href":"https:\/\/lyfilter.com\/de\/wp-json\/wp\/v2\/product_cat?post=4765"},{"taxonomy":"product_tag","embeddable":true,"href":"https:\/\/lyfilter.com\/de\/wp-json\/wp\/v2\/product_tag?post=4765"}],"curies":[{"name":"wp","href":"https:\/\/api.w.org\/{rel}","templated":true}]}}