{"id":4763,"date":"2026-04-07T02:13:11","date_gmt":"2026-04-07T02:13:11","guid":{"rendered":"https:\/\/lyfilter.com\/"},"modified":"2026-04-07T02:13:11","modified_gmt":"2026-04-07T02:13:11","slug":"pleated-membrane-pp-10-micron-cartridge-filter-for-10-20-inch-water-filter-housing-replacement","status":"publish","type":"product","link":"https:\/\/lyfilter.com\/de\/pleated-membrane-pp-10-micron-cartridge-filter-for-10-20-inch-water-filter-housing-replacement\/","title":{"rendered":"Faltenmembran PP 10 Mikron Patronenfilter f\u00fcr 10 20 Zoll Wasserfiltergeh\u00e4use-Ersatz"},"content":{"rendered":"<p>Sorgen Sie daf\u00fcr, dass Ihr Wassersystem mit diesem PP 10-Mikron-Patronenfilter mit gefalteter Membran optimal funktioniert. Er wurde f\u00fcr 10- und 20-Zoll-Geh\u00e4use entwickelt und f\u00e4ngt feine Sedimente ab, w\u00e4hrend er einen zuverl\u00e4ssigen Durchfluss f\u00fcr den t\u00e4glichen Filtrationsbedarf gew\u00e4hrleistet.<\/p>","protected":false},"excerpt":{"rendered":"<table>\n<thead>\n<tr>\n<th>Feld<\/th>\n<th>Wert<\/th>\n<th>Feld<\/th>\n<th>Wert<\/th>\n<\/tr>\n<\/thead>\n<tbody>\n<tr>\n<td>Service nach der Garantie<\/td>\n<td>Online-Unterst\u00fctzung<\/td>\n<td>Lokaler Dienstort<\/td>\n<td>keine<\/td>\n<\/tr>\n<tr>\n<td>Standort des Ausstellungsraums<\/td>\n<td>keine<\/td>\n<td>Ort der Herkunft<\/td>\n<td>Guangdong, China<\/td>\n<\/tr>\n<tr>\n<td>Markenname<\/td>\n<td>Lvyuan \/ OEM<\/td>\n<td>Material<\/td>\n<td>Plissiert<\/td>\n<\/tr>\n<tr>\n<td>Gewicht<\/td>\n<td>0<\/td>\n<td>Gr\u00f6\u00dfe<\/td>\n<td>10\u2033\/20\u2033\/30\u2033\/40\u2033\/50\u2033\/60\u2033<\/td>\n<\/tr>\n<tr>\n<td>Strom<\/td>\n<td>0<\/td>\n<td>Garantie<\/td>\n<td>Nicht verf\u00fcgbar<\/td>\n<\/tr>\n<tr>\n<td>Name<\/td>\n<td>5 Mikron Patronenfilter f\u00fcr Wasserfiltergeh\u00e4use Ersatz<\/td>\n<td>Material der Filtermembran<\/td>\n<td>PP\/PVDF\/PTFE\/PES\/Nylon<\/td>\n<\/tr>\n<tr>\n<td>L\u00e4nge<\/td>\n<td>5 \/ 10 \/ 20 \/ 30 \/ 40 \/ 50 \/ 60 Zoll<\/td>\n<td>Konvektor<\/td>\n<td>Fin\/222\/226\/215\/DOE\/Thread<\/td>\n<\/tr>\n<tr>\n<td>Mikron<\/td>\n<td>0.22\/0.5\/1\/3\/5\/10\/25\/50\/75\/100\/150<\/td>\n<td>Methode der Versiegelung<\/td>\n<td>Warmschmelzschwei\u00dfen<\/td>\n<\/tr>\n<tr>\n<td>Durchmesser<\/td>\n<td>70mm\/OEM<\/td>\n<td>Innerer Kern<\/td>\n<td>PP\/SS\/OEM<\/td>\n<\/tr>\n<tr>\n<td>MOQ<\/td>\n<td>Derzeit keine begrenzte<\/td>\n<td>Lieferf\u00e4higkeit<\/td>\n<td>500 St\u00fcck\/St\u00fcck pro Tag<\/td>\n<\/tr>\n<\/tbody>\n<\/table>","protected":false},"featured_media":4764,"comment_status":"open","ping_status":"closed","template":"","meta":{"_gspb_post_css":""},"product_brand":[],"product_cat":[21],"product_tag":[1820,1819,1821,1534,1818,357],"class_list":{"0":"post-4763","1":"product","2":"type-product","3":"status-publish","4":"has-post-thumbnail","6":"product_cat-pleated-filter-cartridge","7":"product_tag-10-inch-housing-filter","8":"product_tag-10-micron-water-filter","9":"product_tag-20-inch-housing-replacement","10":"product_tag-inversafilterpurification","11":"product_tag-pleated-pp-filter","12":"product_tag-water-filter-cartridge","14":"first","15":"instock","16":"shipping-taxable","17":"product-type-simple"},"_links":{"self":[{"href":"https:\/\/lyfilter.com\/de\/wp-json\/wp\/v2\/product\/4763","targetHints":{"allow":["GET"]}}],"collection":[{"href":"https:\/\/lyfilter.com\/de\/wp-json\/wp\/v2\/product"}],"about":[{"href":"https:\/\/lyfilter.com\/de\/wp-json\/wp\/v2\/types\/product"}],"replies":[{"embeddable":true,"href":"https:\/\/lyfilter.com\/de\/wp-json\/wp\/v2\/comments?post=4763"}],"wp:featuredmedia":[{"embeddable":true,"href":"https:\/\/lyfilter.com\/de\/wp-json\/wp\/v2\/media\/4764"}],"wp:attachment":[{"href":"https:\/\/lyfilter.com\/de\/wp-json\/wp\/v2\/media?parent=4763"}],"wp:term":[{"taxonomy":"product_brand","embeddable":true,"href":"https:\/\/lyfilter.com\/de\/wp-json\/wp\/v2\/product_brand?post=4763"},{"taxonomy":"product_cat","embeddable":true,"href":"https:\/\/lyfilter.com\/de\/wp-json\/wp\/v2\/product_cat?post=4763"},{"taxonomy":"product_tag","embeddable":true,"href":"https:\/\/lyfilter.com\/de\/wp-json\/wp\/v2\/product_tag?post=4763"}],"curies":[{"name":"wp","href":"https:\/\/api.w.org\/{rel}","templated":true}]}}