{"id":4748,"date":"2026-04-05T09:50:52","date_gmt":"2026-04-05T09:50:52","guid":{"rendered":"https:\/\/lyfilter.com\/"},"modified":"2026-04-05T09:50:52","modified_gmt":"2026-04-05T09:50:52","slug":"ss-filter-housing-filter-water-10-20-30-40-inches-housing","status":"publish","type":"product","link":"https:\/\/lyfilter.com\/de\/ss-filter-housing-filter-water-10-20-30-40-inches-housing\/","title":{"rendered":"SS Filtergeh\u00e4use Wasserfilter 10 20 30 40 Zoll Geh\u00e4use"},"content":{"rendered":"<p>Dieses Wasserfilterschloss wurde entwickelt, um Filtergeh\u00e4use fest an ihrem Platz zu halten. Es unterst\u00fctzt 10, 20, 30 und 40 Zoll SS-Geh\u00e4use. Es hilft, Bewegungen w\u00e4hrend des Gebrauchs zu reduzieren und bietet Ihrer Wasserfilteranlage zuverl\u00e4ssigen Halt f\u00fcr den t\u00e4glichen Betrieb.<\/p>","protected":false},"excerpt":{"rendered":"<table>\n<thead>\n<tr>\n<th>Feld<\/th>\n<th>Wert<\/th>\n<\/tr>\n<\/thead>\n<tbody>\n<tr>\n<td>Ort der Herkunft<\/td>\n<td>Guangdong, China<\/td>\n<\/tr>\n<tr>\n<td>Markenname<\/td>\n<td>Lvyuan, OEM, ODM<\/td>\n<\/tr>\n<tr>\n<td>Material<\/td>\n<td>rostfreier Stahl<\/td>\n<\/tr>\n<tr>\n<td>Gewicht<\/td>\n<td>angepasst<\/td>\n<\/tr>\n<tr>\n<td>Gr\u00f6\u00dfe<\/td>\n<td>kundenspezifisch, 10\u201d, 20\u201d, 30\u201d, 40\u201d<\/td>\n<\/tr>\n<tr>\n<td>Strom<\/td>\n<td>0<\/td>\n<\/tr>\n<tr>\n<td>Garantie<\/td>\n<td>1 Jahr<\/td>\n<\/tr>\n<tr>\n<td>After-Sales-Service<\/td>\n<td>Online-Unterst\u00fctzung<\/td>\n<\/tr>\n<tr>\n<td>Merkmal<\/td>\n<td>leicht zu installieren<\/td>\n<\/tr>\n<tr>\n<td>Zertifizierung<\/td>\n<td>SGS<\/td>\n<\/tr>\n<tr>\n<td>Form<\/td>\n<td>Zylinder<\/td>\n<\/tr>\n<tr>\n<td>Verwendung<\/td>\n<td>Wasserfiltration<\/td>\n<\/tr>\n<tr>\n<td>Anmeldung<\/td>\n<td>Industrie<\/td>\n<\/tr>\n<tr>\n<td>Oberfl\u00e4che<\/td>\n<td>poliert<\/td>\n<\/tr>\n<tr>\n<td>Modell<\/td>\n<td>LY01<\/td>\n<\/tr>\n<tr>\n<td>Rohmaterial<\/td>\n<td>rostfreier Stahl<\/td>\n<\/tr>\n<tr>\n<td>Arbeitsdruck<\/td>\n<td>100Psi<\/td>\n<\/tr>\n<tr>\n<td>Lieferf\u00e4higkeit<\/td>\n<td>500 St\u00fcck\/St\u00fcck pro Jahr<\/td>\n<\/tr>\n<\/tbody>\n<\/table>","protected":false},"featured_media":4756,"comment_status":"open","ping_status":"closed","template":"","meta":{"_gspb_post_css":""},"product_brand":[],"product_cat":[15],"product_tag":[1806,1534,1805,34,1136,1807],"class_list":{"0":"post-4748","1":"product","2":"type-product","3":"status-publish","4":"has-post-thumbnail","6":"product_cat-stainless-steel-filter-housing","7":"product_tag-filter-housing-lock","8":"product_tag-inversafilterpurification","9":"product_tag-ss-filter-housing","10":"product_tag-stainless-steel-filter-housing","11":"product_tag-water-filter-locks","12":"product_tag-water-purification-accessories","14":"first","15":"instock","16":"shipping-taxable","17":"product-type-simple"},"_links":{"self":[{"href":"https:\/\/lyfilter.com\/de\/wp-json\/wp\/v2\/product\/4748","targetHints":{"allow":["GET"]}}],"collection":[{"href":"https:\/\/lyfilter.com\/de\/wp-json\/wp\/v2\/product"}],"about":[{"href":"https:\/\/lyfilter.com\/de\/wp-json\/wp\/v2\/types\/product"}],"replies":[{"embeddable":true,"href":"https:\/\/lyfilter.com\/de\/wp-json\/wp\/v2\/comments?post=4748"}],"wp:featuredmedia":[{"embeddable":true,"href":"https:\/\/lyfilter.com\/de\/wp-json\/wp\/v2\/media\/4756"}],"wp:attachment":[{"href":"https:\/\/lyfilter.com\/de\/wp-json\/wp\/v2\/media?parent=4748"}],"wp:term":[{"taxonomy":"product_brand","embeddable":true,"href":"https:\/\/lyfilter.com\/de\/wp-json\/wp\/v2\/product_brand?post=4748"},{"taxonomy":"product_cat","embeddable":true,"href":"https:\/\/lyfilter.com\/de\/wp-json\/wp\/v2\/product_cat?post=4748"},{"taxonomy":"product_tag","embeddable":true,"href":"https:\/\/lyfilter.com\/de\/wp-json\/wp\/v2\/product_tag?post=4748"}],"curies":[{"name":"wp","href":"https:\/\/api.w.org\/{rel}","templated":true}]}}