{"id":4734,"date":"2026-04-05T09:34:59","date_gmt":"2026-04-05T09:34:59","guid":{"rendered":"https:\/\/lyfilter.com\/"},"modified":"2026-04-05T09:34:59","modified_gmt":"2026-04-05T09:34:59","slug":"10-inch-jumbo-sintered-metal-filter-cartridge-for-industrial-liquids-filtration","status":"publish","type":"product","link":"https:\/\/lyfilter.com\/de\/10-inch-jumbo-sintered-metal-filter-cartridge-for-industrial-liquids-filtration\/","title":{"rendered":"10-Zoll-Jumbo-Sintermetall-Filterpatrone f\u00fcr die industrielle Fl\u00fcssigkeitsfiltration"},"content":{"rendered":"<p>Diese 10-Zoll-Jumbo-Filterpatrone aus gesintertem Metall wurde f\u00fcr die anspruchsvolle Verarbeitung von Fl\u00fcssigkeiten entwickelt und f\u00e4ngt feine Partikel ab, w\u00e4hrend sie den Durchfluss konstant h\u00e4lt. Die Metallkonstruktion unterst\u00fctzt die Wiederverwendung, Wartung und zuverl\u00e4ssige Filtration in industriellen Anlagen im t\u00e4glichen Einsatz.<\/p>","protected":false},"excerpt":{"rendered":"<table>\n<thead>\n<tr>\n<th>Feld<\/th>\n<th>Wert<\/th>\n<\/tr>\n<\/thead>\n<tbody>\n<tr>\n<td>Service nach der Garantie<\/td>\n<td>Online-Unterst\u00fctzung<\/td>\n<\/tr>\n<tr>\n<td>Lokaler Dienstort<\/td>\n<td>keine<\/td>\n<\/tr>\n<tr>\n<td>Standort des Ausstellungsraums<\/td>\n<td>keine<\/td>\n<\/tr>\n<tr>\n<td>Video-Ausgangsinspektion<\/td>\n<td>Zur Verf\u00fcgung gestellt<\/td>\n<\/tr>\n<tr>\n<td>Maschinen-Testbericht<\/td>\n<td>Zur Verf\u00fcgung gestellt<\/td>\n<\/tr>\n<tr>\n<td>Marketing-Typ<\/td>\n<td>Gew\u00f6hnliches Produkt<\/td>\n<\/tr>\n<tr>\n<td>Garantie f\u00fcr Kernkomponenten<\/td>\n<td>1 Jahr<\/td>\n<\/tr>\n<tr>\n<td>Kernkomponenten<\/td>\n<td>Druckbeh\u00e4lter<\/td>\n<\/tr>\n<tr>\n<td>Ort der Herkunft<\/td>\n<td>Guangdong, China<\/td>\n<\/tr>\n<tr>\n<td>Markenname<\/td>\n<td>Lvyuan\/OEM<\/td>\n<\/tr>\n<tr>\n<td>Garantie<\/td>\n<td>1 Jahr<\/td>\n<\/tr>\n<tr>\n<td>After-Sales-Service<\/td>\n<td>Online-Unterst\u00fctzung<\/td>\n<\/tr>\n<tr>\n<td>Merkmal<\/td>\n<td>gute Durchl\u00e4ssigkeit<\/td>\n<\/tr>\n<tr>\n<td>L\u00e4nge<\/td>\n<td>10\/20\/30\/40 Zoll oder kundenspezifisch<\/td>\n<\/tr>\n<tr>\n<td>Material<\/td>\n<td>Edelstahlgewebe<\/td>\n<\/tr>\n<tr>\n<td>Form<\/td>\n<td>Zylinder<\/td>\n<\/tr>\n<tr>\n<td>Verwendung<\/td>\n<td>Wasseraufbereitung<\/td>\n<\/tr>\n<tr>\n<td>Anmeldung<\/td>\n<td>Industrie<\/td>\n<\/tr>\n<tr>\n<td>Farbe<\/td>\n<td>Band<\/td>\n<\/tr>\n<tr>\n<td>Verpacken<\/td>\n<td>Papierschachtel<\/td>\n<\/tr>\n<tr>\n<td>Abtragleistung<\/td>\n<td>2 bis 200\u03bcm<\/td>\n<\/tr>\n<tr>\n<td>Vorteil<\/td>\n<td>Wiederverwendung<\/td>\n<\/tr>\n<tr>\n<td>Lieferf\u00e4higkeit<\/td>\n<td>1000 St\u00fcck\/St\u00fcck pro Woche<\/td>\n<\/tr>\n<\/tbody>\n<\/table>","protected":false},"featured_media":4737,"comment_status":"open","ping_status":"closed","template":"","meta":{"_gspb_post_css":""},"product_brand":[],"product_cat":[1205],"product_tag":[1803,42,1534,1208,1802,1167],"class_list":{"0":"post-4734","1":"product","2":"type-product","3":"status-publish","4":"has-post-thumbnail","6":"product_cat-stainless-steel-sintered-filter-cartridge","7":"product_tag-10-inch-jumbo-filter","8":"product_tag-industrial-liquid-filtration","9":"product_tag-inversafilterpurification","10":"product_tag-reusable-metal-filter","11":"product_tag-sintered-metal-filter-cartridge","12":"product_tag-stainless-steel-filter-cartridge","14":"first","15":"instock","16":"shipping-taxable","17":"product-type-simple"},"_links":{"self":[{"href":"https:\/\/lyfilter.com\/de\/wp-json\/wp\/v2\/product\/4734","targetHints":{"allow":["GET"]}}],"collection":[{"href":"https:\/\/lyfilter.com\/de\/wp-json\/wp\/v2\/product"}],"about":[{"href":"https:\/\/lyfilter.com\/de\/wp-json\/wp\/v2\/types\/product"}],"replies":[{"embeddable":true,"href":"https:\/\/lyfilter.com\/de\/wp-json\/wp\/v2\/comments?post=4734"}],"wp:featuredmedia":[{"embeddable":true,"href":"https:\/\/lyfilter.com\/de\/wp-json\/wp\/v2\/media\/4737"}],"wp:attachment":[{"href":"https:\/\/lyfilter.com\/de\/wp-json\/wp\/v2\/media?parent=4734"}],"wp:term":[{"taxonomy":"product_brand","embeddable":true,"href":"https:\/\/lyfilter.com\/de\/wp-json\/wp\/v2\/product_brand?post=4734"},{"taxonomy":"product_cat","embeddable":true,"href":"https:\/\/lyfilter.com\/de\/wp-json\/wp\/v2\/product_cat?post=4734"},{"taxonomy":"product_tag","embeddable":true,"href":"https:\/\/lyfilter.com\/de\/wp-json\/wp\/v2\/product_tag?post=4734"}],"curies":[{"name":"wp","href":"https:\/\/api.w.org\/{rel}","templated":true}]}}