{"id":4728,"date":"2026-04-05T09:24:58","date_gmt":"2026-04-05T09:24:58","guid":{"rendered":"https:\/\/lyfilter.com\/"},"modified":"2026-04-05T09:24:58","modified_gmt":"2026-04-05T09:24:58","slug":"lvyuan-affordable-ss-cartridge-filter-housing-factory-for-desalination","status":"publish","type":"product","link":"https:\/\/lyfilter.com\/de\/lvyuan-affordable-ss-cartridge-filter-housing-factory-for-desalination\/","title":{"rendered":"Lvyuan Erschwingliche SS-Patrone Filtergeh\u00e4use Fabrik f\u00fcr Entsalzung"},"content":{"rendered":"<p>Dieses f\u00fcr Entsalzungsanlagen konzipierte Lvyuan SS-Patronenfiltergeh\u00e4use h\u00e4lt Wasser auch unter rauen, salzhaltigen Bedingungen sauber. Die Konstruktion aus Edelstahl sorgt f\u00fcr eine zuverl\u00e4ssige Filtration, eine l\u00e4ngere Lebensdauer und eine einfachere Routinewartung.<\/p>","protected":false},"excerpt":{"rendered":"<table>\n<thead>\n<tr>\n<th>Feld<\/th>\n<th>Wert<\/th>\n<\/tr>\n<\/thead>\n<tbody>\n<tr>\n<td>Service nach der Garantie<\/td>\n<td>Online-Unterst\u00fctzung<\/td>\n<\/tr>\n<tr>\n<td>Lokaler Dienstort<\/td>\n<td>keine<\/td>\n<\/tr>\n<tr>\n<td>Standort des Ausstellungsraums<\/td>\n<td>keine<\/td>\n<\/tr>\n<tr>\n<td>Video-Ausgangsinspektion<\/td>\n<td>Zur Verf\u00fcgung gestellt<\/td>\n<\/tr>\n<tr>\n<td>Maschinen-Testbericht<\/td>\n<td>Zur Verf\u00fcgung gestellt<\/td>\n<\/tr>\n<tr>\n<td>Marketing-Typ<\/td>\n<td>Gew\u00f6hnliches Produkt<\/td>\n<\/tr>\n<tr>\n<td>Garantie f\u00fcr Kernkomponenten<\/td>\n<td>Nicht verf\u00fcgbar<\/td>\n<\/tr>\n<tr>\n<td>Kernkomponenten<\/td>\n<td>Druckbeh\u00e4lter, rostfreies Filterelement<\/td>\n<\/tr>\n<tr>\n<td>Ort der Herkunft<\/td>\n<td>Guangdong, China<\/td>\n<\/tr>\n<tr>\n<td>Markenname<\/td>\n<td>Lvyuan \/ OEM<\/td>\n<\/tr>\n<tr>\n<td>Material<\/td>\n<td>rostfreier Stahl<\/td>\n<\/tr>\n<tr>\n<td>Gewicht<\/td>\n<td>es kommt darauf an<\/td>\n<\/tr>\n<tr>\n<td>Gr\u00f6\u00dfe<\/td>\n<td>es kommt darauf an<\/td>\n<\/tr>\n<tr>\n<td>Strom<\/td>\n<td>0<\/td>\n<\/tr>\n<tr>\n<td>Garantie<\/td>\n<td>1 Jahr<\/td>\n<\/tr>\n<tr>\n<td>After-Sales-Service<\/td>\n<td>Online-Unterst\u00fctzung<\/td>\n<\/tr>\n<tr>\n<td>Name des Produkts<\/td>\n<td>Wasserfilter micropore industriell<\/td>\n<\/tr>\n<tr>\n<td>Geh\u00e4use Materialien<\/td>\n<td>ss304, 316, 316L<\/td>\n<\/tr>\n<tr>\n<td>Anzahl der Patronenfilter<\/td>\n<td>1 - 160PCS als Option<\/td>\n<\/tr>\n<tr>\n<td>L\u00e4nge der Filterpatrone<\/td>\n<td>5, 10, 20, 30, 40, 60 Zoll, OEM<\/td>\n<\/tr>\n<tr>\n<td>Oberfl\u00e4chenbehandlung<\/td>\n<td>Poliert &amp; Sandgestrahlt<\/td>\n<\/tr>\n<tr>\n<td>Typ der installierten Oberkappe<\/td>\n<td>Hebebolzen \/ Flansch \/ Klammer Typ<\/td>\n<\/tr>\n<tr>\n<td>Verwendung<\/td>\n<td>Wasser-\/Fl\u00fcssigkeits-\/Weinaufbereitungsanlage<\/td>\n<\/tr>\n<tr>\n<td>Paket<\/td>\n<td>Holzkiste<\/td>\n<\/tr>\n<tr>\n<td>Steckertyp<\/td>\n<td>Code 0 3 6 7 8 9<\/td>\n<\/tr>\n<tr>\n<td>Zertifizierung<\/td>\n<td>CE ISO SGS<\/td>\n<\/tr>\n<tr>\n<td>Lieferf\u00e4higkeit<\/td>\n<td>500 St\u00fcck\/St\u00fcck pro Tag Wasserfilter Micropore<\/td>\n<\/tr>\n<\/tbody>\n<\/table>","protected":false},"featured_media":4730,"comment_status":"open","ping_status":"closed","template":"","meta":{"_gspb_post_css":""},"product_brand":[],"product_cat":[15],"product_tag":[1798,1794,1793,1796,1534,1797,265,1255,34,1795,1509],"class_list":{"0":"post-4728","1":"product","2":"type-product","3":"status-publish","4":"has-post-thumbnail","6":"product_cat-stainless-steel-filter-housing","7":"product_tag-and-easier-routine-maintenance","8":"product_tag-built-for-desalination-systems","9":"product_tag-desalination-filter-housing","10":"product_tag-high-salt-conditions-its-stainless-steel-build-supports-reliable-filtration","11":"product_tag-inversafilterpurification","12":"product_tag-longer-service-life","13":"product_tag-lvyuan","14":"product_tag-ss-cartridge-filter-housing","15":"product_tag-stainless-steel-filter-housing","16":"product_tag-this-lvyuan-ss-cartridge-filter-housing-keeps-water-clean-in-harsh","17":"product_tag-water-treatment-filter-housing","19":"first","20":"instock","21":"shipping-taxable","22":"product-type-simple"},"_links":{"self":[{"href":"https:\/\/lyfilter.com\/de\/wp-json\/wp\/v2\/product\/4728","targetHints":{"allow":["GET"]}}],"collection":[{"href":"https:\/\/lyfilter.com\/de\/wp-json\/wp\/v2\/product"}],"about":[{"href":"https:\/\/lyfilter.com\/de\/wp-json\/wp\/v2\/types\/product"}],"replies":[{"embeddable":true,"href":"https:\/\/lyfilter.com\/de\/wp-json\/wp\/v2\/comments?post=4728"}],"wp:featuredmedia":[{"embeddable":true,"href":"https:\/\/lyfilter.com\/de\/wp-json\/wp\/v2\/media\/4730"}],"wp:attachment":[{"href":"https:\/\/lyfilter.com\/de\/wp-json\/wp\/v2\/media?parent=4728"}],"wp:term":[{"taxonomy":"product_brand","embeddable":true,"href":"https:\/\/lyfilter.com\/de\/wp-json\/wp\/v2\/product_brand?post=4728"},{"taxonomy":"product_cat","embeddable":true,"href":"https:\/\/lyfilter.com\/de\/wp-json\/wp\/v2\/product_cat?post=4728"},{"taxonomy":"product_tag","embeddable":true,"href":"https:\/\/lyfilter.com\/de\/wp-json\/wp\/v2\/product_tag?post=4728"}],"curies":[{"name":"wp","href":"https:\/\/api.w.org\/{rel}","templated":true}]}}