{"id":4712,"date":"2026-04-05T09:09:29","date_gmt":"2026-04-05T09:09:29","guid":{"rendered":"https:\/\/lyfilter.com\/"},"modified":"2026-04-05T09:09:30","modified_gmt":"2026-04-05T09:09:30","slug":"lvyuan-filter-newest-water-filter-element-suppliers-manufacturing-for-water","status":"publish","type":"product","link":"https:\/\/lyfilter.com\/de\/lvyuan-filter-newest-water-filter-element-suppliers-manufacturing-for-water\/","title":{"rendered":"Lvyuan Filter Neuestes Wasserfilterelement Lieferanten Herstellung f\u00fcr Wasser"},"content":{"rendered":"<p>Die Wasserfilterelemente von Lvyuan Filter sind f\u00fcr sauberes Wasser und einfache Wartung konzipiert. Sie reduzieren Verunreinigungen, sch\u00fctzen den Durchfluss und unterst\u00fctzen die zuverl\u00e4ssige Reinigung von Haushalten, Arbeitspl\u00e4tzen und Wasseraufbereitungsanlagen mit dauerhafter Effizienz.<\/p>","protected":false},"excerpt":{"rendered":"<table>\n<thead>\n<tr>\n<th>Feld<\/th>\n<th>Wert<\/th>\n<\/tr>\n<\/thead>\n<tbody>\n<tr>\n<td>Ort der Herkunft<\/td>\n<td>Guangdong, China<\/td>\n<\/tr>\n<tr>\n<td>Markenname<\/td>\n<td>Lvyuan, OEM, ODM<\/td>\n<\/tr>\n<tr>\n<td>Material<\/td>\n<td>pp schmelzgeblasen, pp plissiert<\/td>\n<\/tr>\n<tr>\n<td>Gewicht<\/td>\n<td>angepasst<\/td>\n<\/tr>\n<tr>\n<td>Gr\u00f6\u00dfe<\/td>\n<td>angepasst<\/td>\n<\/tr>\n<tr>\n<td>Garantie<\/td>\n<td>Nicht verf\u00fcgbar<\/td>\n<\/tr>\n<tr>\n<td>Merkmal<\/td>\n<td>Vergr\u00f6\u00dferung der Filtrationsfl\u00e4che<\/td>\n<\/tr>\n<tr>\n<td>L\u00e4nge<\/td>\n<td>20 Zoll \/ 40 Zoll \/ 60 Zoll<\/td>\n<\/tr>\n<tr>\n<td>Zertifizierung<\/td>\n<td>SGS<\/td>\n<\/tr>\n<tr>\n<td>Form<\/td>\n<td>Zylinder<\/td>\n<\/tr>\n<tr>\n<td>Verwendung<\/td>\n<td>Wasseraufbereitung<\/td>\n<\/tr>\n<tr>\n<td>Anmeldung<\/td>\n<td>Industrie<\/td>\n<\/tr>\n<tr>\n<td>Farbe<\/td>\n<td>wei\u00df<\/td>\n<\/tr>\n<tr>\n<td>Verpacken<\/td>\n<td>Papierschachtel<\/td>\n<\/tr>\n<tr>\n<td>Anderer Name<\/td>\n<td>Faltenfilterpatrone<\/td>\n<\/tr>\n<tr>\n<td>Filtermedien<\/td>\n<td>PP \/ pp schmelzgeblasen \/ Glasfaser<\/td>\n<\/tr>\n<tr>\n<td>After-Sales-Service<\/td>\n<td>Online-Unterst\u00fctzung<\/td>\n<\/tr>\n<tr>\n<td>Lieferf\u00e4higkeit<\/td>\n<td>5000 St\u00fcck\/St\u00fcck pro Woche<\/td>\n<\/tr>\n<\/tbody>\n<\/table>","protected":false},"featured_media":4715,"comment_status":"open","ping_status":"closed","template":"","meta":{"_gspb_post_css":""},"product_brand":[],"product_cat":[1202],"product_tag":[334,1242,1162,1173,1788,1182],"class_list":{"0":"post-4712","1":"product","2":"type-product","3":"status-publish","4":"has-post-thumbnail","6":"product_cat-filter-cartridge","7":"product_tag-industrial-water-filter","8":"product_tag-lvyuan-filter","9":"product_tag-replacement-water-filter","10":"product_tag-water-filter-cartridge-supplier","11":"product_tag-water-filter-element","12":"product_tag-water-purification-filter","14":"first","15":"instock","16":"shipping-taxable","17":"product-type-simple"},"_links":{"self":[{"href":"https:\/\/lyfilter.com\/de\/wp-json\/wp\/v2\/product\/4712","targetHints":{"allow":["GET"]}}],"collection":[{"href":"https:\/\/lyfilter.com\/de\/wp-json\/wp\/v2\/product"}],"about":[{"href":"https:\/\/lyfilter.com\/de\/wp-json\/wp\/v2\/types\/product"}],"replies":[{"embeddable":true,"href":"https:\/\/lyfilter.com\/de\/wp-json\/wp\/v2\/comments?post=4712"}],"wp:featuredmedia":[{"embeddable":true,"href":"https:\/\/lyfilter.com\/de\/wp-json\/wp\/v2\/media\/4715"}],"wp:attachment":[{"href":"https:\/\/lyfilter.com\/de\/wp-json\/wp\/v2\/media?parent=4712"}],"wp:term":[{"taxonomy":"product_brand","embeddable":true,"href":"https:\/\/lyfilter.com\/de\/wp-json\/wp\/v2\/product_brand?post=4712"},{"taxonomy":"product_cat","embeddable":true,"href":"https:\/\/lyfilter.com\/de\/wp-json\/wp\/v2\/product_cat?post=4712"},{"taxonomy":"product_tag","embeddable":true,"href":"https:\/\/lyfilter.com\/de\/wp-json\/wp\/v2\/product_tag?post=4712"}],"curies":[{"name":"wp","href":"https:\/\/api.w.org\/{rel}","templated":true}]}}