{"id":4699,"date":"2026-04-05T07:25:28","date_gmt":"2026-04-05T07:25:28","guid":{"rendered":"https:\/\/lyfilter.com\/"},"modified":"2026-04-05T07:25:28","modified_gmt":"2026-04-05T07:25:28","slug":"china-factory-stainless-steel-sintered-folding-filter-tube","status":"publish","type":"product","link":"https:\/\/lyfilter.com\/de\/china-factory-stainless-steel-sintered-folding-filter-tube\/","title":{"rendered":"China Fabrik Edelstahl gesintert Faltung Filterschlauch"},"content":{"rendered":"<p>Dieses Filterrohr aus gesintertem Edelstahl wurde f\u00fcr anspruchsvolle Filtrationsarbeiten entwickelt und bietet einen sicheren Sitz, einen gleichm\u00e4\u00dfigen Durchfluss und eine dauerhafte Verwendung. InversaFilterPurification tr\u00e4gt dazu bei, dass die Systeme sauberer, reibungsloser und einfacher im t\u00e4glichen Betrieb bleiben.<\/p>","protected":false},"excerpt":{"rendered":"<table>\n<thead>\n<tr>\n<th>Service nach der Garantie<\/th>\n<th>Online-Unterst\u00fctzung<\/th>\n<th>Lokaler Dienstort<\/th>\n<th>keine<\/th>\n<th>Standort des Ausstellungsraums<\/th>\n<th>keine<\/th>\n<\/tr>\n<\/thead>\n<tbody>\n<tr>\n<td>Video-Ausgangsinspektion<\/td>\n<td>Zur Verf\u00fcgung gestellt<\/td>\n<td>Maschinen-Testbericht<\/td>\n<td>Zur Verf\u00fcgung gestellt<\/td>\n<td>Marketing-Typ<\/td>\n<td>Gew\u00f6hnliches Produkt<\/td>\n<\/tr>\n<tr>\n<td>Garantie f\u00fcr Kernkomponenten<\/td>\n<td>1 Jahr<\/td>\n<td>Kernkomponenten<\/td>\n<td>Druckbeh\u00e4lter<\/td>\n<td>Ort der Herkunft<\/td>\n<td>Guangdong, China<\/td>\n<\/tr>\n<tr>\n<td>Markenname<\/td>\n<td>Lvyuan,OEM,ODM<\/td>\n<td>Garantie<\/td>\n<td>Nicht verf\u00fcgbar<\/td>\n<td>After-Sales-Service<\/td>\n<td>Online-Unterst\u00fctzung<\/td>\n<\/tr>\n<tr>\n<td>Schl\u00fcsselw\u00f6rter<\/td>\n<td>gesintertes Edelstahl-Faltfilterrohr<\/td>\n<td>Durchmesser<\/td>\n<td>Nachfrage des Kunden<\/td>\n<td>Material<\/td>\n<td>rostfreier Stahl<\/td>\n<\/tr>\n<tr>\n<td>Form<\/td>\n<td>Zylinder<\/td>\n<td>Verwendung<\/td>\n<td>Wasseraufbereitung<\/td>\n<td>Anmeldung<\/td>\n<td>Industrie<\/td>\n<\/tr>\n<tr>\n<td>Farbe<\/td>\n<td>Band<\/td>\n<td>Verpacken<\/td>\n<td>Papierschachtel<\/td>\n<td>L\u00e4nge<\/td>\n<td>10\/20\/30\/40 Zoll<\/td>\n<\/tr>\n<tr>\n<td>Vorteil<\/td>\n<td>Wiederverwendung<\/td>\n<td>Lieferf\u00e4higkeit<\/td>\n<td>10000 St\u00fcck\/St\u00fcck pro Monat<\/td>\n<td><\/td>\n<td><\/td>\n<\/tr>\n<\/tbody>\n<\/table>","protected":false},"featured_media":4700,"comment_status":"open","ping_status":"closed","template":"","meta":{"_gspb_post_css":""},"product_brand":[],"product_cat":[1205],"product_tag":[1778,1777,1757,1534,1776,1136],"class_list":{"0":"post-4699","1":"product","2":"type-product","3":"status-publish","4":"has-post-thumbnail","6":"product_cat-stainless-steel-sintered-filter-cartridge","7":"product_tag-china-filter-factory","8":"product_tag-folding-filter-tube","9":"product_tag-industrial-metal-filter-cartridge","10":"product_tag-inversafilterpurification","11":"product_tag-stainless-steel-sintered-filter-tube","12":"product_tag-water-filter-locks","14":"first","15":"instock","16":"shipping-taxable","17":"product-type-simple"},"_links":{"self":[{"href":"https:\/\/lyfilter.com\/de\/wp-json\/wp\/v2\/product\/4699","targetHints":{"allow":["GET"]}}],"collection":[{"href":"https:\/\/lyfilter.com\/de\/wp-json\/wp\/v2\/product"}],"about":[{"href":"https:\/\/lyfilter.com\/de\/wp-json\/wp\/v2\/types\/product"}],"replies":[{"embeddable":true,"href":"https:\/\/lyfilter.com\/de\/wp-json\/wp\/v2\/comments?post=4699"}],"wp:featuredmedia":[{"embeddable":true,"href":"https:\/\/lyfilter.com\/de\/wp-json\/wp\/v2\/media\/4700"}],"wp:attachment":[{"href":"https:\/\/lyfilter.com\/de\/wp-json\/wp\/v2\/media?parent=4699"}],"wp:term":[{"taxonomy":"product_brand","embeddable":true,"href":"https:\/\/lyfilter.com\/de\/wp-json\/wp\/v2\/product_brand?post=4699"},{"taxonomy":"product_cat","embeddable":true,"href":"https:\/\/lyfilter.com\/de\/wp-json\/wp\/v2\/product_cat?post=4699"},{"taxonomy":"product_tag","embeddable":true,"href":"https:\/\/lyfilter.com\/de\/wp-json\/wp\/v2\/product_tag?post=4699"}],"curies":[{"name":"wp","href":"https:\/\/api.w.org\/{rel}","templated":true}]}}