{"id":4697,"date":"2026-04-05T07:21:21","date_gmt":"2026-04-05T07:21:21","guid":{"rendered":"https:\/\/lyfilter.com\/"},"modified":"2026-04-05T07:21:21","modified_gmt":"2026-04-05T07:21:21","slug":"movable-stainless-steel-water-liquid-oil-wine-beer-honey-bag-filter-machine-with-1-2-3-4-5-stage-purification","status":"publish","type":"product","link":"https:\/\/lyfilter.com\/de\/movable-stainless-steel-water-liquid-oil-wine-beer-honey-bag-filter-machine-with-1-2-3-4-5-stage-purification\/","title":{"rendered":"Bewegliche Edelstahl Wasser\/Fl\u00fcssigkeit\/\u00d6l\/Wein\/Bier\/Honig Taschenfiltermaschine mit 1\/2\/3\/4\/5 Stufe Reinigung"},"content":{"rendered":"<p>Diese bewegliche Schlauchfiltermaschine aus Edelstahl ist f\u00fcr die flexible Filtration von Wasser, \u00d6l, Wein, Bier und Honig mit gleichm\u00e4\u00dfigem Durchfluss und Transport ausgelegt. InversaFilterPurification unterst\u00fctzt eine saubere Verarbeitung mit intelligenten Stufenoptionen.<\/p>","protected":false},"excerpt":{"rendered":"<table>\n<thead>\n<tr>\n<th>Service nach der Garantie<\/th>\n<th>Online-Unterst\u00fctzung<\/th>\n<th>Lokaler Dienstort<\/th>\n<th>keine<\/th>\n<th>Standort des Ausstellungsraums<\/th>\n<th>keine<\/th>\n<\/tr>\n<\/thead>\n<tbody>\n<tr>\n<td>Video-Ausgangsinspektion<\/td>\n<td>Zur Verf\u00fcgung gestellt<\/td>\n<td>Maschinen-Testbericht<\/td>\n<td>Zur Verf\u00fcgung gestellt<\/td>\n<td>Marketing-Typ<\/td>\n<td>Gew\u00f6hnliches Produkt<\/td>\n<\/tr>\n<tr>\n<td>Garantie f\u00fcr Kernkomponenten<\/td>\n<td>1 Jahr<\/td>\n<td>Kernkomponenten<\/td>\n<td>Druckbeh\u00e4lter<\/td>\n<td>Ort der Herkunft<\/td>\n<td>China<\/td>\n<\/tr>\n<tr>\n<td>Markenname<\/td>\n<td>Lvyuan \/ OEM<\/td>\n<td>Garantie<\/td>\n<td>Nicht verf\u00fcgbar<\/td>\n<td>After-Sales-Service<\/td>\n<td>Online-Unterst\u00fctzung<\/td>\n<\/tr>\n<tr>\n<td>Name des Produkts<\/td>\n<td>Weinfiltermaschine<\/td>\n<td>Geh\u00e4usewerkstoff<\/td>\n<td>ss304, sus 316, ss316L<\/td>\n<td>Anzahl Taschenfilter<\/td>\n<td>Einzelne oder mehrere Beutel nach Ma\u00df<\/td>\n<\/tr>\n<tr>\n<td>Gr\u00f6\u00dfe der Tasche<\/td>\n<td>180<em>450mm oder 180<\/em>810mm, andere<\/td>\n<td>Einlass &amp; Auslass Typ<\/td>\n<td>Flansch-\/Gewindeanschluss<\/td>\n<td>Filterbeutel Material<\/td>\n<td>PP, PE, kundenspezifisch<\/td>\n<\/tr>\n<tr>\n<td>Max. Betriebsdruck<\/td>\n<td>100\/150\/300 Psi<\/td>\n<td>Verwendung<\/td>\n<td>Fl\u00fcssigkeitsfiltration<\/td>\n<td>Nummer des Beutels<\/td>\n<td>#1, 2, 3, 4, 5, OEM<\/td>\n<\/tr>\n<tr>\n<td>Geh\u00e4use Clousure von<\/td>\n<td>Schnellbolzen, Schelle, Flansch<\/td>\n<td>Lieferf\u00e4higkeit<\/td>\n<td>1500 St\u00fcck\/St\u00fcck pro Monat \u00d6lfiltermaschine<\/td>\n<td><\/td>\n<td><\/td>\n<\/tr>\n<\/tbody>\n<\/table>","protected":false},"featured_media":4698,"comment_status":"open","ping_status":"closed","template":"","meta":{"_gspb_post_css":""},"product_brand":[],"product_cat":[15],"product_tag":[1534,1773,1774,1772,1136,1775],"class_list":{"0":"post-4697","1":"product","2":"type-product","3":"status-publish","4":"has-post-thumbnail","6":"product_cat-stainless-steel-filter-housing","7":"product_tag-inversafilterpurification","8":"product_tag-movable-liquid-filter-system","9":"product_tag-multi-stage-purification-filter","10":"product_tag-stainless-steel-bag-filter-machine","11":"product_tag-water-filter-locks","12":"product_tag-wine-beer-honey-filter","14":"first","15":"instock","16":"shipping-taxable","17":"product-type-simple"},"_links":{"self":[{"href":"https:\/\/lyfilter.com\/de\/wp-json\/wp\/v2\/product\/4697","targetHints":{"allow":["GET"]}}],"collection":[{"href":"https:\/\/lyfilter.com\/de\/wp-json\/wp\/v2\/product"}],"about":[{"href":"https:\/\/lyfilter.com\/de\/wp-json\/wp\/v2\/types\/product"}],"replies":[{"embeddable":true,"href":"https:\/\/lyfilter.com\/de\/wp-json\/wp\/v2\/comments?post=4697"}],"wp:featuredmedia":[{"embeddable":true,"href":"https:\/\/lyfilter.com\/de\/wp-json\/wp\/v2\/media\/4698"}],"wp:attachment":[{"href":"https:\/\/lyfilter.com\/de\/wp-json\/wp\/v2\/media?parent=4697"}],"wp:term":[{"taxonomy":"product_brand","embeddable":true,"href":"https:\/\/lyfilter.com\/de\/wp-json\/wp\/v2\/product_brand?post=4697"},{"taxonomy":"product_cat","embeddable":true,"href":"https:\/\/lyfilter.com\/de\/wp-json\/wp\/v2\/product_cat?post=4697"},{"taxonomy":"product_tag","embeddable":true,"href":"https:\/\/lyfilter.com\/de\/wp-json\/wp\/v2\/product_tag?post=4697"}],"curies":[{"name":"wp","href":"https:\/\/api.w.org\/{rel}","templated":true}]}}