{"id":4695,"date":"2026-04-05T07:18:46","date_gmt":"2026-04-05T07:18:46","guid":{"rendered":"https:\/\/lyfilter.com\/"},"modified":"2026-04-05T07:18:46","modified_gmt":"2026-04-05T07:18:46","slug":"lvyuan-high-quality-pleated-water-filter-cartridge-suppliers-for-sea-water","status":"publish","type":"product","link":"https:\/\/lyfilter.com\/de\/lvyuan-high-quality-pleated-water-filter-cartridge-suppliers-for-sea-water\/","title":{"rendered":"Lvyuan Hochwertige plissierte Wasserfilterpatrone Lieferanten f\u00fcr Meerwasser"},"content":{"rendered":"<p>Diese f\u00fcr die Filtration von Meerwasser entwickelte gefaltete Wasserfilterpatrone von Lvyuan sorgt f\u00fcr einen stabilen Durchfluss, einen sicheren Sitz und eine zuverl\u00e4ssige Partikelabscheidung. InversaFilterPurification tr\u00e4gt dazu bei, dass industrielle Systeme sauberer und einfacher zu verwalten sind.<\/p>","protected":false},"excerpt":{"rendered":"<table>\n<thead>\n<tr>\n<th>Ort der Herkunft<\/th>\n<th>Guangdong, China<\/th>\n<th>Markenname<\/th>\n<th>Lvyuan,OEM,ODM<\/th>\n<th>Material<\/th>\n<th>Seiten<\/th>\n<\/tr>\n<\/thead>\n<tbody>\n<tr>\n<td>Gewicht<\/td>\n<td>angepasst<\/td>\n<td>Gr\u00f6\u00dfe<\/td>\n<td>individuell, schlank, jumbo<\/td>\n<td>Strom<\/td>\n<td>0<\/td>\n<\/tr>\n<tr>\n<td>Garantie<\/td>\n<td>Nicht verf\u00fcgbar<\/td>\n<td>Merkmal<\/td>\n<td>Vergr\u00f6\u00dferung der Filtrationsfl\u00e4che<\/td>\n<td>Zertifizierung<\/td>\n<td>SGS<\/td>\n<\/tr>\n<tr>\n<td>Form<\/td>\n<td>Zylinder<\/td>\n<td>Verwendung<\/td>\n<td>Wasseraufbereitung<\/td>\n<td>Anmeldung<\/td>\n<td>Industrie<\/td>\n<\/tr>\n<tr>\n<td>Farbe<\/td>\n<td>wei\u00df<\/td>\n<td>Verpacken<\/td>\n<td>Papierschachtel<\/td>\n<td>Anderer Name<\/td>\n<td>Faltenfilterpatrone<\/td>\n<\/tr>\n<tr>\n<td>OD<\/td>\n<td>69mm<\/td>\n<td>After-Sales-Service<\/td>\n<td>Online-Unterst\u00fctzung<\/td>\n<td>Lieferf\u00e4higkeit<\/td>\n<td>500 St\u00fcck\/St\u00fcck pro Woche<\/td>\n<\/tr>\n<\/tbody>\n<\/table>","protected":false},"featured_media":4696,"comment_status":"open","ping_status":"closed","template":"","meta":{"_gspb_post_css":""},"product_brand":[],"product_cat":[21],"product_tag":[1770,1534,1475,1771,1293,1136],"class_list":{"0":"post-4695","1":"product","2":"type-product","3":"status-publish","4":"has-post-thumbnail","6":"product_cat-pleated-filter-cartridge","7":"product_tag-industrial-water-filter-supplier","8":"product_tag-inversafilterpurification","9":"product_tag-lvyuan-pleated-water-filter-cartridge","10":"product_tag-pleated-filter-for-marine-use","11":"product_tag-sea-water-filter-cartridge","12":"product_tag-water-filter-locks","14":"first","15":"instock","16":"shipping-taxable","17":"product-type-simple"},"_links":{"self":[{"href":"https:\/\/lyfilter.com\/de\/wp-json\/wp\/v2\/product\/4695","targetHints":{"allow":["GET"]}}],"collection":[{"href":"https:\/\/lyfilter.com\/de\/wp-json\/wp\/v2\/product"}],"about":[{"href":"https:\/\/lyfilter.com\/de\/wp-json\/wp\/v2\/types\/product"}],"replies":[{"embeddable":true,"href":"https:\/\/lyfilter.com\/de\/wp-json\/wp\/v2\/comments?post=4695"}],"wp:featuredmedia":[{"embeddable":true,"href":"https:\/\/lyfilter.com\/de\/wp-json\/wp\/v2\/media\/4696"}],"wp:attachment":[{"href":"https:\/\/lyfilter.com\/de\/wp-json\/wp\/v2\/media?parent=4695"}],"wp:term":[{"taxonomy":"product_brand","embeddable":true,"href":"https:\/\/lyfilter.com\/de\/wp-json\/wp\/v2\/product_brand?post=4695"},{"taxonomy":"product_cat","embeddable":true,"href":"https:\/\/lyfilter.com\/de\/wp-json\/wp\/v2\/product_cat?post=4695"},{"taxonomy":"product_tag","embeddable":true,"href":"https:\/\/lyfilter.com\/de\/wp-json\/wp\/v2\/product_tag?post=4695"}],"curies":[{"name":"wp","href":"https:\/\/api.w.org\/{rel}","templated":true}]}}