{"id":4692,"date":"2026-04-05T07:15:49","date_gmt":"2026-04-05T07:15:49","guid":{"rendered":"https:\/\/lyfilter.com\/"},"modified":"2026-04-05T07:15:49","modified_gmt":"2026-04-05T07:15:49","slug":"hand-trolley-stainless-steel-10-microns-housing-filter-17-stage-304-316l-cartridge-water-filter-system-with-gas-air-driven-pump","status":"publish","type":"product","link":"https:\/\/lyfilter.com\/de\/hand-trolley-stainless-steel-10-microns-housing-filter-17-stage-304-316l-cartridge-water-filter-system-with-gas-air-driven-pump\/","title":{"rendered":"Handwagen Edelstahl 10 Mikron Geh\u00e4use Filter 1~7 Stufe 304 316L Patronen Wasserfilter System mit Gas Luft angetriebene Pumpe"},"content":{"rendered":"<p>Handwagen Edelstahl 10 Mikron Geh\u00e4use Filter 1~7 Stufe 304 316L Patrone Wasserfiltersystem mit Gas-Luft angetriebene Pumpe. Beweglicher Filter besteht aus Vorfilter, \u00d6lpumpe und Filtrationseinheit, Vorfilter f\u00fcr eine<\/p>\n<p>Metall-Netz, um zu verhindern, dass die gro\u00dfen Feststoff in die Pumpe, \u00d6l-Pumpe ist in der Regel Zahnradpumpe, um die ungereinigte f\u00f6rdern<\/p>\n<p>Bei der Filteranlage handelt es sich um eine kleine manuelle Druckplatten- und Rahmenfilterpresse, die das \u00d6l in die Filtrationsvorrichtung leitet,<\/p>\n<p>mit speziellem Filterpapier als Filtermedium. Mit Hilfe des Drucks der \u00d6lpumpe wird das ungereinigte \u00d6l in den<\/p>\n<p>Platte &amp; Rahmen Filterpresse, wird es ein reines Filter\u00f6l sein, nachdem es durch das Filterpapier. Die festen Verunreinigungen<\/p>\n<p>in der Oberfl\u00e4che des Filterpapiers eingeschlossen ist, wird eine kleine Menge Wasser von der Wollmasche des Filterpapiers absorbiert.<\/p>\n<p>Der Filtrationsdruck liegt normalerweise nicht \u00fcber 0,3 MPa, wenn sich zu viele Verunreinigungen auf dem Filter ablagern.<\/p>\n<p>Papieroberfl\u00e4che, wird der Filterdruck auf 0,35 MPa erh\u00f6ht, oder wenn die Feuchtigkeit der Filterpapieraufnahme<\/p>\n<p>nahe dem S\u00e4ttigungszustand, f\u00e4llt die Restfeuchtigkeit im \u00d6lfilter nicht mehr, sollte das Filterpapier ersetzt werden. Wenn das \u00d6l eine hohe Viskosit\u00e4t hat, kann es wieder vorgew\u00e4rmt werden, um die Viskosit\u00e4t f\u00fcr die Wiederverwendung zu reduzieren.<\/p>\n<p>Diese Art von \u00d6l-Filter-Maschine kann die festen Verunreinigungen und eine kleine Menge von Wasser zu entfernen, ist es f\u00fcr die allgemeine elektrische \u00d6l-und Schmier\u00f6l Raffination geeignet.<\/p>","protected":false},"excerpt":{"rendered":"<table>\n<thead>\n<tr>\n<th>Anwendbare Industrien<\/th>\n<th>Produktionsst\u00e4tte, Lebensmittel- und Getr\u00e4nkefabrik, Bauernh\u00f6fe, Restaurant, Lebensmittelgesch\u00e4ft, Energie und Bergbau, Lebensmittel- und Getr\u00e4nkel\u00e4den<\/th>\n<th>Ort der Herkunft<\/th>\n<th>Guangdong, China<\/th>\n<th>Markenname<\/th>\n<th>Lvyuan\/OEM<\/th>\n<\/tr>\n<\/thead>\n<tbody>\n<tr>\n<td>Material<\/td>\n<td>Kundenspezifisch<\/td>\n<td>Gewicht<\/td>\n<td>Kundenspezifisch<\/td>\n<td>Gr\u00f6\u00dfe<\/td>\n<td>Kundenspezifisch<\/td>\n<\/tr>\n<tr>\n<td>Strom<\/td>\n<td>Kundenspezifisch<\/td>\n<td>Garantie<\/td>\n<td>1 Jahr<\/td>\n<td>After-Sales-Service<\/td>\n<td>Online-Unterst\u00fctzung<\/td>\n<\/tr>\n<tr>\n<td>Name des Modells<\/td>\n<td>Edelstahl-Geh\u00e4usefilter 1~7 stufiges Kartuschen-Wasserfiltersystem<\/td>\n<td>L\u00e4nge<\/td>\n<td>10 Zoll 20 Zoll 30 Zoll 40 Zoll<\/td>\n<td>Verwendung<\/td>\n<td>\u00d6l-\/Gas-\/Luft-\/Fl\u00fcssigwasserfiltration<\/td>\n<\/tr>\n<tr>\n<td>Material des Hauptk\u00f6rpers<\/td>\n<td>Rostfreier Stahl 304 \/ 316L<\/td>\n<td>Typ des Filtergeh\u00e4uses<\/td>\n<td>R\u00f6hrenf\u00f6rmig<\/td>\n<td>Grundsatz<\/td>\n<td>Druckfiltration<\/td>\n<\/tr>\n<tr>\n<td>Etappen<\/td>\n<td>1 - 7 Stufen<\/td>\n<td>Verpackung<\/td>\n<td>Netzverpackung, oder Holzkiste<\/td>\n<td>Filter<\/td>\n<td>Schlauchfilter &amp; Patronenfilter<\/td>\n<\/tr>\n<tr>\n<td>Wagen<\/td>\n<td>Rostfreier Stahl 304\/316L<\/td>\n<td>Lieferf\u00e4higkeit<\/td>\n<td>100 St\u00fcck\/St\u00fcck pro Tag<\/td>\n<td><\/td>\n<td><\/td>\n<\/tr>\n<\/tbody>\n<\/table>","protected":false},"featured_media":4693,"comment_status":"open","ping_status":"closed","template":"","meta":{"_gspb_post_css":""},"product_brand":[],"product_cat":[15],"product_tag":[1768,1769,1767,1534,292,1136],"class_list":{"0":"post-4692","1":"product","2":"type-product","3":"status-publish","4":"has-post-thumbnail","6":"product_cat-stainless-steel-filter-housing","7":"product_tag-10-micron-cartridge-filter","8":"product_tag-gas-air-driven-pump-filter","9":"product_tag-hand-trolley-water-filter-system","10":"product_tag-inversafilterpurification","11":"product_tag-stainless-steel-housing-filter","12":"product_tag-water-filter-locks","14":"first","15":"instock","16":"shipping-taxable","17":"product-type-simple"},"_links":{"self":[{"href":"https:\/\/lyfilter.com\/de\/wp-json\/wp\/v2\/product\/4692","targetHints":{"allow":["GET"]}}],"collection":[{"href":"https:\/\/lyfilter.com\/de\/wp-json\/wp\/v2\/product"}],"about":[{"href":"https:\/\/lyfilter.com\/de\/wp-json\/wp\/v2\/types\/product"}],"replies":[{"embeddable":true,"href":"https:\/\/lyfilter.com\/de\/wp-json\/wp\/v2\/comments?post=4692"}],"wp:featuredmedia":[{"embeddable":true,"href":"https:\/\/lyfilter.com\/de\/wp-json\/wp\/v2\/media\/4693"}],"wp:attachment":[{"href":"https:\/\/lyfilter.com\/de\/wp-json\/wp\/v2\/media?parent=4692"}],"wp:term":[{"taxonomy":"product_brand","embeddable":true,"href":"https:\/\/lyfilter.com\/de\/wp-json\/wp\/v2\/product_brand?post=4692"},{"taxonomy":"product_cat","embeddable":true,"href":"https:\/\/lyfilter.com\/de\/wp-json\/wp\/v2\/product_cat?post=4692"},{"taxonomy":"product_tag","embeddable":true,"href":"https:\/\/lyfilter.com\/de\/wp-json\/wp\/v2\/product_tag?post=4692"}],"curies":[{"name":"wp","href":"https:\/\/api.w.org\/{rel}","templated":true}]}}