{"id":4683,"date":"2026-04-05T07:10:33","date_gmt":"2026-04-05T07:10:33","guid":{"rendered":"https:\/\/lyfilter.com\/"},"modified":"2026-04-05T07:10:33","modified_gmt":"2026-04-05T07:10:33","slug":"30-40-inch-pp-spun-water-filter-cartridge-with-core-for-stainless-steel-filter-housing-2","status":"publish","type":"product","link":"https:\/\/lyfilter.com\/de\/30-40-inch-pp-spun-water-filter-cartridge-with-core-for-stainless-steel-filter-housing-2\/","title":{"rendered":"30 40\u201d Zoll PP Spun Wasserfilterpatrone mit Kern f\u00fcr Edelstahl-Filtergeh\u00e4use"},"content":{"rendered":"<p>Diese 30 bis 40 Zoll gro\u00dfe PP-Spinnkartusche mit Kern wurde f\u00fcr Filteranlagen entwickelt und passt sicher in Edelstahlgeh\u00e4use. InversaFilterPurification unterst\u00fctzt einen gleichm\u00e4\u00dfigen Durchfluss, sauberes Wasser und zuverl\u00e4ssige Leistung bei der Wasserfiltration.<\/p>","protected":false},"excerpt":{"rendered":"<table>\n<thead>\n<tr>\n<th>Ort der Herkunft<\/th>\n<th>Guangdong, China<\/th>\n<th>Markenname<\/th>\n<th>Lvyuan \/ OEM<\/th>\n<th>Material<\/th>\n<th>Polypropylen<\/th>\n<\/tr>\n<\/thead>\n<tbody>\n<tr>\n<td>Gewicht<\/td>\n<td>h\u00e4ngt<\/td>\n<td>Gr\u00f6\u00dfe<\/td>\n<td>Standard oder Individualisierung<\/td>\n<td>Strom<\/td>\n<td>0<\/td>\n<\/tr>\n<tr>\n<td>Garantie<\/td>\n<td>Nicht verf\u00fcgbar<\/td>\n<td>Name des Produkts<\/td>\n<td>40\u201d pp gesponnene Filterpatrone<\/td>\n<td>Mikron Rate<\/td>\n<td>1\/3\/5\/10\/25\/50\/75\/100 Mikron Filterpatrone<\/td>\n<\/tr>\n<tr>\n<td>Zertifizierung<\/td>\n<td>CE SGS<\/td>\n<td>Anmeldung<\/td>\n<td>Wasserfilterteile, Umkehrosmose<\/td>\n<td>L\u00e4nge<\/td>\n<td>5\u2033, 10\u2033, 20\u2033, 30\u2033, 40\u2033, 50\u201d Zoll<\/td>\n<\/tr>\n<tr>\n<td>Filtermedien<\/td>\n<td>Polypropylen PP gesponnen<\/td>\n<td>Endkappe<\/td>\n<td>DOE\/222Fin\/226Fin\/222Flat\/226Flat<\/td>\n<td>Material der Dichtung\/des Rings<\/td>\n<td>Silizium\/EPDM\/Viton<\/td>\n<\/tr>\n<tr>\n<td>Verwendung<\/td>\n<td>Fl\u00fcssigkeit Patronenfilter<\/td>\n<td>Innerer Kern<\/td>\n<td>PP, rostfreier Stahl, keine<\/td>\n<td>After-Sales-Service<\/td>\n<td>Online-Unterst\u00fctzung<\/td>\n<\/tr>\n<tr>\n<td>Lieferf\u00e4higkeit<\/td>\n<td>5000 St\u00fcck\/St\u00fcck pro Tag gesponnene Filterpatrone<\/td>\n<td><\/td>\n<td><\/td>\n<td><\/td>\n<td><\/td>\n<\/tr>\n<\/tbody>\n<\/table>","protected":false},"featured_media":4691,"comment_status":"open","ping_status":"closed","template":"","meta":{"_gspb_post_css":""},"product_brand":[],"product_cat":[23],"product_tag":[1765,1534,1764,34,1766,1136],"class_list":{"0":"post-4683","1":"product","2":"type-product","3":"status-publish","4":"has-post-thumbnail","6":"product_cat-pp-filter-cartridge","7":"product_tag-30-40-inch-filter-cartridge","8":"product_tag-inversafilterpurification","9":"product_tag-pp-spun-water-filter-cartridge","10":"product_tag-stainless-steel-filter-housing","11":"product_tag-water-filter-cartridge-with-core","12":"product_tag-water-filter-locks","14":"first","15":"instock","16":"shipping-taxable","17":"product-type-simple"},"_links":{"self":[{"href":"https:\/\/lyfilter.com\/de\/wp-json\/wp\/v2\/product\/4683","targetHints":{"allow":["GET"]}}],"collection":[{"href":"https:\/\/lyfilter.com\/de\/wp-json\/wp\/v2\/product"}],"about":[{"href":"https:\/\/lyfilter.com\/de\/wp-json\/wp\/v2\/types\/product"}],"replies":[{"embeddable":true,"href":"https:\/\/lyfilter.com\/de\/wp-json\/wp\/v2\/comments?post=4683"}],"wp:featuredmedia":[{"embeddable":true,"href":"https:\/\/lyfilter.com\/de\/wp-json\/wp\/v2\/media\/4691"}],"wp:attachment":[{"href":"https:\/\/lyfilter.com\/de\/wp-json\/wp\/v2\/media?parent=4683"}],"wp:term":[{"taxonomy":"product_brand","embeddable":true,"href":"https:\/\/lyfilter.com\/de\/wp-json\/wp\/v2\/product_brand?post=4683"},{"taxonomy":"product_cat","embeddable":true,"href":"https:\/\/lyfilter.com\/de\/wp-json\/wp\/v2\/product_cat?post=4683"},{"taxonomy":"product_tag","embeddable":true,"href":"https:\/\/lyfilter.com\/de\/wp-json\/wp\/v2\/product_tag?post=4683"}],"curies":[{"name":"wp","href":"https:\/\/api.w.org\/{rel}","templated":true}]}}