{"id":4679,"date":"2026-04-05T07:06:05","date_gmt":"2026-04-05T07:06:05","guid":{"rendered":"https:\/\/lyfilter.com\/"},"modified":"2026-04-05T07:06:05","modified_gmt":"2026-04-05T07:06:05","slug":"lvyuan-carbon-block-filter-cartridge-factory-for-industry","status":"publish","type":"product","link":"https:\/\/lyfilter.com\/de\/lvyuan-carbon-block-filter-cartridge-factory-for-industry\/","title":{"rendered":"Lvyuan Carbon Block Filterpatrone Fabrik f\u00fcr Industrie"},"content":{"rendered":"<p>Die Lvyuan Kohlenstoffblock-Filterpatrone wurde f\u00fcr industrielle Filtrationsanforderungen entwickelt und sorgt f\u00fcr sauberes Wasser, einen gleichm\u00e4\u00dfigen Durchfluss und einen sicheren Sitz. InversaFilterPurification hilft K\u00e4ufern bei der Auswahl von langlebigen Teilen, die in t\u00e4glichen Systemen reibungslos funktionieren.<\/p>","protected":false},"excerpt":{"rendered":"<table>\n<thead>\n<tr>\n<th>Anwendbare Industrien<\/th>\n<th>Produktionsanlagen, Lebensmittel- und Getr\u00e4nkefabrik, Wasseraufbereitung<\/th>\n<th>Service nach der Garantie<\/th>\n<th>Online-Unterst\u00fctzung<\/th>\n<th>Lokaler Dienstort<\/th>\n<th>keine<\/th>\n<\/tr>\n<\/thead>\n<tbody>\n<tr>\n<td>Standort des Ausstellungsraums<\/td>\n<td>keine<\/td>\n<td>Ort der Herkunft<\/td>\n<td>Guangdong, China<\/td>\n<td>Markenname<\/td>\n<td>Lvyuan oder OEM\/ ODM<\/td>\n<\/tr>\n<tr>\n<td>Material<\/td>\n<td>Kokosnusskohle, Kokosnusskohle, Kohlekohle<\/td>\n<td>Gewicht<\/td>\n<td>angepasst<\/td>\n<td>Gr\u00f6\u00dfe<\/td>\n<td>kundenspezifisch, kundenspezifisch<\/td>\n<\/tr>\n<tr>\n<td>Strom<\/td>\n<td>0<\/td>\n<td>Garantie<\/td>\n<td>Nicht verf\u00fcgbar<\/td>\n<td>Schl\u00fcsselw\u00f6rter<\/td>\n<td>filtert Aktivkohle<\/td>\n<\/tr>\n<tr>\n<td>After-Sales-Service<\/td>\n<td>Online-Unterst\u00fctzung<\/td>\n<td>Merkmal<\/td>\n<td>Geruch, Sediment, Geruch, etc. entfernen<\/td>\n<td>Anmeldung<\/td>\n<td>Vorfiltrierung<\/td>\n<\/tr>\n<tr>\n<td>Farbe<\/td>\n<td>Schwarz\/Grau<\/td>\n<td>Typ<\/td>\n<td>Wasserfilterteile<\/td>\n<td>Durchmesser<\/td>\n<td>angepasst<\/td>\n<\/tr>\n<tr>\n<td>Mikron-Rate<\/td>\n<td>5\/10\/25 Mikron<\/td>\n<td>Lieferf\u00e4higkeit<\/td>\n<td>500 St\u00fcck\/St\u00fcck pro Woche<\/td>\n<td><\/td>\n<td><\/td>\n<\/tr>\n<\/tbody>\n<\/table>","protected":false},"featured_media":4680,"comment_status":"open","ping_status":"closed","template":"","meta":{"_gspb_post_css":""},"product_brand":[],"product_cat":[1339],"product_tag":[1259,1763,1534,1258,1136,1753],"class_list":{"0":"post-4679","1":"product","2":"type-product","3":"status-publish","4":"has-post-thumbnail","6":"product_cat-carbon-filter","7":"product_tag-carbon-block-water-filter","8":"product_tag-industrial-filter-cartridge-factory","9":"product_tag-inversafilterpurification","10":"product_tag-lvyuan-carbon-block-filter-cartridge","11":"product_tag-water-filter-locks","12":"product_tag-water-filtration-supplier","14":"first","15":"instock","16":"shipping-taxable","17":"product-type-simple"},"_links":{"self":[{"href":"https:\/\/lyfilter.com\/de\/wp-json\/wp\/v2\/product\/4679","targetHints":{"allow":["GET"]}}],"collection":[{"href":"https:\/\/lyfilter.com\/de\/wp-json\/wp\/v2\/product"}],"about":[{"href":"https:\/\/lyfilter.com\/de\/wp-json\/wp\/v2\/types\/product"}],"replies":[{"embeddable":true,"href":"https:\/\/lyfilter.com\/de\/wp-json\/wp\/v2\/comments?post=4679"}],"wp:featuredmedia":[{"embeddable":true,"href":"https:\/\/lyfilter.com\/de\/wp-json\/wp\/v2\/media\/4680"}],"wp:attachment":[{"href":"https:\/\/lyfilter.com\/de\/wp-json\/wp\/v2\/media?parent=4679"}],"wp:term":[{"taxonomy":"product_brand","embeddable":true,"href":"https:\/\/lyfilter.com\/de\/wp-json\/wp\/v2\/product_brand?post=4679"},{"taxonomy":"product_cat","embeddable":true,"href":"https:\/\/lyfilter.com\/de\/wp-json\/wp\/v2\/product_cat?post=4679"},{"taxonomy":"product_tag","embeddable":true,"href":"https:\/\/lyfilter.com\/de\/wp-json\/wp\/v2\/product_tag?post=4679"}],"curies":[{"name":"wp","href":"https:\/\/api.w.org\/{rel}","templated":true}]}}