{"id":4662,"date":"2026-04-05T06:49:02","date_gmt":"2026-04-05T06:49:02","guid":{"rendered":"https:\/\/lyfilter.com\/"},"modified":"2026-04-05T06:49:02","modified_gmt":"2026-04-05T06:49:02","slug":"lvyuan-water-filter-wholesaler-for-industrysafe-carbon-block-filter-cartridge-exporter-for-water-purifier","status":"publish","type":"product","link":"https:\/\/lyfilter.com\/de\/lvyuan-water-filter-wholesaler-for-industrysafe-carbon-block-filter-cartridge-exporter-for-water-purifier\/","title":{"rendered":"Lvyuan Wasserfilter Gro\u00dfh\u00e4ndler f\u00fcr Industrysafe Carbon Block Filter Cartridge Exporter f\u00fcr Wasserreiniger"},"content":{"rendered":"<p><b>Vorteile f\u00fcr das Unternehmen<\/b><br \/>\n<b>1.<\/b>\u00a0Die Aktivkohle-Blockfilterpatrone von Lvyuan wird aus hochwertigen Materialien und von professionellen Mitarbeitern hergestellt. Kundenspezifische Endkappen-Konfigurationen sind verf\u00fcgbar, um spezifische Anforderungen zu erf\u00fcllen<br \/>\n<b>2.<\/b>\u00a0Das ausgepr\u00e4gte Qualit\u00e4tsbewusstsein ist auch ein Faktor, der zur hohen Qualit\u00e4t der Kohleblock-Filterpatrone beitr\u00e4gt. Sie hat eine gro\u00dfe effektive Filterfl\u00e4che<br \/>\n<b>3.<\/b>\u00a0Die Aktivkohleblock-Filterpatrone optimiert die Funktionen der Aktivkohleblock-Filterpatrone, wodurch auch die Effizienz verbessert wird. Sie ist mit abgestuften Poren ausgestattet, um Verunreinigungen \u00fcber den gesamten Querschnitt abzufangen und so die Effizienz zu verbessern.<br \/>\n<b>4.<\/b>\u00a0Lvyuan macht sich die fortschrittliche Entwicklungserfahrung zu Nutze, um die Wartung der Kohleblock-Filterpatrone zu vereinfachen. Sein Filtermedium ist entsprechend der unterschiedlichen Wasserqualit\u00e4t in der Anwendung anpassbar<\/p>","protected":false},"excerpt":{"rendered":"<table>\n<thead>\n<tr>\n<th>Anwendbare Industrien<\/th>\n<th>Produktionsanlagen, Lebensmittel- und Getr\u00e4nkefabrik, Wasseraufbereitung<\/th>\n<th>Service nach der Garantie<\/th>\n<th>Online-Unterst\u00fctzung<\/th>\n<th>Lokaler Dienstort<\/th>\n<th>keine<\/th>\n<\/tr>\n<\/thead>\n<tbody>\n<tr>\n<td>Standort des Ausstellungsraums<\/td>\n<td>keine<\/td>\n<td>Ort der Herkunft<\/td>\n<td>Guangdong, China<\/td>\n<td>Markenname<\/td>\n<td>Lvyuan oder OEM\/ ODM<\/td>\n<\/tr>\n<tr>\n<td>Material<\/td>\n<td>Kokosnusskohle, Kokosnusskohle, Kohlekohle<\/td>\n<td>Gewicht<\/td>\n<td>angepasst<\/td>\n<td>Gr\u00f6\u00dfe<\/td>\n<td>kundenspezifisch, kundenspezifisch<\/td>\n<\/tr>\n<tr>\n<td>Strom<\/td>\n<td>0<\/td>\n<td>Garantie<\/td>\n<td>Nicht verf\u00fcgbar<\/td>\n<td>Schl\u00fcsselw\u00f6rter<\/td>\n<td>Aktivkohle-Kokosnussschalenfilter<\/td>\n<\/tr>\n<tr>\n<td>After-Sales-Service<\/td>\n<td>Online-Unterst\u00fctzung<\/td>\n<td>Merkmal<\/td>\n<td>Geruch, Sediment, Geruch, etc. entfernen<\/td>\n<td>Anmeldung<\/td>\n<td>Vorfiltrierung<\/td>\n<\/tr>\n<tr>\n<td>Farbe<\/td>\n<td>Schwarz\/Grau<\/td>\n<td>Typ<\/td>\n<td>Wasserfilterteile<\/td>\n<td>Durchmesser<\/td>\n<td>angepasst<\/td>\n<\/tr>\n<tr>\n<td>Mikron-Rate<\/td>\n<td>5\/10\/25 Mikron<\/td>\n<td>Lieferf\u00e4higkeit<\/td>\n<td>500 St\u00fcck\/St\u00fcck pro Woche<\/td>\n<td><\/td>\n<td><\/td>\n<\/tr>\n<\/tbody>\n<\/table>","protected":false},"featured_media":4665,"comment_status":"open","ping_status":"closed","template":"","meta":{"_gspb_post_css":""},"product_brand":[],"product_cat":[1339],"product_tag":[1755,38,1534,1176,1136,1756],"class_list":{"0":"post-4662","1":"product","2":"type-product","3":"status-publish","4":"has-post-thumbnail","6":"product_cat-carbon-filter","7":"product_tag-carbon-block-filter-cartridge","8":"product_tag-industrial-water-filtration","9":"product_tag-inversafilterpurification","10":"product_tag-lvyuan-water-filter","11":"product_tag-water-filter-locks","12":"product_tag-water-purifier-filter-exporter","14":"first","15":"instock","16":"shipping-taxable","17":"product-type-simple"},"_links":{"self":[{"href":"https:\/\/lyfilter.com\/de\/wp-json\/wp\/v2\/product\/4662","targetHints":{"allow":["GET"]}}],"collection":[{"href":"https:\/\/lyfilter.com\/de\/wp-json\/wp\/v2\/product"}],"about":[{"href":"https:\/\/lyfilter.com\/de\/wp-json\/wp\/v2\/types\/product"}],"replies":[{"embeddable":true,"href":"https:\/\/lyfilter.com\/de\/wp-json\/wp\/v2\/comments?post=4662"}],"wp:featuredmedia":[{"embeddable":true,"href":"https:\/\/lyfilter.com\/de\/wp-json\/wp\/v2\/media\/4665"}],"wp:attachment":[{"href":"https:\/\/lyfilter.com\/de\/wp-json\/wp\/v2\/media?parent=4662"}],"wp:term":[{"taxonomy":"product_brand","embeddable":true,"href":"https:\/\/lyfilter.com\/de\/wp-json\/wp\/v2\/product_brand?post=4662"},{"taxonomy":"product_cat","embeddable":true,"href":"https:\/\/lyfilter.com\/de\/wp-json\/wp\/v2\/product_cat?post=4662"},{"taxonomy":"product_tag","embeddable":true,"href":"https:\/\/lyfilter.com\/de\/wp-json\/wp\/v2\/product_tag?post=4662"}],"curies":[{"name":"wp","href":"https:\/\/api.w.org\/{rel}","templated":true}]}}