{"id":4660,"date":"2026-04-05T06:46:19","date_gmt":"2026-04-05T06:46:19","guid":{"rendered":"https:\/\/lyfilter.com\/"},"modified":"2026-04-05T06:46:19","modified_gmt":"2026-04-05T06:46:19","slug":"lvyuan-water-filter-wholesaler-for-industry","status":"publish","type":"product","link":"https:\/\/lyfilter.com\/de\/lvyuan-water-filter-wholesaler-for-industry\/","title":{"rendered":"Lvyuan Wasserfilter Gro\u00dfh\u00e4ndler f\u00fcr Industrie"},"content":{"rendered":"<h3 class=\"do-entry-title\">Verpackung und Lieferung<\/h3>\n<div class=\"do-entry-list\">\n<dl class=\"do-entry-item\">\n<dt class=\"do-entry-item-key\">Verkaufen von Einheiten:<\/dt>\n<dd class=\"do-entry-item-val\">Einzelnes Element<\/dd>\n<\/dl>\n<dl class=\"do-entry-item\">\n<dt class=\"do-entry-item-key\" title=\"Gr\u00f6\u00dfe der Einzelverpackung:\">Gr\u00f6\u00dfe der Einzelverpackung:<\/dt>\n<dd class=\"do-entry-item-val\">35X15X15 cm<\/dd>\n<\/dl>\n<dl class=\"do-entry-item\">\n<dt class=\"do-entry-item-key\" title=\"Einfaches Bruttogewicht:\">Einfaches Bruttogewicht:<\/dt>\n<dd class=\"do-entry-item-val\">2.000 kg<\/dd>\n<\/dl>\n<dl class=\"do-entry-item\">\n<dt class=\"do-entry-item-key\">Verpackungsart:<\/dt>\n<dd class=\"do-entry-item-val pkg-method\">End ca\/p 334 einzigen oring 131mm Durchmesser 10 Zoll Jumbo hohen Durchfluss Aktivkohle-Block Wasser-Filter-Patrone f\u00fcr cto Filter Polybeutel und Kartonage Lieber Freund, k\u00f6nnen wir verschiedene Gr\u00f6\u00dfe der Aktivkohle-Filter, senden Sie bitte Anfrage an f\u00fcr den besten Preis. Danke.<\/dd>\n<\/dl>\n<dl class=\"do-entry-item\">\n<dt class=\"do-entry-item-key\" title=\"Vorlaufzeit\">Vorlaufzeit\u00a0<i class=\"next-icon next-icon-help next-icon-xs js-leadtimes-tips\"><\/i>:<\/dt>\n<dd class=\"do-entry-item-val\" title=\"Vorlaufzeit\">\n<div class=\"table-responsive\">\n<table class=\"supply-ability-table ui2-table ui2-table-normal ui2-table-zebra ui2-table-hover\">\n<tbody>\n<tr>\n<td>Menge (St\u00fcck)<\/td>\n<td>1 - 10000<\/td>\n<td>&gt;10000<\/td>\n<\/tr>\n<tr>\n<td>Gesch\u00e4tzte Zeit(Tage)<\/td>\n<td>15<\/td>\n<td>Noch zu verhandeln<\/td>\n<\/tr>\n<\/tbody>\n<\/table>\n<\/div>\n<\/dd>\n<\/dl>\n<\/div>","protected":false},"excerpt":{"rendered":"<table>\n<thead>\n<tr>\n<th>Gr\u00f6\u00dfe<\/th>\n<th>Benutzerdefinierte Gr\u00f6\u00dfe<\/th>\n<th>Typ<\/th>\n<th>Aerosolspray<\/th>\n<th>Ort der Herkunft<\/th>\n<th>Guangdong, China<\/th>\n<\/tr>\n<\/thead>\n<tbody>\n<tr>\n<td>Markenname<\/td>\n<td>OEM<\/td>\n<td>Modellnummer<\/td>\n<td>LV01<\/td>\n<td>Name<\/td>\n<td>Autolufterfrischer<\/td>\n<\/tr>\n<tr>\n<td>Material<\/td>\n<td>Kunststoff PE<\/td>\n<td>Verwendung<\/td>\n<td>Lufterfrischer<\/td>\n<td>Farbe<\/td>\n<td>Wei\u00df<\/td>\n<\/tr>\n<tr>\n<td>Verpacken<\/td>\n<td>1St\u00fcck\/Beutel<\/td>\n<td>Merkmal<\/td>\n<td>Umweltfreundlicher Auto-Lufterfrischer<\/td>\n<td>Geruch<\/td>\n<td>Lavendel, Ozean, Zitrone, Eau de Cologne, Mangetic<\/td>\n<\/tr>\n<tr>\n<td>MOQ<\/td>\n<td>1 Satz<\/td>\n<td>ZAHLUNGSBEDINGUNGEN<\/td>\n<td>Handelsgarantie, PayPal, T\/T<\/td>\n<td>Vorlaufzeit<\/td>\n<td>3-10 Tage<\/td>\n<\/tr>\n<\/tbody>\n<\/table>","protected":false},"featured_media":4661,"comment_status":"open","ping_status":"closed","template":"","meta":{"_gspb_post_css":""},"product_brand":[],"product_cat":[1202],"product_tag":[1754,1752,1534,1176,1136,1753],"class_list":{"0":"post-4660","1":"product","2":"type-product","3":"status-publish","4":"has-post-thumbnail","6":"product_cat-filter-cartridge","7":"product_tag-industrial-filter-locks","8":"product_tag-industrial-water-filter-wholesaler","9":"product_tag-inversafilterpurification","10":"product_tag-lvyuan-water-filter","11":"product_tag-water-filter-locks","12":"product_tag-water-filtration-supplier","14":"first","15":"instock","16":"shipping-taxable","17":"product-type-simple"},"_links":{"self":[{"href":"https:\/\/lyfilter.com\/de\/wp-json\/wp\/v2\/product\/4660","targetHints":{"allow":["GET"]}}],"collection":[{"href":"https:\/\/lyfilter.com\/de\/wp-json\/wp\/v2\/product"}],"about":[{"href":"https:\/\/lyfilter.com\/de\/wp-json\/wp\/v2\/types\/product"}],"replies":[{"embeddable":true,"href":"https:\/\/lyfilter.com\/de\/wp-json\/wp\/v2\/comments?post=4660"}],"wp:featuredmedia":[{"embeddable":true,"href":"https:\/\/lyfilter.com\/de\/wp-json\/wp\/v2\/media\/4661"}],"wp:attachment":[{"href":"https:\/\/lyfilter.com\/de\/wp-json\/wp\/v2\/media?parent=4660"}],"wp:term":[{"taxonomy":"product_brand","embeddable":true,"href":"https:\/\/lyfilter.com\/de\/wp-json\/wp\/v2\/product_brand?post=4660"},{"taxonomy":"product_cat","embeddable":true,"href":"https:\/\/lyfilter.com\/de\/wp-json\/wp\/v2\/product_cat?post=4660"},{"taxonomy":"product_tag","embeddable":true,"href":"https:\/\/lyfilter.com\/de\/wp-json\/wp\/v2\/product_tag?post=4660"}],"curies":[{"name":"wp","href":"https:\/\/api.w.org\/{rel}","templated":true}]}}