{"id":4653,"date":"2026-04-05T06:43:27","date_gmt":"2026-04-05T06:43:27","guid":{"rendered":"https:\/\/lyfilter.com\/"},"modified":"2026-04-05T06:43:27","modified_gmt":"2026-04-05T06:43:27","slug":"industrial-large-flux-cartridges-pleated-cartridge-filter-high-flow-filter-cartridge-for-r-o-water-purification-system","status":"publish","type":"product","link":"https:\/\/lyfilter.com\/de\/industrial-large-flux-cartridges-pleated-cartridge-filter-high-flow-filter-cartridge-for-r-o-water-purification-system\/","title":{"rendered":"Industrielle Patronen mit gro\u00dfem Durchfluss Faltenfilterpatrone mit hohem Durchfluss Filterpatrone f\u00fcr R.O Wasserreinigungssystem"},"content":{"rendered":"<p>Diese plissierte High-Flow-Kartusche wurde f\u00fcr anspruchsvolle Filtrationsanforderungen entwickelt und unterst\u00fctzt die Umkehrosmose-Wasserreinigung mit gleichm\u00e4\u00dfiger Leistung, gro\u00dfer Durchflusskapazit\u00e4t und einem sicheren Sitz, der dazu beitr\u00e4gt, dass industrielle Wassersysteme \u00fcber l\u00e4ngere Zeitr\u00e4ume hinweg sauberer bleiben.<\/p>","protected":false},"excerpt":{"rendered":"<table>\n<thead>\n<tr>\n<th>Feld<\/th>\n<th>Wert<\/th>\n<\/tr>\n<\/thead>\n<tbody>\n<tr>\n<td>Service nach der Garantie<\/td>\n<td>Online-Unterst\u00fctzung<\/td>\n<\/tr>\n<tr>\n<td>Lokaler Dienstort<\/td>\n<td>keine<\/td>\n<\/tr>\n<tr>\n<td>Standort des Ausstellungsraums<\/td>\n<td>keine<\/td>\n<\/tr>\n<tr>\n<td>Video-Ausgangsinspektion<\/td>\n<td>Zur Verf\u00fcgung gestellt<\/td>\n<\/tr>\n<tr>\n<td>Maschinen-Testbericht<\/td>\n<td>Nicht verf\u00fcgbar<\/td>\n<\/tr>\n<tr>\n<td>Marketing-Typ<\/td>\n<td>Gew\u00f6hnliches Produkt<\/td>\n<\/tr>\n<tr>\n<td>Garantie f\u00fcr Kernkomponenten<\/td>\n<td>Nicht verf\u00fcgbar<\/td>\n<\/tr>\n<tr>\n<td>Ort der Herkunft<\/td>\n<td>Guangdong, China<\/td>\n<\/tr>\n<tr>\n<td>Markenname<\/td>\n<td>Lvyuan \/ OEM<\/td>\n<\/tr>\n<tr>\n<td>Material<\/td>\n<td>Karton<\/td>\n<\/tr>\n<tr>\n<td>Gewicht<\/td>\n<td>h\u00e4ngt<\/td>\n<\/tr>\n<tr>\n<td>Gr\u00f6\u00dfe<\/td>\n<td>h\u00e4ngt<\/td>\n<\/tr>\n<tr>\n<td>Strom<\/td>\n<td>0<\/td>\n<\/tr>\n<tr>\n<td>Garantie<\/td>\n<td>Nicht verf\u00fcgbar<\/td>\n<\/tr>\n<tr>\n<td>Name des Produkts<\/td>\n<td>Filterpatrone mit hohem Durchfluss<\/td>\n<\/tr>\n<tr>\n<td>Mikron Rate<\/td>\n<td>1, 5, 10 bis 100 Mikrometer<\/td>\n<\/tr>\n<tr>\n<td>L\u00e4nge<\/td>\n<td>20\u2033, 40\u2033, 60\u201d Zoll<\/td>\n<\/tr>\n<tr>\n<td>Filter Medium<\/td>\n<td>PP, schmelzgeblasenes PP, Zellulose<\/td>\n<\/tr>\n<tr>\n<td>Code \/ Endkappe<\/td>\n<td>glasfaserverst\u00e4rktes Polypropylen<\/td>\n<\/tr>\n<tr>\n<td>Verwendung<\/td>\n<td>Fl\u00fcssigkeitsfilterelemente, Wasserfilterteile<\/td>\n<\/tr>\n<tr>\n<td>Innerer Kern<\/td>\n<td>PP oder Glasfaser<\/td>\n<\/tr>\n<tr>\n<td>Zertifizierung<\/td>\n<td>CE ISO<\/td>\n<\/tr>\n<tr>\n<td>Durchmesser<\/td>\n<td>6\u201d, 152mm \/ 6.5\u201d, 165mm<\/td>\n<\/tr>\n<tr>\n<td>Ersatz<\/td>\n<td>P\/ALL PARK\/ER 3\/M<\/td>\n<\/tr>\n<tr>\n<td>Kernkomponenten<\/td>\n<td>Fl\u00fcssigkeits-Patronenfilter<\/td>\n<\/tr>\n<tr>\n<td>Lieferf\u00e4higkeit<\/td>\n<td>5000 St\u00fcck\/St\u00fcck pro Woche Hochstromfilter<\/td>\n<\/tr>\n<\/tbody>\n<\/table>","protected":false},"featured_media":4654,"comment_status":"open","ping_status":"closed","template":"","meta":{"_gspb_post_css":""},"product_brand":[],"product_cat":[20,21],"product_tag":[1226,334,1751,1428,1750,1136],"class_list":{"0":"post-4653","1":"product","2":"type-product","3":"status-publish","4":"has-post-thumbnail","6":"product_cat-high-flow-filter-cartridge","7":"product_cat-pleated-filter-cartridge","8":"product_tag-high-flow-filter-cartridge","9":"product_tag-industrial-water-filter","10":"product_tag-large-flux-cartridge","11":"product_tag-pleated-cartridge-filter","12":"product_tag-r-o-water-purification-system","13":"product_tag-water-filter-locks","15":"first","16":"instock","17":"shipping-taxable","18":"product-type-simple"},"_links":{"self":[{"href":"https:\/\/lyfilter.com\/de\/wp-json\/wp\/v2\/product\/4653","targetHints":{"allow":["GET"]}}],"collection":[{"href":"https:\/\/lyfilter.com\/de\/wp-json\/wp\/v2\/product"}],"about":[{"href":"https:\/\/lyfilter.com\/de\/wp-json\/wp\/v2\/types\/product"}],"replies":[{"embeddable":true,"href":"https:\/\/lyfilter.com\/de\/wp-json\/wp\/v2\/comments?post=4653"}],"wp:featuredmedia":[{"embeddable":true,"href":"https:\/\/lyfilter.com\/de\/wp-json\/wp\/v2\/media\/4654"}],"wp:attachment":[{"href":"https:\/\/lyfilter.com\/de\/wp-json\/wp\/v2\/media?parent=4653"}],"wp:term":[{"taxonomy":"product_brand","embeddable":true,"href":"https:\/\/lyfilter.com\/de\/wp-json\/wp\/v2\/product_brand?post=4653"},{"taxonomy":"product_cat","embeddable":true,"href":"https:\/\/lyfilter.com\/de\/wp-json\/wp\/v2\/product_cat?post=4653"},{"taxonomy":"product_tag","embeddable":true,"href":"https:\/\/lyfilter.com\/de\/wp-json\/wp\/v2\/product_tag?post=4653"}],"curies":[{"name":"wp","href":"https:\/\/api.w.org\/{rel}","templated":true}]}}