{"id":4630,"date":"2026-04-05T06:24:51","date_gmt":"2026-04-05T06:24:51","guid":{"rendered":"https:\/\/lyfilter.com\/"},"modified":"2026-04-05T06:24:51","modified_gmt":"2026-04-05T06:24:51","slug":"single-high-pressure-liquid-filter-stainless-304-steel-high-flow-water-filter-housing-for-ro-desalination-water-treatment","status":"publish","type":"product","link":"https:\/\/lyfilter.com\/de\/single-high-pressure-liquid-filter-stainless-304-steel-high-flow-water-filter-housing-for-ro-desalination-water-treatment\/","title":{"rendered":"Einzelner Hochdruck-Fl\u00fcssigkeitsfilter Edelstahl 304 Stahl mit hohem Durchfluss Wasserfiltergeh\u00e4use f\u00fcr Ro\/Entsalzung Wasseraufbereitung"},"content":{"rendered":"<h3 class=\"do-entry-title\">Verpackung und Lieferung<\/h3>\n<div class=\"do-entry-list\">\n<dl class=\"do-entry-item\">\n<dt class=\"do-entry-item-key\">Verkaufen von Einheiten:<\/dt>\n<dd class=\"do-entry-item-val\">Einzelnes Element<\/dd>\n<\/dl>\n<dl class=\"do-entry-item\">\n<dt class=\"do-entry-item-key\" title=\"Gr\u00f6\u00dfe der Einzelverpackung:\">Gr\u00f6\u00dfe der Einzelverpackung:<\/dt>\n<dd class=\"do-entry-item-val\">35X18X25 cm<\/dd>\n<\/dl>\n<dl class=\"do-entry-item\">\n<dt class=\"do-entry-item-key\" title=\"Einfaches Bruttogewicht:\">Einfaches Bruttogewicht:<\/dt>\n<dd class=\"do-entry-item-val\">3.000 kg<\/dd>\n<\/dl>\n<dl class=\"do-entry-item\">\n<dt class=\"do-entry-item-key\">Verpackungsart:<\/dt>\n<dd class=\"do-entry-item-val pkg-method\">Einzelner Hochdruck-Fl\u00fcssigkeitsfilter aus rostfreiem 304-Stahl mit hohem Durchfluss f\u00fcr die Wasseraufbereitung durch RO\/Entsalzung: Verpackung: Export-Standardkarton\/nach Bedarf<\/dd>\n<\/dl>\n<dl class=\"do-entry-item\">\n<dt class=\"do-entry-item-key\" title=\"Vorlaufzeit\">Vorlaufzeit\u00a0<i class=\"next-icon next-icon-help next-icon-xs js-leadtimes-tips\"><\/i>:<\/dt>\n<dd class=\"do-entry-item-val\" title=\"Vorlaufzeit\">\n<div class=\"table-responsive\">\n<table class=\"supply-ability-table ui2-table ui2-table-normal ui2-table-zebra ui2-table-hover\">\n<tbody>\n<tr>\n<td>Menge (Einheiten)<\/td>\n<td>1 - 10<\/td>\n<td>11 - 100<\/td>\n<td>&gt;100<\/td>\n<\/tr>\n<tr>\n<td>Gesch\u00e4tzte Zeit(Tage)<\/td>\n<td>5<\/td>\n<td>10<\/td>\n<td>Noch zu verhandeln<\/td>\n<\/tr>\n<\/tbody>\n<\/table>\n<\/div>\n<\/dd>\n<\/dl>\n<\/div>","protected":false},"excerpt":{"rendered":"<table>\n<thead>\n<tr>\n<th>Feld<\/th>\n<th>Wert<\/th>\n<\/tr>\n<\/thead>\n<tbody>\n<tr>\n<td>Ort der Herkunft<\/td>\n<td>Guangdong, China<\/td>\n<\/tr>\n<tr>\n<td>Markenname<\/td>\n<td>Kundenspezifisch<\/td>\n<\/tr>\n<tr>\n<td>Material<\/td>\n<td>Kundenspezifisch<\/td>\n<\/tr>\n<tr>\n<td>Gewicht<\/td>\n<td>Kundenspezifisch<\/td>\n<\/tr>\n<tr>\n<td>Gr\u00f6\u00dfe<\/td>\n<td>Kundenspezifisch<\/td>\n<\/tr>\n<tr>\n<td>Strom<\/td>\n<td>0<\/td>\n<\/tr>\n<tr>\n<td>Garantie<\/td>\n<td>1 Jahr<\/td>\n<\/tr>\n<tr>\n<td>After-Sales-Service<\/td>\n<td>Online-Unterst\u00fctzung<\/td>\n<\/tr>\n<tr>\n<td>Artikel Name<\/td>\n<td>Einfacher Fl\u00fcssigkeitsfilter aus rostfreiem Stahl mit hohem Durchfluss und Wasserfiltergeh\u00e4use<\/td>\n<\/tr>\n<tr>\n<td>Material des Geh\u00e4uses<\/td>\n<td>SS304\/SS316L<\/td>\n<\/tr>\n<tr>\n<td>L\u00e4nge der Filterpatrone<\/td>\n<td>10\u2033 20\u2033 30\u2033 40\u2033<\/td>\n<\/tr>\n<tr>\n<td>Anzahl der Patronenfilter<\/td>\n<td>Einzelner Kern<\/td>\n<\/tr>\n<tr>\n<td>Oberfl\u00e4chenbehandlung<\/td>\n<td>Poliert &amp; Sandgestrahlt<\/td>\n<\/tr>\n<tr>\n<td>O-Ring Dichtung<\/td>\n<td>Elastik\/NBR\/EPDM\/Viton<\/td>\n<\/tr>\n<tr>\n<td>Typ der installierten Oberkappe<\/td>\n<td>Klammer-Typ<\/td>\n<\/tr>\n<tr>\n<td>Steckertyp<\/td>\n<td>222\/226\/DOE<\/td>\n<\/tr>\n<tr>\n<td>Einlass &amp; Auslass Typ<\/td>\n<td>Innengewinde<\/td>\n<\/tr>\n<tr>\n<td>Verpackungsmethode<\/td>\n<td>Standardbox exportieren<\/td>\n<\/tr>\n<\/tbody>\n<\/table>","protected":false},"featured_media":4632,"comment_status":"open","ping_status":"closed","template":"","meta":{"_gspb_post_css":""},"product_brand":[],"product_cat":[15],"product_tag":[1740,1739,1534,68,1741,1356],"class_list":{"0":"post-4630","1":"product","2":"type-product","3":"status-publish","4":"has-post-thumbnail","6":"product_cat-stainless-steel-filter-housing","7":"product_tag-high-flow-filter-housing","8":"product_tag-high-pressure-water-filter-housing","9":"product_tag-inversafilterpurification","10":"product_tag-liquid-filter-housing","11":"product_tag-ro-desalination-filter-housing","12":"product_tag-stainless-steel-304-filter-housing","14":"first","15":"instock","16":"shipping-taxable","17":"product-type-simple"},"_links":{"self":[{"href":"https:\/\/lyfilter.com\/de\/wp-json\/wp\/v2\/product\/4630","targetHints":{"allow":["GET"]}}],"collection":[{"href":"https:\/\/lyfilter.com\/de\/wp-json\/wp\/v2\/product"}],"about":[{"href":"https:\/\/lyfilter.com\/de\/wp-json\/wp\/v2\/types\/product"}],"replies":[{"embeddable":true,"href":"https:\/\/lyfilter.com\/de\/wp-json\/wp\/v2\/comments?post=4630"}],"wp:featuredmedia":[{"embeddable":true,"href":"https:\/\/lyfilter.com\/de\/wp-json\/wp\/v2\/media\/4632"}],"wp:attachment":[{"href":"https:\/\/lyfilter.com\/de\/wp-json\/wp\/v2\/media?parent=4630"}],"wp:term":[{"taxonomy":"product_brand","embeddable":true,"href":"https:\/\/lyfilter.com\/de\/wp-json\/wp\/v2\/product_brand?post=4630"},{"taxonomy":"product_cat","embeddable":true,"href":"https:\/\/lyfilter.com\/de\/wp-json\/wp\/v2\/product_cat?post=4630"},{"taxonomy":"product_tag","embeddable":true,"href":"https:\/\/lyfilter.com\/de\/wp-json\/wp\/v2\/product_tag?post=4630"}],"curies":[{"name":"wp","href":"https:\/\/api.w.org\/{rel}","templated":true}]}}