{"id":4619,"date":"2026-04-05T06:15:24","date_gmt":"2026-04-05T06:15:24","guid":{"rendered":"https:\/\/lyfilter.com\/"},"modified":"2026-04-05T06:15:24","modified_gmt":"2026-04-05T06:15:24","slug":"150-200-micron-180810mm-ss316l-single-bag-filter-housings","status":"publish","type":"product","link":"https:\/\/lyfilter.com\/de\/150-200-micron-180810mm-ss316l-single-bag-filter-housings\/","title":{"rendered":"150 200 Mikron 180*810mm SS316L Einbeutelfilter-Geh\u00e4use"},"content":{"rendered":"<div id=\"ali-anchor-AliMagic-irt6i0\" class=\"magic-0\" data-section=\"AliMagic-irt6i0\" data-section-title=\"Product Description\"><strong>Top-Entry-Edelstahl-Einzelbeutel-Filtergeh\u00e4use mit 1 5 10 25 50 75 100 150 200 Mikron<\/strong><\/div>\n<div class=\"magic-0\" data-section=\"AliMagic-irt6i0\" data-section-title=\"Product Description\"><\/div>\n<div class=\"icbu-pc-images magic-1\">\n<div class=\"flex-layout-v\">\n<div class=\"flex-layout-h magic-1\">\n<div class=\"magic-2\">Das Schlauchfiltergeh\u00e4use ist eine Art Mehrzweck-Filteranlage mit neuartiger Struktur, geringer Gr\u00f6\u00dfe, einfacher und flexibler Bedienung, Energieeinsparung, hoher Effizienz, luftdichtem Betrieb und starker Anwendbarkeit. Das Beutelfiltergeh\u00e4use ist eine neue Art von Filtersystem. Im Inneren des Beutelfiltergeh\u00e4uses wird der Filterbeutel von einem Metallgitterkorb getragen. Die Fl\u00fcssigkeit str\u00f6mt durch den Einlass ein und flie\u00dft durch den Auslass ab, nachdem sie durch den Filterbeutel gefiltert wurde. Verunreinigungen werden im Filterbeutel aufgefangen und k\u00f6nnen nach dem Auswechseln des Filterbeutels kontinuierlich verwendet werden.<\/div>\n<div class=\"magic-2\"><\/div>\n<div class=\"magic-2\"><strong>Merkmal:<\/strong><\/div>\n<div class=\"magic-2\"><\/div>\n<div class=\"magic-2\">\n<ul>\n<li>Das Beutelfiltergeh\u00e4use hat eine kompakte Struktur und eine angemessene Gr\u00f6\u00dfe. Die Installation und der Betrieb sind einfach und bequem und nehmen nur wenig Platz in Anspruch.<\/li>\n<li>Das Geh\u00e4use des Beutelfilters hat eine hohe Filtrationsgenauigkeit und eignet sich f\u00fcr alle feinen Partikel oder Schwebstoffe, wobei der Filtrationsbereich von 0,5 bis 100 Mikron reichen kann.<\/li>\n<li>Der Durchfluss pro Filtrationseinheit ist gro\u00df, der Filtrationswiderstand ist gering und die Filtrationsleistung ist hoch. Die Filterfunktion eines Fl\u00fcssigkeitsfiltersacks entspricht dem 5-10-fachen des\u00a0<a href=\"https:\/\/lyfilter.com\/de\/products.html\/\">Filtereinsatz<\/a>, Der Durchfluss kann die Anforderungen von 1~500m3\/h erf\u00fcllen, und die Kosten sind niedrig.<\/li>\n<li>Das Geh\u00e4use des Beutelfilters ist vielseitig einsetzbar und kann f\u00fcr die Grob-, Zwischen- und Feinfiltration verwendet werden. Bei gleichem Filtrationseffekt sind die Investitionskosten im Vergleich zu Platten- und Rahmenfiltern, Filterelementen und anderen Ausr\u00fcstungen geringer und die Lebensdauer ist l\u00e4nger.<\/li>\n<\/ul>\n<\/div>\n<\/div>\n<\/div>\n<\/div>","protected":false},"excerpt":{"rendered":"<table>\n<thead>\n<tr>\n<th>Feld<\/th>\n<th>Wert<\/th>\n<\/tr>\n<\/thead>\n<tbody>\n<tr>\n<td>Start Hafen<\/td>\n<td>Guangzhou<\/td>\n<\/tr>\n<tr>\n<td>Produktionskapazit\u00e4t<\/td>\n<td>10000 Einheiten\/Monat<\/td>\n<\/tr>\n<tr>\n<td>Ort der Herkunft<\/td>\n<td>Guangdong, China<\/td>\n<\/tr>\n<tr>\n<td>Zahlung<\/td>\n<td>T\/T<\/td>\n<\/tr>\n<tr>\n<td>MOQ<\/td>\n<td>1 St\u00fcck<\/td>\n<\/tr>\n<tr>\n<td>Modell<\/td>\n<td>LY-HFPL-7<\/td>\n<\/tr>\n<tr>\n<td>Lieferfrist<\/td>\n<td>Innerhalb von 7 Arbeitstagen<\/td>\n<\/tr>\n<tr>\n<td>Zertifizierung<\/td>\n<td>ISO 9001<\/td>\n<\/tr>\n<tr>\n<td>Marke<\/td>\n<td>OEM\/Lvyuan<\/td>\n<\/tr>\n<\/tbody>\n<\/table>","protected":false},"featured_media":4621,"comment_status":"open","ping_status":"closed","template":"","meta":{"_gspb_post_css":""},"product_brand":[],"product_cat":[15],"product_tag":[1733,1734,1510,1534,1732,1320],"class_list":{"0":"post-4619","1":"product","2":"type-product","3":"status-publish","4":"has-post-thumbnail","6":"product_cat-stainless-steel-filter-housing","7":"product_tag-150-micron-bag-filter-housing","8":"product_tag-200-micron-bag-filter-housing","9":"product_tag-industrial-water-filtration-housing","10":"product_tag-inversafilterpurification","11":"product_tag-ss316l-single-bag-filter-housing","12":"product_tag-stainless-steel-bag-filter","14":"first","15":"instock","16":"shipping-taxable","17":"product-type-simple"},"_links":{"self":[{"href":"https:\/\/lyfilter.com\/de\/wp-json\/wp\/v2\/product\/4619","targetHints":{"allow":["GET"]}}],"collection":[{"href":"https:\/\/lyfilter.com\/de\/wp-json\/wp\/v2\/product"}],"about":[{"href":"https:\/\/lyfilter.com\/de\/wp-json\/wp\/v2\/types\/product"}],"replies":[{"embeddable":true,"href":"https:\/\/lyfilter.com\/de\/wp-json\/wp\/v2\/comments?post=4619"}],"wp:featuredmedia":[{"embeddable":true,"href":"https:\/\/lyfilter.com\/de\/wp-json\/wp\/v2\/media\/4621"}],"wp:attachment":[{"href":"https:\/\/lyfilter.com\/de\/wp-json\/wp\/v2\/media?parent=4619"}],"wp:term":[{"taxonomy":"product_brand","embeddable":true,"href":"https:\/\/lyfilter.com\/de\/wp-json\/wp\/v2\/product_brand?post=4619"},{"taxonomy":"product_cat","embeddable":true,"href":"https:\/\/lyfilter.com\/de\/wp-json\/wp\/v2\/product_cat?post=4619"},{"taxonomy":"product_tag","embeddable":true,"href":"https:\/\/lyfilter.com\/de\/wp-json\/wp\/v2\/product_tag?post=4619"}],"curies":[{"name":"wp","href":"https:\/\/api.w.org\/{rel}","templated":true}]}}