{"id":4617,"date":"2026-04-05T06:13:25","date_gmt":"2026-04-05T06:13:25","guid":{"rendered":"https:\/\/lyfilter.com\/"},"modified":"2026-04-05T06:13:25","modified_gmt":"2026-04-05T06:13:25","slug":"lvyuan-filter-ss-micron-filter-housing-made-in-china-for-water-purifier","status":"publish","type":"product","link":"https:\/\/lyfilter.com\/de\/lvyuan-filter-ss-micron-filter-housing-made-in-china-for-water-purifier\/","title":{"rendered":"Lvyuan Filter SS Micron Filtergeh\u00e4use hergestellt in China f\u00fcr Wasserreiniger"},"content":{"rendered":"<p>Dieses SS-Mikronfiltergeh\u00e4use von Lvyuan Filter wurde f\u00fcr eine zuverl\u00e4ssige Wasserreinigung gebaut und bietet eine lange Lebensdauer aus Edelstahl, eine stabile Druckverarbeitung und eine saubere Filtrationsleistung f\u00fcr einen sicheren und reibungslosen t\u00e4glichen Systembetrieb.<\/p>","protected":false},"excerpt":{"rendered":"<table>\n<thead>\n<tr>\n<th>Feld<\/th>\n<th>Wert<\/th>\n<\/tr>\n<\/thead>\n<tbody>\n<tr>\n<td>Ort der Herkunft<\/td>\n<td>Guangdong, China<\/td>\n<\/tr>\n<tr>\n<td>Markenname<\/td>\n<td>Lvyuan,OEM,ODM<\/td>\n<\/tr>\n<tr>\n<td>Material<\/td>\n<td>rostfreier Stahl<\/td>\n<\/tr>\n<tr>\n<td>Gewicht<\/td>\n<td>angepasst<\/td>\n<\/tr>\n<tr>\n<td>Gr\u00f6\u00dfe<\/td>\n<td>angepasst<\/td>\n<\/tr>\n<tr>\n<td>Strom<\/td>\n<td>angepasst<\/td>\n<\/tr>\n<tr>\n<td>Garantie<\/td>\n<td>1 Jahr<\/td>\n<\/tr>\n<tr>\n<td>After-Sales-Service<\/td>\n<td>Online-Unterst\u00fctzung<\/td>\n<\/tr>\n<tr>\n<td>Merkmal<\/td>\n<td>leicht zu installieren<\/td>\n<\/tr>\n<tr>\n<td>L\u00e4nge<\/td>\n<td>10\u201d, 20\u201d, 30\u2032, \u201940\u201d<\/td>\n<\/tr>\n<tr>\n<td>Zertifizierung<\/td>\n<td>ISO, SGS<\/td>\n<\/tr>\n<tr>\n<td>Oberfl\u00e4che<\/td>\n<td>poliert oder gespiegelt<\/td>\n<\/tr>\n<tr>\n<td>Rohmaterial<\/td>\n<td>sus304, sus316<\/td>\n<\/tr>\n<tr>\n<td>Arbeitsdruck<\/td>\n<td>150Psi<\/td>\n<\/tr>\n<tr>\n<td>Schlie\u00dfung<\/td>\n<td>Klecks und Nuss<\/td>\n<\/tr>\n<tr>\n<td>Kartuschenmenge<\/td>\n<td>1 bis 160 St\u00fcck<\/td>\n<\/tr>\n<tr>\n<td>Schl\u00fcsselw\u00f6rter<\/td>\n<td>Filtergeh\u00e4use aus rostfreiem Stahl<\/td>\n<\/tr>\n<tr>\n<td>Betriebsdruck<\/td>\n<td>7 kg\/cm2<\/td>\n<\/tr>\n<tr>\n<td>Lieferf\u00e4higkeit<\/td>\n<td>5000 St\u00fcck\/St\u00fcck pro Jahr<\/td>\n<\/tr>\n<\/tbody>\n<\/table>","protected":false},"featured_media":4618,"comment_status":"open","ping_status":"closed","template":"","meta":{"_gspb_post_css":""},"product_brand":[],"product_cat":[15],"product_tag":[1731,1534,1242,1730,34,1706],"class_list":{"0":"post-4617","1":"product","2":"type-product","3":"status-publish","4":"has-post-thumbnail","6":"product_cat-stainless-steel-filter-housing","7":"product_tag-china-made-filter-housing","8":"product_tag-inversafilterpurification","9":"product_tag-lvyuan-filter","10":"product_tag-ss-micron-filter-housing","11":"product_tag-stainless-steel-filter-housing","12":"product_tag-water-purifier-housing","14":"first","15":"instock","16":"shipping-taxable","17":"product-type-simple"},"_links":{"self":[{"href":"https:\/\/lyfilter.com\/de\/wp-json\/wp\/v2\/product\/4617","targetHints":{"allow":["GET"]}}],"collection":[{"href":"https:\/\/lyfilter.com\/de\/wp-json\/wp\/v2\/product"}],"about":[{"href":"https:\/\/lyfilter.com\/de\/wp-json\/wp\/v2\/types\/product"}],"replies":[{"embeddable":true,"href":"https:\/\/lyfilter.com\/de\/wp-json\/wp\/v2\/comments?post=4617"}],"wp:featuredmedia":[{"embeddable":true,"href":"https:\/\/lyfilter.com\/de\/wp-json\/wp\/v2\/media\/4618"}],"wp:attachment":[{"href":"https:\/\/lyfilter.com\/de\/wp-json\/wp\/v2\/media?parent=4617"}],"wp:term":[{"taxonomy":"product_brand","embeddable":true,"href":"https:\/\/lyfilter.com\/de\/wp-json\/wp\/v2\/product_brand?post=4617"},{"taxonomy":"product_cat","embeddable":true,"href":"https:\/\/lyfilter.com\/de\/wp-json\/wp\/v2\/product_cat?post=4617"},{"taxonomy":"product_tag","embeddable":true,"href":"https:\/\/lyfilter.com\/de\/wp-json\/wp\/v2\/product_tag?post=4617"}],"curies":[{"name":"wp","href":"https:\/\/api.w.org\/{rel}","templated":true}]}}