{"id":4608,"date":"2026-04-05T06:07:21","date_gmt":"2026-04-05T06:07:21","guid":{"rendered":"https:\/\/lyfilter.com\/"},"modified":"2026-04-05T06:07:21","modified_gmt":"2026-04-05T06:07:21","slug":"50-micron-filter-bag-oem-by-lvyuan-filter","status":"publish","type":"product","link":"https:\/\/lyfilter.com\/de\/50-micron-filter-bag-oem-by-lvyuan-filter\/","title":{"rendered":"50 Mikron Filterbeutel OEM von Lvyuan Filter"},"content":{"rendered":"<p><b>Produktdetails des 50-Mikron-Filterbeutels<\/b><\/p>\n<p>&nbsp;<\/p>\n<p><b>Produkt-Spezifikation<\/b><\/p>\n<p>Verf\u00fcgbarkeit: OEM<\/p>\n<p>&nbsp;<\/p>\n<p><b>Beschreibung des Produkts<\/b><\/p>\n<p>Dieser 50-Mikron-Filterbeutel wurde unter Verwendung von hochwertigem Material in \u00dcbereinstimmung mit den internationalen Qualit\u00e4tsstandards entwickelt. Das Produkt hat eine stabile Leistung und kann in einem guten Zustand gelagert werden. Die \u2018Sorge um die Bed\u00fcrfnisse der Kunden\u2019 ist der Eckpfeiler der kontinuierlich steigenden Leistung von Guangzhou Lvyuan Water Purification Equipment Co, Ltd.<\/p>\n<p><strong>SS 304 316 Edelstahl-Filterbeutel<\/strong><\/p>\n<p>BEVORZUGTES FILTERMATERIAL AUS EDELSTAHL 304<\/p>\n<p>Der Edelstahl-Fittersack besteht aus nicht verformbarem, gesponnenem Edelstahl (SUS304 oder SUS316) und wird nach den vorgegebenen Spezifikationen zu einem Netz gewebt. Nach der W\u00e4rmebehandlung wird es zu einem monofilen Netz. Das Geflecht bildet eine glatte Oberfl\u00e4che, die leicht zu reinigen ist und wiederholt verwendet werden kann. Gleichzeitig ist es f\u00fcr die Filtration einiger Fl\u00fcssigkeiten mit hohem Verunreinigungsgehalt geeignet, was die Kosten der Filtration reduziert.<\/p>\n<p>HILFSSTOFFE VON H\u00d6CHSTER QUALIT\u00c4T<\/p>\n<p>Qualitativ hochwertiges Zubeh\u00f6r ist eine unabdingbare Voraussetzung f\u00fcr die Herstellung von guten Filterbeuteln. Nur durch unsere strenge Kontrolle der Lieferanten kann qualitativ hochwertiges Zubeh\u00f6r ausgew\u00e4hlt werden, und nur nachdem es die Fluoreszenz- und Weichmachertests bestanden hat, kann es zur Herstellung von Filterbeuteln verwendet werden.<\/p>","protected":false},"excerpt":{"rendered":"<table>\n<thead>\n<tr>\n<th>Feld<\/th>\n<th>Wert<\/th>\n<\/tr>\n<\/thead>\n<tbody>\n<tr>\n<td>Zahlung<\/td>\n<td>T\/T, Alibaba Trade Assurance, paypal<\/td>\n<\/tr>\n<tr>\n<td>Modell<\/td>\n<td>LY-HFPL<\/td>\n<\/tr>\n<tr>\n<td>Lieferfrist<\/td>\n<td>Innerhalb von 7 Arbeitstagen<\/td>\n<\/tr>\n<tr>\n<td>Zertifizierung<\/td>\n<td>ISO 9001<\/td>\n<\/tr>\n<\/tbody>\n<\/table>","protected":false},"featured_media":4609,"comment_status":"open","ping_status":"closed","template":"","meta":{"_gspb_post_css":""},"product_brand":[],"product_cat":[1054],"product_tag":[1726,1728,1534,1242,1727,1729],"class_list":{"0":"post-4608","1":"product","2":"type-product","3":"status-publish","4":"has-post-thumbnail","6":"product_cat-filter-bag","7":"product_tag-50-micron-filter-bag","8":"product_tag-industrial-filter-bag","9":"product_tag-inversafilterpurification","10":"product_tag-lvyuan-filter","11":"product_tag-oem-filter-bag","12":"product_tag-water-filtration-bag","14":"first","15":"instock","16":"shipping-taxable","17":"product-type-simple"},"_links":{"self":[{"href":"https:\/\/lyfilter.com\/de\/wp-json\/wp\/v2\/product\/4608","targetHints":{"allow":["GET"]}}],"collection":[{"href":"https:\/\/lyfilter.com\/de\/wp-json\/wp\/v2\/product"}],"about":[{"href":"https:\/\/lyfilter.com\/de\/wp-json\/wp\/v2\/types\/product"}],"replies":[{"embeddable":true,"href":"https:\/\/lyfilter.com\/de\/wp-json\/wp\/v2\/comments?post=4608"}],"wp:featuredmedia":[{"embeddable":true,"href":"https:\/\/lyfilter.com\/de\/wp-json\/wp\/v2\/media\/4609"}],"wp:attachment":[{"href":"https:\/\/lyfilter.com\/de\/wp-json\/wp\/v2\/media?parent=4608"}],"wp:term":[{"taxonomy":"product_brand","embeddable":true,"href":"https:\/\/lyfilter.com\/de\/wp-json\/wp\/v2\/product_brand?post=4608"},{"taxonomy":"product_cat","embeddable":true,"href":"https:\/\/lyfilter.com\/de\/wp-json\/wp\/v2\/product_cat?post=4608"},{"taxonomy":"product_tag","embeddable":true,"href":"https:\/\/lyfilter.com\/de\/wp-json\/wp\/v2\/product_tag?post=4608"}],"curies":[{"name":"wp","href":"https:\/\/api.w.org\/{rel}","templated":true}]}}