{"id":4599,"date":"2026-04-05T04:08:31","date_gmt":"2026-04-05T04:08:31","guid":{"rendered":"https:\/\/lyfilter.com\/"},"modified":"2026-04-05T04:08:31","modified_gmt":"2026-04-05T04:08:31","slug":"efficient-sintered-filter-elements-highly-rated-for-purify","status":"publish","type":"product","link":"https:\/\/lyfilter.com\/de\/efficient-sintered-filter-elements-highly-rated-for-purify\/","title":{"rendered":"Effiziente gesinterte Filterelemente mit hoher Bewertung f\u00fcr Purify"},"content":{"rendered":"<p><b>Vorteile f\u00fcr das Unternehmen<\/b><br \/>\n<b>1.<\/b>\u00a0<a href=\"https:\/\/lyfilter.com\/de\/\">Lvyuan-Filter<\/a>\u00a0Die gesinterten Filterelemente werden mit hochentwickelten Anlagen und geschickten Mitarbeitern hergestellt. Die innere St\u00fctzschicht ist eng mit dem Filtermaterial verbunden, wodurch es eine hohe Schlagfestigkeit aufweist.<br \/>\n<b>2.<\/b>\u00a0Die Zertifizierung zeigt auch die gute Qualit\u00e4t der gesinterten Filterelemente. Mit einer gro\u00dfen Anzahl von konischen Befestigungsl\u00f6chern im Inneren, hat es eine hohe Schmutzaufnahmekapazit\u00e4t<br \/>\n<b>3.<\/b>\u00a0gesinterte Filterelemente Das Material ist nicht nur sorgf\u00e4ltig ausgew\u00e4hlt und gut verarbeitet, sondern hat auch eine hohe Zugfestigkeit, eine hohe Z\u00e4higkeit, eine ausgezeichnete Leistung, eine stabile Qualit\u00e4t und eine zuverl\u00e4ssige Qualit\u00e4t.<br \/>\n<b>4.<\/b>\u00a0Sinterfilterelemente sind nicht nur vern\u00fcnftig im Design, einfach in der Struktur, leicht zu installieren und einfach zu bedienen, sie haben auch eine gute Korrosionsbest\u00e4ndigkeit, Verschlei\u00dffestigkeit und Schlagfestigkeit, sind langlebig und haben eine lange Nutzungsdauer.<br \/>\n<b>5.<\/b>\u00a0Die gesinterten Filterelemente werden unter strikter Einhaltung der Vorschriften f\u00fcr das Qualit\u00e4tsmanagement bei der Herstellung von Kosmetikflaschen hergestellt und haben die strenge Qualit\u00e4tskontrolle der nationalen Beh\u00f6rde bestanden. Sie sind sichere, umweltfreundliche und zuverl\u00e4ssige Produkte.<\/p>","protected":false},"excerpt":{"rendered":"<table>\n<thead>\n<tr>\n<th>Feld<\/th>\n<th>Wert<\/th>\n<\/tr>\n<\/thead>\n<tbody>\n<tr>\n<td>Service nach der Garantie<\/td>\n<td>Online-Unterst\u00fctzung<\/td>\n<\/tr>\n<tr>\n<td>Lokaler Dienstort<\/td>\n<td>keine<\/td>\n<\/tr>\n<tr>\n<td>Standort des Ausstellungsraums<\/td>\n<td>keine<\/td>\n<\/tr>\n<tr>\n<td>Video-Ausgangsinspektion<\/td>\n<td>Zur Verf\u00fcgung gestellt<\/td>\n<\/tr>\n<tr>\n<td>Maschinen-Testbericht<\/td>\n<td>Zur Verf\u00fcgung gestellt<\/td>\n<\/tr>\n<tr>\n<td>Marketing-Typ<\/td>\n<td>Gew\u00f6hnliches Produkt<\/td>\n<\/tr>\n<tr>\n<td>Garantie f\u00fcr Kernkomponenten<\/td>\n<td>1 Jahr<\/td>\n<\/tr>\n<tr>\n<td>Kernkomponenten<\/td>\n<td>Druckbeh\u00e4lter<\/td>\n<\/tr>\n<tr>\n<td>Ort der Herkunft<\/td>\n<td>Guangdong, China<\/td>\n<\/tr>\n<tr>\n<td>Markenname<\/td>\n<td>Lvyuan\/OEM<\/td>\n<\/tr>\n<tr>\n<td>Garantie<\/td>\n<td>1 Jahr<\/td>\n<\/tr>\n<tr>\n<td>After-Sales-Service<\/td>\n<td>Online-Unterst\u00fctzung<\/td>\n<\/tr>\n<tr>\n<td>Merkmal<\/td>\n<td>gute Durchl\u00e4ssigkeit<\/td>\n<\/tr>\n<tr>\n<td>L\u00e4nge<\/td>\n<td>10\/20\/30\/40 Zoll oder kundenspezifisch<\/td>\n<\/tr>\n<tr>\n<td>Material<\/td>\n<td>Edelstahlgewebe<\/td>\n<\/tr>\n<tr>\n<td>Form<\/td>\n<td>Zylinder<\/td>\n<\/tr>\n<tr>\n<td>Verwendung<\/td>\n<td>Wasseraufbereitung<\/td>\n<\/tr>\n<tr>\n<td>Anmeldung<\/td>\n<td>Industrie<\/td>\n<\/tr>\n<tr>\n<td>Farbe<\/td>\n<td>Band<\/td>\n<\/tr>\n<tr>\n<td>Verpacken<\/td>\n<td>Papierschachtel<\/td>\n<\/tr>\n<tr>\n<td>Abtragleistung<\/td>\n<td>2 bis 200\u03bcm<\/td>\n<\/tr>\n<tr>\n<td>Vorteil<\/td>\n<td>Wiederverwendung<\/td>\n<\/tr>\n<tr>\n<td>Lieferf\u00e4higkeit<\/td>\n<td>500 St\u00fcck\/St\u00fcck pro Tag<\/td>\n<\/tr>\n<\/tbody>\n<\/table>","protected":false},"featured_media":4600,"comment_status":"open","ping_status":"closed","template":"","meta":{"_gspb_post_css":""},"product_brand":[],"product_cat":[20],"product_tag":[1722,1714,1534,1723,1721,1182],"class_list":{"0":"post-4599","1":"product","2":"type-product","3":"status-publish","4":"has-post-thumbnail","6":"product_cat-high-flow-filter-cartridge","7":"product_tag-high-efficiency-filter-element","8":"product_tag-industrial-purification-filter","9":"product_tag-inversafilterpurification","10":"product_tag-porous-metal-filter","11":"product_tag-sintered-filter-elements","12":"product_tag-water-purification-filter","14":"first","15":"instock","16":"shipping-taxable","17":"product-type-simple"},"_links":{"self":[{"href":"https:\/\/lyfilter.com\/de\/wp-json\/wp\/v2\/product\/4599","targetHints":{"allow":["GET"]}}],"collection":[{"href":"https:\/\/lyfilter.com\/de\/wp-json\/wp\/v2\/product"}],"about":[{"href":"https:\/\/lyfilter.com\/de\/wp-json\/wp\/v2\/types\/product"}],"replies":[{"embeddable":true,"href":"https:\/\/lyfilter.com\/de\/wp-json\/wp\/v2\/comments?post=4599"}],"wp:featuredmedia":[{"embeddable":true,"href":"https:\/\/lyfilter.com\/de\/wp-json\/wp\/v2\/media\/4600"}],"wp:attachment":[{"href":"https:\/\/lyfilter.com\/de\/wp-json\/wp\/v2\/media?parent=4599"}],"wp:term":[{"taxonomy":"product_brand","embeddable":true,"href":"https:\/\/lyfilter.com\/de\/wp-json\/wp\/v2\/product_brand?post=4599"},{"taxonomy":"product_cat","embeddable":true,"href":"https:\/\/lyfilter.com\/de\/wp-json\/wp\/v2\/product_cat?post=4599"},{"taxonomy":"product_tag","embeddable":true,"href":"https:\/\/lyfilter.com\/de\/wp-json\/wp\/v2\/product_tag?post=4599"}],"curies":[{"name":"wp","href":"https:\/\/api.w.org\/{rel}","templated":true}]}}