{"id":4591,"date":"2026-04-05T04:01:32","date_gmt":"2026-04-05T04:01:32","guid":{"rendered":"https:\/\/lyfilter.com\/"},"modified":"2026-05-08T01:21:00","modified_gmt":"2026-05-08T01:21:00","slug":"high-end-stainless-steel-multi-cartridge-filter-housing-for-biopharmaceutical","status":"publish","type":"product","link":"https:\/\/lyfilter.com\/de\/high-end-stainless-steel-multi-cartridge-filter-housing-for-biopharmaceutical\/","title":{"rendered":"High-End-Edelstahl-Multikartuschenfiltergeh\u00e4use f\u00fcr die Biopharmazie"},"content":{"rendered":"<p>Einf\u00fchrung<\/p>\n<p>Hochwirksame 1\/2\/3\/4\/5\/6-stufige Filteranlage zur Reinigung von Hydraulik\u00f6l \/ Koch\u00f6l-Reinigungsmaschine. Beweglicher Filter besteht aus Vorfilter, \u00d6lpumpe und Filtrationseinheit, Vorfilter f\u00fcr ein Metallnetz,<\/p>\n<p>zu verhindern, dass die gro\u00dfen Feststoff in die Pumpe, \u00d6l-Pumpe ist in der Regel Zahnradpumpe, um die ungereinigte f\u00f6rdern<\/p>\n<p>Bei der Filteranlage handelt es sich um eine kleine manuelle Druckplatten- und Rahmenfilterpresse, die das \u00d6l in die Filtrationsvorrichtung leitet,<\/p>\n<p>mit speziellem Filterpapier als Filtermedium. Mit Hilfe des Drucks der \u00d6lpumpe wird das ungereinigte \u00d6l in den<\/p>\n<p>Platte &amp; Rahmen Filterpresse, wird es ein reines Filter\u00f6l sein, nachdem es durch das Filterpapier. Die festen Verunreinigungen gefangen<\/p>\n<p>In der Oberfl\u00e4che des Filterpapiers wird eine kleine Menge Wasser von der Wollmasche des Filterpapiers absorbiert.<\/p>\n<p>Der Druck liegt normalerweise nicht \u00fcber 0,3 MPa, wenn sich zu viele Verunreinigungen auf der Oberfl\u00e4che des Filterpapiers ablagern,<\/p>\n<p>der Filterdruck auf 0,35 MPa erh\u00f6ht wird oder wenn die Feuchtigkeit der Filterpapierabsorption nahe der S\u00e4ttigung ist<\/p>\n<p>Zustand, f\u00e4llt die Restfeuchtigkeit im \u00d6lfilter nicht mehr ab, sollte das Filterpapier ausgetauscht werden. Wenn das \u00d6l eine<\/p>\n<p>hohe Viskosit\u00e4t, kann es wieder vorgew\u00e4rmt werden, um die Viskosit\u00e4t f\u00fcr die Wiederverwendung zu reduzieren.<\/p>\n<p>kann die festen Verunreinigungen und eine kleine Menge von Wasser zu entfernen, ist es f\u00fcr die allgemeine elektrische \u00d6l-und geeignet<\/p>\n<p>Schmier\u00f6lraffination.<\/p>","protected":false},"excerpt":{"rendered":"<table>\n<thead>\n<tr>\n<th>Feld<\/th>\n<th>Wert<\/th>\n<\/tr>\n<\/thead>\n<tbody>\n<tr>\n<td>Anwendbare Industrien<\/td>\n<td>Maschinenreparaturwerkst\u00e4tten, Lebensmittel- und Getr\u00e4nkefabrik, Restaurant, Lebensmittelgesch\u00e4ft, Energie und Bergbau, Lebensmittel- und Getr\u00e4nkel\u00e4den<\/td>\n<\/tr>\n<tr>\n<td>Ort der Herkunft<\/td>\n<td>Guangdong, China<\/td>\n<\/tr>\n<tr>\n<td>Markenname<\/td>\n<td>Lvyuan\/OEM<\/td>\n<\/tr>\n<tr>\n<td>Material<\/td>\n<td>Kundenspezifisch<\/td>\n<\/tr>\n<tr>\n<td>Gewicht<\/td>\n<td>Kundenspezifisch<\/td>\n<\/tr>\n<tr>\n<td>Gr\u00f6\u00dfe<\/td>\n<td>Kundenspezifisch<\/td>\n<\/tr>\n<tr>\n<td>Strom<\/td>\n<td>Kundenspezifisch<\/td>\n<\/tr>\n<tr>\n<td>Garantie<\/td>\n<td>1 Jahr<\/td>\n<\/tr>\n<tr>\n<td>After-Sales-Service<\/td>\n<td>Online-Unterst\u00fctzung<\/td>\n<\/tr>\n<tr>\n<td>Name des Modells<\/td>\n<td>Hydraulik\u00f6l-Reinigungsanlage\/Speise\u00f6l-Reinigungsmaschine<\/td>\n<\/tr>\n<tr>\n<td>L\u00e4nge<\/td>\n<td>10 Zoll 20 Zoll 30 Zoll 40 Zoll<\/td>\n<\/tr>\n<tr>\n<td>Verwendung<\/td>\n<td>\u00d6l-Wasser-Filterung<\/td>\n<\/tr>\n<tr>\n<td>Material des Hauptk\u00f6rpers<\/td>\n<td>Rostfreier Stahl 304 \/ 316<\/td>\n<\/tr>\n<tr>\n<td>Typ des Filtergeh\u00e4uses<\/td>\n<td>R\u00f6hrenf\u00f6rmig<\/td>\n<\/tr>\n<tr>\n<td>Grundsatz<\/td>\n<td>Druckfiltration<\/td>\n<\/tr>\n<tr>\n<td>Etappen<\/td>\n<td>1 - 6 Stufen<\/td>\n<\/tr>\n<tr>\n<td>Verpackung<\/td>\n<td>Netzverpackung, oder Holzkiste<\/td>\n<\/tr>\n<tr>\n<td>Lieferf\u00e4higkeit<\/td>\n<td>100 Einheit\/Einheiten pro Tag<\/td>\n<\/tr>\n<\/tbody>\n<\/table>","protected":false},"featured_media":4592,"comment_status":"open","ping_status":"closed","template":"","meta":{"_gspb_post_css":""},"product_brand":[],"product_cat":[15],"product_tag":[1715,1716,1717,1534,1463,34],"class_list":{"0":"post-4591","1":"product","2":"type-product","3":"status-publish","4":"has-post-thumbnail","6":"product_cat-stainless-steel-filter-housing","7":"product_tag-biopharmaceutical-filtration","8":"product_tag-high-purity-filter-housing","9":"product_tag-industrial-water-purification","10":"product_tag-inversafilterpurification","11":"product_tag-multi-cartridge-filter-housing","12":"product_tag-stainless-steel-filter-housing","14":"first","15":"instock","16":"shipping-taxable","17":"product-type-simple"},"_links":{"self":[{"href":"https:\/\/lyfilter.com\/de\/wp-json\/wp\/v2\/product\/4591","targetHints":{"allow":["GET"]}}],"collection":[{"href":"https:\/\/lyfilter.com\/de\/wp-json\/wp\/v2\/product"}],"about":[{"href":"https:\/\/lyfilter.com\/de\/wp-json\/wp\/v2\/types\/product"}],"replies":[{"embeddable":true,"href":"https:\/\/lyfilter.com\/de\/wp-json\/wp\/v2\/comments?post=4591"}],"wp:featuredmedia":[{"embeddable":true,"href":"https:\/\/lyfilter.com\/de\/wp-json\/wp\/v2\/media\/4592"}],"wp:attachment":[{"href":"https:\/\/lyfilter.com\/de\/wp-json\/wp\/v2\/media?parent=4591"}],"wp:term":[{"taxonomy":"product_brand","embeddable":true,"href":"https:\/\/lyfilter.com\/de\/wp-json\/wp\/v2\/product_brand?post=4591"},{"taxonomy":"product_cat","embeddable":true,"href":"https:\/\/lyfilter.com\/de\/wp-json\/wp\/v2\/product_cat?post=4591"},{"taxonomy":"product_tag","embeddable":true,"href":"https:\/\/lyfilter.com\/de\/wp-json\/wp\/v2\/product_tag?post=4591"}],"curies":[{"name":"wp","href":"https:\/\/api.w.org\/{rel}","templated":true}]}}