{"id":4579,"date":"2026-04-05T03:48:57","date_gmt":"2026-04-05T03:48:57","guid":{"rendered":"https:\/\/lyfilter.com\/"},"modified":"2026-04-05T03:48:57","modified_gmt":"2026-04-05T03:48:57","slug":"newest-5-micron-stainless-steel-filter-factory-direct-supply-for-water-purification","status":"publish","type":"product","link":"https:\/\/lyfilter.com\/de\/newest-5-micron-stainless-steel-filter-factory-direct-supply-for-water-purification\/","title":{"rendered":"Neueste 5-Mikron-Edelstahl-Filter Fabrik Direktlieferung f\u00fcr Wasseraufbereitung"},"content":{"rendered":"<p>Dieser Edelstahlfilter mit einer Filterfeinheit von 5 Mikron unterst\u00fctzt die Wasserreinigung mit einer langlebigen Konstruktion und einem gleichm\u00e4\u00dfigen Durchfluss. Er hilft dabei, feinere Partikel zu reduzieren, die Zuverl\u00e4ssigkeit des Systems zu verbessern und praktische Leistung f\u00fcr den t\u00e4glichen Filtrationsbedarf zu liefern.<\/p>","protected":false},"excerpt":{"rendered":"<table>\n<thead>\n<tr>\n<th>Feld<\/th>\n<th>Wert<\/th>\n<th>Feld<\/th>\n<th>Wert<\/th>\n<\/tr>\n<\/thead>\n<tbody>\n<tr>\n<td>Service nach der Garantie<\/td>\n<td>Online-Unterst\u00fctzung<\/td>\n<td>Lokaler Dienstort<\/td>\n<td>keine<\/td>\n<\/tr>\n<tr>\n<td>Standort des Ausstellungsraums<\/td>\n<td>keine<\/td>\n<td>Video-Ausgangsinspektion<\/td>\n<td>Zur Verf\u00fcgung gestellt<\/td>\n<\/tr>\n<tr>\n<td>Maschinen-Testbericht<\/td>\n<td>Zur Verf\u00fcgung gestellt<\/td>\n<td>Marketing-Typ<\/td>\n<td>Gew\u00f6hnliches Produkt<\/td>\n<\/tr>\n<tr>\n<td>Garantie f\u00fcr Kernkomponenten<\/td>\n<td>1 Jahr<\/td>\n<td>Kernkomponenten<\/td>\n<td>Druckbeh\u00e4lter<\/td>\n<\/tr>\n<tr>\n<td>Ort der Herkunft<\/td>\n<td>Guangdong, China<\/td>\n<td>Markenname<\/td>\n<td>Lvyuan\/OEM<\/td>\n<\/tr>\n<tr>\n<td>Garantie<\/td>\n<td>1 Jahr<\/td>\n<td>After-Sales-Service<\/td>\n<td>Online-Unterst\u00fctzung<\/td>\n<\/tr>\n<tr>\n<td>Name des Produkts<\/td>\n<td>ss 316 di acqua filtro a cartuccia<\/td>\n<td>Mikron Rate<\/td>\n<td>0,1 bis 300 Mikrometer<\/td>\n<\/tr>\n<tr>\n<td>OEM-Abmessung<\/td>\n<td>Verf\u00fcgbar<\/td>\n<td>L\u00e4nge<\/td>\n<td>5\u2033, 10\u2033, 20\u2033, 30\u2033, 40\u2033, 50\u201d, 60\u201d Zoll<\/td>\n<\/tr>\n<tr>\n<td>Rostfreier Stahl Material<\/td>\n<td>304, 316, 316L<\/td>\n<td>Interface-Formular<\/td>\n<td>222,226,215, M36, M24, M22, M20 Gewindeanschluss<\/td>\n<\/tr>\n<tr>\n<td>Ebene<\/td>\n<td>Falten-\/Gewebepatronenfilter<\/td>\n<td>Verwendung<\/td>\n<td>Gas- und Fl\u00fcssigkeitsfiltration<\/td>\n<\/tr>\n<tr>\n<td>Hitzebest\u00e4ndigkeit<\/td>\n<td>- 200 - 500 Grad<\/td>\n<td>Arbeitsdruck<\/td>\n<td>0,1 bis 30Mpa<\/td>\n<\/tr>\n<tr>\n<td>Lieferf\u00e4higkeit<\/td>\n<td>5000 St\u00fcck\/St\u00fcck pro Tag<\/td>\n<td>Produkt<\/td>\n<td>Filterpatrone aus Edelstahl 316<\/td>\n<\/tr>\n<\/tbody>\n<\/table>","protected":false},"featured_media":4581,"comment_status":"open","ping_status":"closed","template":"","meta":{"_gspb_post_css":""},"product_brand":[],"product_cat":[18],"product_tag":[1711,1712,1170,1534,1243,1182],"class_list":{"0":"post-4579","1":"product","2":"type-product","3":"status-publish","4":"has-post-thumbnail","6":"product_cat-sintered-metal-filters","7":"product_tag-5-micron-stainless-steel-filter","8":"product_tag-factory-direct-filter-supply","9":"product_tag-industrial-filtration-cartridge","10":"product_tag-inversafilterpurification","11":"product_tag-stainless-steel-water-filter","12":"product_tag-water-purification-filter","14":"first","15":"instock","16":"shipping-taxable","17":"product-type-simple"},"_links":{"self":[{"href":"https:\/\/lyfilter.com\/de\/wp-json\/wp\/v2\/product\/4579","targetHints":{"allow":["GET"]}}],"collection":[{"href":"https:\/\/lyfilter.com\/de\/wp-json\/wp\/v2\/product"}],"about":[{"href":"https:\/\/lyfilter.com\/de\/wp-json\/wp\/v2\/types\/product"}],"replies":[{"embeddable":true,"href":"https:\/\/lyfilter.com\/de\/wp-json\/wp\/v2\/comments?post=4579"}],"wp:featuredmedia":[{"embeddable":true,"href":"https:\/\/lyfilter.com\/de\/wp-json\/wp\/v2\/media\/4581"}],"wp:attachment":[{"href":"https:\/\/lyfilter.com\/de\/wp-json\/wp\/v2\/media?parent=4579"}],"wp:term":[{"taxonomy":"product_brand","embeddable":true,"href":"https:\/\/lyfilter.com\/de\/wp-json\/wp\/v2\/product_brand?post=4579"},{"taxonomy":"product_cat","embeddable":true,"href":"https:\/\/lyfilter.com\/de\/wp-json\/wp\/v2\/product_cat?post=4579"},{"taxonomy":"product_tag","embeddable":true,"href":"https:\/\/lyfilter.com\/de\/wp-json\/wp\/v2\/product_tag?post=4579"}],"curies":[{"name":"wp","href":"https:\/\/api.w.org\/{rel}","templated":true}]}}