{"id":4569,"date":"2026-04-05T03:37:50","date_gmt":"2026-04-05T03:37:50","guid":{"rendered":"https:\/\/lyfilter.com\/"},"modified":"2026-04-05T03:37:50","modified_gmt":"2026-04-05T03:37:50","slug":"lvyuan-filter-melt-blown-polypropylene-filter-supply-for-water","status":"publish","type":"product","link":"https:\/\/lyfilter.com\/de\/lvyuan-filter-melt-blown-polypropylene-filter-supply-for-water\/","title":{"rendered":"Lvyuan Filter Schmelze geblasen Polypropylen Filter Versorgung f\u00fcr Wasser"},"content":{"rendered":"<p>Der Lvyuan-Filter aus schmelzgeblasenem Polypropylen ist f\u00fcr die Wasserfiltration mit gleichm\u00e4\u00dfigem Durchfluss und Partikelkontrolle konzipiert. Er tr\u00e4gt zur Verringerung von Sedimenten bei, unterst\u00fctzt eine sauberere Produktion und sorgt daf\u00fcr, dass die Aufbereitungssysteme mit praktischer Alltagsleistung funktionieren.<\/p>","protected":false},"excerpt":{"rendered":"<table>\n<thead>\n<tr>\n<th>Feld<\/th>\n<th>Wert<\/th>\n<th>Feld<\/th>\n<th>Wert<\/th>\n<\/tr>\n<\/thead>\n<tbody>\n<tr>\n<td>Ort der Herkunft<\/td>\n<td>Guangdong, China<\/td>\n<td>Markenname<\/td>\n<td>Lvyuan \/ OEM<\/td>\n<\/tr>\n<tr>\n<td>Modellnummer<\/td>\n<td>Baureihe LY-PPF<\/td>\n<td>Name des Produkts<\/td>\n<td>cto-Aktivkohlefilterpatronen-Produktionslinie<\/td>\n<\/tr>\n<tr>\n<td>Mikron Rate<\/td>\n<td>Filterpatrone 1, 3, 5, 10, 20 Mikron<\/td>\n<td>Zertifizierung<\/td>\n<td>CE SGS<\/td>\n<\/tr>\n<tr>\n<td>Anmeldung<\/td>\n<td>Wasserfilterteile, Umkehrosmose<\/td>\n<td>L\u00e4nge<\/td>\n<td>5\u2033, 10\u2033, 20\u2033, 30\u2033, 40\u2033, 50\u201d Zoll<\/td>\n<\/tr>\n<tr>\n<td>Filtermedien<\/td>\n<td>Polypropylen PP-Membran<\/td>\n<td>Endkappe<\/td>\n<td>DOE,222+Fin,222+Flat,226+Fin,226+Flat<\/td>\n<\/tr>\n<tr>\n<td>Material der Dichtung\/des Rings<\/td>\n<td>Silizium\/EPDM\/Viton<\/td>\n<td>Verwendung<\/td>\n<td>Fl\u00fcssigkeit Patronenfilter<\/td>\n<\/tr>\n<tr>\n<td>Innerer Kern<\/td>\n<td>PP oder keine<\/td>\n<td>Lieferf\u00e4higkeit<\/td>\n<td>5000 St\u00fcck\/St\u00fcck pro Tag<\/td>\n<\/tr>\n<tr>\n<td>Produkt<\/td>\n<td>Aktivkohlefilterpatrone<\/td>\n<td><\/td>\n<td><\/td>\n<\/tr>\n<\/tbody>\n<\/table>","protected":false},"featured_media":4571,"comment_status":"open","ping_status":"closed","template":"","meta":{"_gspb_post_css":""},"product_brand":[],"product_cat":[19],"product_tag":[1534,1242,1704,1538,1705,357],"class_list":{"0":"post-4569","1":"product","2":"type-product","3":"status-publish","4":"has-post-thumbnail","6":"product_cat-melt-blown-filter-cartridge","7":"product_tag-inversafilterpurification","8":"product_tag-lvyuan-filter","9":"product_tag-melt-blown-polypropylene-filter","10":"product_tag-pp-water-filter","11":"product_tag-sediment-reduction-filter","12":"product_tag-water-filter-cartridge","14":"first","15":"instock","16":"shipping-taxable","17":"product-type-simple"},"_links":{"self":[{"href":"https:\/\/lyfilter.com\/de\/wp-json\/wp\/v2\/product\/4569","targetHints":{"allow":["GET"]}}],"collection":[{"href":"https:\/\/lyfilter.com\/de\/wp-json\/wp\/v2\/product"}],"about":[{"href":"https:\/\/lyfilter.com\/de\/wp-json\/wp\/v2\/types\/product"}],"replies":[{"embeddable":true,"href":"https:\/\/lyfilter.com\/de\/wp-json\/wp\/v2\/comments?post=4569"}],"wp:featuredmedia":[{"embeddable":true,"href":"https:\/\/lyfilter.com\/de\/wp-json\/wp\/v2\/media\/4571"}],"wp:attachment":[{"href":"https:\/\/lyfilter.com\/de\/wp-json\/wp\/v2\/media?parent=4569"}],"wp:term":[{"taxonomy":"product_brand","embeddable":true,"href":"https:\/\/lyfilter.com\/de\/wp-json\/wp\/v2\/product_brand?post=4569"},{"taxonomy":"product_cat","embeddable":true,"href":"https:\/\/lyfilter.com\/de\/wp-json\/wp\/v2\/product_cat?post=4569"},{"taxonomy":"product_tag","embeddable":true,"href":"https:\/\/lyfilter.com\/de\/wp-json\/wp\/v2\/product_tag?post=4569"}],"curies":[{"name":"wp","href":"https:\/\/api.w.org\/{rel}","templated":true}]}}