{"id":4559,"date":"2026-04-05T03:34:48","date_gmt":"2026-04-05T03:34:48","guid":{"rendered":"https:\/\/lyfilter.com\/"},"modified":"2026-04-05T03:34:48","modified_gmt":"2026-04-05T03:34:48","slug":"10-20-30-40-inch-high-flow-ss-water-filter-housing-stainless-steel-housing-with-cartridge-filter","status":"publish","type":"product","link":"https:\/\/lyfilter.com\/de\/10-20-30-40-inch-high-flow-ss-water-filter-housing-stainless-steel-housing-with-cartridge-filter\/","title":{"rendered":"10 20 30 40 Zoll High Flow SS Wasserfiltergeh\u00e4use\/Edelstahlgeh\u00e4use mit Kartuschenfilter"},"content":{"rendered":"<p>Dieses SS-Wasserfiltergeh\u00e4use mit hohem Durchfluss ist in den Gr\u00f6\u00dfen 10, 20, 30 und 40 Zoll erh\u00e4ltlich, um flexible Reinigungsanforderungen zu erf\u00fcllen. Sein Aufbau aus Edelstahl unterst\u00fctzt eine starke Patronenfiltration, einen gleichm\u00e4\u00dfigen Durchfluss und eine zuverl\u00e4ssige Leistung im Systembetrieb.<\/p>","protected":false},"excerpt":{"rendered":"<table>\n<thead>\n<tr>\n<th>Feld<\/th>\n<th>Wert<\/th>\n<th>Feld<\/th>\n<th>Wert<\/th>\n<\/tr>\n<\/thead>\n<tbody>\n<tr>\n<td>Ort der Herkunft<\/td>\n<td>Guangdong, China<\/td>\n<td>Markenname<\/td>\n<td>Lvyuan,OEM,ODM<\/td>\n<\/tr>\n<tr>\n<td>Material<\/td>\n<td>rostfreier Stahl<\/td>\n<td>Gewicht<\/td>\n<td>angepasst<\/td>\n<\/tr>\n<tr>\n<td>Gr\u00f6\u00dfe<\/td>\n<td>kundenspezifisch, 10\u201d, 20\u201d, 30\u201d, 40\u201d<\/td>\n<td>Strom<\/td>\n<td>0<\/td>\n<\/tr>\n<tr>\n<td>Garantie<\/td>\n<td>1 Jahr<\/td>\n<td>After-Sales-Service<\/td>\n<td>Online-Unterst\u00fctzung<\/td>\n<\/tr>\n<tr>\n<td>Merkmal<\/td>\n<td>leicht zu installieren<\/td>\n<td>Zertifizierung<\/td>\n<td>SGS<\/td>\n<\/tr>\n<tr>\n<td>Form<\/td>\n<td>Zylinder<\/td>\n<td>Verwendung<\/td>\n<td>Wasserfiltration<\/td>\n<\/tr>\n<tr>\n<td>Anmeldung<\/td>\n<td>Industrie<\/td>\n<td>Oberfl\u00e4che<\/td>\n<td>poliert<\/td>\n<\/tr>\n<tr>\n<td>Modell<\/td>\n<td>LY03<\/td>\n<td>Rohmaterial<\/td>\n<td>rostfreier Stahl<\/td>\n<\/tr>\n<tr>\n<td>Arbeitsdruck<\/td>\n<td>150Psi<\/td>\n<td>Lieferf\u00e4higkeit<\/td>\n<td>5000 St\u00fcck\/St\u00fcck pro Jahr<\/td>\n<\/tr>\n<\/tbody>\n<\/table>","protected":false},"featured_media":4561,"comment_status":"open","ping_status":"closed","template":"","meta":{"_gspb_post_css":""},"product_brand":[],"product_cat":[15],"product_tag":[1702,1701,1700,1534,34,1703],"class_list":{"0":"post-4559","1":"product","2":"type-product","3":"status-publish","4":"has-post-thumbnail","6":"product_cat-stainless-steel-filter-housing","7":"product_tag-10-20-30-40-inch-filter-housing","8":"product_tag-cartridge-filter-housing","9":"product_tag-high-flow-ss-water-filter-housing","10":"product_tag-inversafilterpurification","11":"product_tag-stainless-steel-filter-housing","12":"product_tag-water-purification-housing","14":"first","15":"instock","16":"shipping-taxable","17":"product-type-simple"},"_links":{"self":[{"href":"https:\/\/lyfilter.com\/de\/wp-json\/wp\/v2\/product\/4559","targetHints":{"allow":["GET"]}}],"collection":[{"href":"https:\/\/lyfilter.com\/de\/wp-json\/wp\/v2\/product"}],"about":[{"href":"https:\/\/lyfilter.com\/de\/wp-json\/wp\/v2\/types\/product"}],"replies":[{"embeddable":true,"href":"https:\/\/lyfilter.com\/de\/wp-json\/wp\/v2\/comments?post=4559"}],"wp:featuredmedia":[{"embeddable":true,"href":"https:\/\/lyfilter.com\/de\/wp-json\/wp\/v2\/media\/4561"}],"wp:attachment":[{"href":"https:\/\/lyfilter.com\/de\/wp-json\/wp\/v2\/media?parent=4559"}],"wp:term":[{"taxonomy":"product_brand","embeddable":true,"href":"https:\/\/lyfilter.com\/de\/wp-json\/wp\/v2\/product_brand?post=4559"},{"taxonomy":"product_cat","embeddable":true,"href":"https:\/\/lyfilter.com\/de\/wp-json\/wp\/v2\/product_cat?post=4559"},{"taxonomy":"product_tag","embeddable":true,"href":"https:\/\/lyfilter.com\/de\/wp-json\/wp\/v2\/product_tag?post=4559"}],"curies":[{"name":"wp","href":"https:\/\/api.w.org\/{rel}","templated":true}]}}