{"id":4543,"date":"2026-04-05T03:19:30","date_gmt":"2026-04-05T03:19:30","guid":{"rendered":"https:\/\/lyfilter.com\/"},"modified":"2026-04-05T03:19:31","modified_gmt":"2026-04-05T03:19:31","slug":"high-flow-water-filter-cartridge-for-biopharmaceutical-lvyuan-filter","status":"publish","type":"product","link":"https:\/\/lyfilter.com\/de\/high-flow-water-filter-cartridge-for-biopharmaceutical-lvyuan-filter\/","title":{"rendered":"Wasserfilterpatrone mit hohem Durchfluss - f\u00fcr die Biopharmazie - Lvyuan Filter"},"content":{"rendered":"<p>Die Lvyuan High-Flow-Wasserfilterpatrone wurde f\u00fcr den Einsatz in der Biopharmazie entwickelt und tr\u00e4gt zur Aufrechterhaltung eines sauberen Flusses und einer stabilen Verarbeitung bei. Sie reduziert Verunreinigungen, unterst\u00fctzt die Leistung und h\u00e4lt die Systeme mit zuverl\u00e4ssiger t\u00e4glicher Leistung am Laufen.<\/p>","protected":false},"excerpt":{"rendered":"<table>\n<thead>\n<tr>\n<th>Feld<\/th>\n<th>Wert<\/th>\n<th>Feld<\/th>\n<th>Wert<\/th>\n<\/tr>\n<\/thead>\n<tbody>\n<tr>\n<td>Anwendbare Industrien<\/td>\n<td>Produktionsanlagen, Lebensmittel- und Getr\u00e4nkefabrik, Wasseraufbereitung<\/td>\n<td>Ort der Herkunft<\/td>\n<td>Guangdong, China<\/td>\n<\/tr>\n<tr>\n<td>Markenname<\/td>\n<td>Lvyuan, OEM, ODM<\/td>\n<td>Material<\/td>\n<td>pp schmelzgeblasen, pp plissiert<\/td>\n<\/tr>\n<tr>\n<td>Gewicht<\/td>\n<td>angepasst<\/td>\n<td>Gr\u00f6\u00dfe<\/td>\n<td>angepasst<\/td>\n<\/tr>\n<tr>\n<td>Garantie<\/td>\n<td>Nicht verf\u00fcgbar<\/td>\n<td>Merkmal<\/td>\n<td>Vergr\u00f6\u00dferung der Filtrationsfl\u00e4che<\/td>\n<\/tr>\n<tr>\n<td>L\u00e4nge<\/td>\n<td>20 Zoll \/ 40 Zoll \/ 60 Zoll<\/td>\n<td>Zertifizierung<\/td>\n<td>SGS<\/td>\n<\/tr>\n<tr>\n<td>Form<\/td>\n<td>Zylinder<\/td>\n<td>Verwendung<\/td>\n<td>Wasseraufbereitung<\/td>\n<\/tr>\n<tr>\n<td>Anmeldung<\/td>\n<td>Industrie<\/td>\n<td>Farbe<\/td>\n<td>wei\u00df<\/td>\n<\/tr>\n<tr>\n<td>Verpacken<\/td>\n<td>Papierschachtel<\/td>\n<td>Anderer Name<\/td>\n<td>Faltenfilterpatrone<\/td>\n<\/tr>\n<tr>\n<td>Filtermedien<\/td>\n<td>PP\/pp schmelzgeblasen\/ Glasfaser<\/td>\n<td>After-Sales-Service<\/td>\n<td>Online-Unterst\u00fctzung<\/td>\n<\/tr>\n<tr>\n<td>Lieferf\u00e4higkeit<\/td>\n<td>5000 St\u00fcck\/St\u00fcck pro Monat<\/td>\n<td><\/td>\n<td><\/td>\n<\/tr>\n<\/tbody>\n<\/table>","protected":false},"featured_media":4548,"comment_status":"open","ping_status":"closed","template":"","meta":{"_gspb_post_css":""},"product_brand":[],"product_cat":[20],"product_tag":[1693,1692,1694,1534,1242,866],"class_list":{"0":"post-4543","1":"product","2":"type-product","3":"status-publish","4":"has-post-thumbnail","6":"product_cat-high-flow-filter-cartridge","7":"product_tag-biopharmaceutical-filter","8":"product_tag-high-flow-water-filter-cartridge","9":"product_tag-industrial-process-filter","10":"product_tag-inversafilterpurification","11":"product_tag-lvyuan-filter","12":"product_tag-water-filtration-cartridge","14":"first","15":"instock","16":"shipping-taxable","17":"product-type-simple"},"_links":{"self":[{"href":"https:\/\/lyfilter.com\/de\/wp-json\/wp\/v2\/product\/4543","targetHints":{"allow":["GET"]}}],"collection":[{"href":"https:\/\/lyfilter.com\/de\/wp-json\/wp\/v2\/product"}],"about":[{"href":"https:\/\/lyfilter.com\/de\/wp-json\/wp\/v2\/types\/product"}],"replies":[{"embeddable":true,"href":"https:\/\/lyfilter.com\/de\/wp-json\/wp\/v2\/comments?post=4543"}],"wp:featuredmedia":[{"embeddable":true,"href":"https:\/\/lyfilter.com\/de\/wp-json\/wp\/v2\/media\/4548"}],"wp:attachment":[{"href":"https:\/\/lyfilter.com\/de\/wp-json\/wp\/v2\/media?parent=4543"}],"wp:term":[{"taxonomy":"product_brand","embeddable":true,"href":"https:\/\/lyfilter.com\/de\/wp-json\/wp\/v2\/product_brand?post=4543"},{"taxonomy":"product_cat","embeddable":true,"href":"https:\/\/lyfilter.com\/de\/wp-json\/wp\/v2\/product_cat?post=4543"},{"taxonomy":"product_tag","embeddable":true,"href":"https:\/\/lyfilter.com\/de\/wp-json\/wp\/v2\/product_tag?post=4543"}],"curies":[{"name":"wp","href":"https:\/\/api.w.org\/{rel}","templated":true}]}}