{"id":4534,"date":"2026-04-05T03:08:08","date_gmt":"2026-04-05T03:08:08","guid":{"rendered":"https:\/\/lyfilter.com\/"},"modified":"2026-04-05T03:08:08","modified_gmt":"2026-04-05T03:08:08","slug":"lvyuan-filter-creative-pp-water-filter-with-good-price-for-water-purifier","status":"publish","type":"product","link":"https:\/\/lyfilter.com\/de\/lvyuan-filter-creative-pp-water-filter-with-good-price-for-water-purifier\/","title":{"rendered":"Lvyuan Filter Kreative PP Wasserfilter mit gutem Preis f\u00fcr Wasserreiniger"},"content":{"rendered":"<p>Der kreative PP-Wasserfilter von Lvyuan tr\u00e4gt dazu bei, dass Wasserreinigungssysteme f\u00fcr den Hausgebrauch einen sauberen Durchfluss liefern. Er unterst\u00fctzt die Partikelreduzierung, eine gleichm\u00e4\u00dfige Leistung und ein budgetfreundliches Gef\u00fchl, das sich gut f\u00fcr praktische Haushaltsfiltrationsanforderungen eignet.<\/p>","protected":false},"excerpt":{"rendered":"<table>\n<thead>\n<tr>\n<th>Feld<\/th>\n<th>Wert<\/th>\n<th>Feld<\/th>\n<th>Wert<\/th>\n<\/tr>\n<\/thead>\n<tbody>\n<tr>\n<td>Ort der Herkunft<\/td>\n<td>Guangdong, China<\/td>\n<td>Markenname<\/td>\n<td>Lvyuan \/ OEM<\/td>\n<\/tr>\n<tr>\n<td>Material<\/td>\n<td>Karton<\/td>\n<td>Gewicht<\/td>\n<td>h\u00e4ngt<\/td>\n<\/tr>\n<tr>\n<td>Gr\u00f6\u00dfe<\/td>\n<td>h\u00e4ngt<\/td>\n<td>Strom<\/td>\n<td>0<\/td>\n<\/tr>\n<tr>\n<td>Garantie<\/td>\n<td>Nicht verf\u00fcgbar<\/td>\n<td>Name des Produkts<\/td>\n<td>20-Zoll-Wasserfilter<\/td>\n<\/tr>\n<tr>\n<td>Mikron Rate<\/td>\n<td>Filterpatrone mit 1, 3, 5 und 10 Mikron<\/td>\n<td>Zertifizierung<\/td>\n<td>CE SGS<\/td>\n<\/tr>\n<tr>\n<td>Anmeldung<\/td>\n<td>Wasserfilterteile, Umkehrosmose<\/td>\n<td>L\u00e4nge<\/td>\n<td>5\u2033, 10\u2033, 20\u2033, 30\u2033, 40\u2033, 50\u201d Zoll<\/td>\n<\/tr>\n<tr>\n<td>Filtermedien<\/td>\n<td>Polypropylen PP-Membran<\/td>\n<td>Endkappe<\/td>\n<td>DOE,222+Fin,222+Flat,226+Fin,226+Flat<\/td>\n<\/tr>\n<tr>\n<td>Material der Dichtung\/des Rings<\/td>\n<td>Silizium\/EPDM\/Viton<\/td>\n<td>Verwendung<\/td>\n<td>Fl\u00fcssigkeit Patronenfilter<\/td>\n<\/tr>\n<tr>\n<td>Innerer Kern<\/td>\n<td>PP oder keine<\/td>\n<td>After-Sales-Service<\/td>\n<td>Online-Unterst\u00fctzung<\/td>\n<\/tr>\n<tr>\n<td>Lieferf\u00e4higkeit<\/td>\n<td>5000 St\u00fcck\/St\u00fcck pro Tag<\/td>\n<td>Produkt<\/td>\n<td>20-Zoll-Wasserfilter<\/td>\n<\/tr>\n<\/tbody>\n<\/table>","protected":false},"featured_media":4535,"comment_status":"open","ping_status":"closed","template":"","meta":{"_gspb_post_css":""},"product_brand":[],"product_cat":[23],"product_tag":[1690,1689,1534,1242,648,1165],"class_list":{"0":"post-4534","1":"product","2":"type-product","3":"status-publish","4":"has-post-thumbnail","6":"product_cat-pp-filter-cartridge","7":"product_tag-budget-water-filter","8":"product_tag-creative-pp-water-filter","9":"product_tag-inversafilterpurification","10":"product_tag-lvyuan-filter","11":"product_tag-pp-filter-cartridge","12":"product_tag-water-purifier-filter","14":"first","15":"instock","16":"shipping-taxable","17":"product-type-simple"},"_links":{"self":[{"href":"https:\/\/lyfilter.com\/de\/wp-json\/wp\/v2\/product\/4534","targetHints":{"allow":["GET"]}}],"collection":[{"href":"https:\/\/lyfilter.com\/de\/wp-json\/wp\/v2\/product"}],"about":[{"href":"https:\/\/lyfilter.com\/de\/wp-json\/wp\/v2\/types\/product"}],"replies":[{"embeddable":true,"href":"https:\/\/lyfilter.com\/de\/wp-json\/wp\/v2\/comments?post=4534"}],"wp:featuredmedia":[{"embeddable":true,"href":"https:\/\/lyfilter.com\/de\/wp-json\/wp\/v2\/media\/4535"}],"wp:attachment":[{"href":"https:\/\/lyfilter.com\/de\/wp-json\/wp\/v2\/media?parent=4534"}],"wp:term":[{"taxonomy":"product_brand","embeddable":true,"href":"https:\/\/lyfilter.com\/de\/wp-json\/wp\/v2\/product_brand?post=4534"},{"taxonomy":"product_cat","embeddable":true,"href":"https:\/\/lyfilter.com\/de\/wp-json\/wp\/v2\/product_cat?post=4534"},{"taxonomy":"product_tag","embeddable":true,"href":"https:\/\/lyfilter.com\/de\/wp-json\/wp\/v2\/product_tag?post=4534"}],"curies":[{"name":"wp","href":"https:\/\/api.w.org\/{rel}","templated":true}]}}