{"id":4521,"date":"2026-04-05T02:56:37","date_gmt":"2026-04-05T02:56:37","guid":{"rendered":"https:\/\/lyfilter.com\/"},"modified":"2026-04-21T02:51:15","modified_gmt":"2026-04-21T02:51:15","slug":"ss-304-316-stainless-steel-filter-housing-sterile-air-filter-for-compressed-air-filtration-system","status":"publish","type":"product","link":"https:\/\/lyfilter.com\/de\/ss-304-316-stainless-steel-filter-housing-sterile-air-filter-for-compressed-air-filtration-system\/","title":{"rendered":"SS 304 316 Edelstahl-Filtergeh\u00e4use Steriler Luftfilter f\u00fcr Druckluft-Filtrationssystem"},"content":{"rendered":"<p>Dieses Filtergeh\u00e4use aus Edelstahl 304 und 316 ist f\u00fcr Sterilluft- und Druckluftsysteme geeignet. Es unterst\u00fctzt einen sauberen Durchfluss, hilft beim Schutz der Ausr\u00fcstung und bietet eine zuverl\u00e4ssige Filtration mit einer starken Struktur f\u00fcr einen stabilen t\u00e4glichen Gebrauch.<\/p>","protected":false},"excerpt":{"rendered":"<table>\n<thead>\n<tr>\n<th>Feld<\/th>\n<th>Wert<\/th>\n<th>Feld<\/th>\n<th>Wert<\/th>\n<\/tr>\n<\/thead>\n<tbody>\n<tr>\n<td>Ort der Herkunft<\/td>\n<td>Guangdong, China<\/td>\n<td>Markenname<\/td>\n<td>Lvyuan \/ OEM<\/td>\n<\/tr>\n<tr>\n<td>Material<\/td>\n<td>rostfreier Stahl<\/td>\n<td>Gewicht<\/td>\n<td>h\u00e4ngt<\/td>\n<\/tr>\n<tr>\n<td>Gr\u00f6\u00dfe<\/td>\n<td>Standard, Individualisierung<\/td>\n<td>Strom<\/td>\n<td>0<\/td>\n<\/tr>\n<tr>\n<td>Garantie<\/td>\n<td>1 Jahr<\/td>\n<td>After-Sales-Service<\/td>\n<td>Online-Unterst\u00fctzung<\/td>\n<\/tr>\n<tr>\n<td>Name des Produkts<\/td>\n<td>Luftfiltergeh\u00e4use aus Edelstahl<\/td>\n<td>Geh\u00e4usewerkstoff<\/td>\n<td>sus304, 316, 316L<\/td>\n<\/tr>\n<tr>\n<td>Anzahl der Patronenfilter<\/td>\n<td>1 - 160 Elemente\/Rundungen<\/td>\n<td>L\u00e4nge der Filterpatrone<\/td>\n<td>5, 10, 20, 30, 40, 60 Zoll, OEM<\/td>\n<\/tr>\n<tr>\n<td>Oberfl\u00e4chenbehandlung<\/td>\n<td>Poliert &amp; Sandgestrahlt<\/td>\n<td>Typ der installierten Oberkappe<\/td>\n<td>Bolzen\/Flansch\/Klemme Typ<\/td>\n<\/tr>\n<tr>\n<td>Verwendung<\/td>\n<td>Wasser-\/Fl\u00fcssigkeitsaufbereitungsanlage<\/td>\n<td>Wandst\u00e4rke<\/td>\n<td>1-5mm<\/td>\n<\/tr>\n<tr>\n<td>Steckertyp<\/td>\n<td>Code 0 3 6 7 8 9<\/td>\n<td>Zertifizierung<\/td>\n<td>CE ISO SGS<\/td>\n<\/tr>\n<tr>\n<td>Lieferf\u00e4higkeit<\/td>\n<td>2000 St\u00fcck\/St\u00fcck pro Monat<\/td>\n<td>Produkt<\/td>\n<td>Steril-Luftfilter<\/td>\n<\/tr>\n<\/tbody>\n<\/table>","protected":false},"featured_media":4525,"comment_status":"open","ping_status":"closed","template":"","meta":{"_gspb_post_css":""},"product_brand":[],"product_cat":[15],"product_tag":[1680,1534,1448,1678,34,1679],"class_list":{"0":"post-4521","1":"product","2":"type-product","3":"status-publish","4":"has-post-thumbnail","6":"product_cat-stainless-steel-filter-housing","7":"product_tag-compressed-air-filtration","8":"product_tag-inversafilterpurification","9":"product_tag-ss-304-filter-housing","10":"product_tag-ss-316-filter-housing","11":"product_tag-stainless-steel-filter-housing","12":"product_tag-sterile-air-filter","14":"first","15":"instock","16":"shipping-taxable","17":"product-type-simple"},"_links":{"self":[{"href":"https:\/\/lyfilter.com\/de\/wp-json\/wp\/v2\/product\/4521","targetHints":{"allow":["GET"]}}],"collection":[{"href":"https:\/\/lyfilter.com\/de\/wp-json\/wp\/v2\/product"}],"about":[{"href":"https:\/\/lyfilter.com\/de\/wp-json\/wp\/v2\/types\/product"}],"replies":[{"embeddable":true,"href":"https:\/\/lyfilter.com\/de\/wp-json\/wp\/v2\/comments?post=4521"}],"wp:featuredmedia":[{"embeddable":true,"href":"https:\/\/lyfilter.com\/de\/wp-json\/wp\/v2\/media\/4525"}],"wp:attachment":[{"href":"https:\/\/lyfilter.com\/de\/wp-json\/wp\/v2\/media?parent=4521"}],"wp:term":[{"taxonomy":"product_brand","embeddable":true,"href":"https:\/\/lyfilter.com\/de\/wp-json\/wp\/v2\/product_brand?post=4521"},{"taxonomy":"product_cat","embeddable":true,"href":"https:\/\/lyfilter.com\/de\/wp-json\/wp\/v2\/product_cat?post=4521"},{"taxonomy":"product_tag","embeddable":true,"href":"https:\/\/lyfilter.com\/de\/wp-json\/wp\/v2\/product_tag?post=4521"}],"curies":[{"name":"wp","href":"https:\/\/api.w.org\/{rel}","templated":true}]}}