{"id":4514,"date":"2026-04-05T02:51:59","date_gmt":"2026-04-05T02:51:59","guid":{"rendered":"https:\/\/lyfilter.com\/"},"modified":"2026-04-05T02:51:59","modified_gmt":"2026-04-05T02:51:59","slug":"10-20-30-40-inch-pleated-filter-cartridge-0-2-0-45-1-3-5-10-micron-pleated-filter-for-beverage-filtration","status":"publish","type":"product","link":"https:\/\/lyfilter.com\/de\/10-20-30-40-inch-pleated-filter-cartridge-0-2-0-45-1-3-5-10-micron-pleated-filter-for-beverage-filtration\/","title":{"rendered":"10 20 30 40 Zoll plissierte Filterpatrone 0,2 0,45 1 3 5 10 Mikron plissierter Filter f\u00fcr Getr\u00e4nkefiltration"},"content":{"rendered":"<p>Diese plissierte Filterpatrone unterst\u00fctzt die Getr\u00e4nkefiltration in den Gr\u00f6\u00dfen 10, 20, 30 und 40 Zoll sowie in Mikrongr\u00f6\u00dfen von 0,2 bis 10. Sie sorgt f\u00fcr einen sauberen Durchfluss, einen gleichm\u00e4\u00dfigen Aussto\u00df und eine zuverl\u00e4ssige Filtration in allen Produktionslinien.<\/p>","protected":false},"excerpt":{"rendered":"<table>\n<thead>\n<tr>\n<th>Feld<\/th>\n<th>Wert<\/th>\n<th>Feld<\/th>\n<th>Wert<\/th>\n<\/tr>\n<\/thead>\n<tbody>\n<tr>\n<td>Anwendbare Industrien<\/td>\n<td>Produktionsanlagen, Lebensmittel- und Getr\u00e4nkefabrik, Wasseraufbereitung<\/td>\n<td>Service nach der Garantie<\/td>\n<td>Online-Unterst\u00fctzung<\/td>\n<\/tr>\n<tr>\n<td>Lokaler Dienstort<\/td>\n<td>keine<\/td>\n<td>Standort des Ausstellungsraums<\/td>\n<td>keine<\/td>\n<\/tr>\n<tr>\n<td>Ort der Herkunft<\/td>\n<td>Guangdong, China<\/td>\n<td>Markenname<\/td>\n<td>Lvyuan,OEM,ODM<\/td>\n<\/tr>\n<tr>\n<td>Material<\/td>\n<td>pp\/ptfe\/pes\/nylon\/pvdf<\/td>\n<td>Gewicht<\/td>\n<td>angepasst<\/td>\n<\/tr>\n<tr>\n<td>Gr\u00f6\u00dfe<\/td>\n<td>individuell, schlank, jumbo<\/td>\n<td>Strom<\/td>\n<td>0<\/td>\n<\/tr>\n<tr>\n<td>Garantie<\/td>\n<td>Nicht verf\u00fcgbar<\/td>\n<td>Merkmal<\/td>\n<td>Vergr\u00f6\u00dferung der Filtrationsfl\u00e4che<\/td>\n<\/tr>\n<tr>\n<td>Zertifizierung<\/td>\n<td>SGS<\/td>\n<td>Form<\/td>\n<td>Zylinder<\/td>\n<\/tr>\n<tr>\n<td>L\u00e4nge<\/td>\n<td>10\/20\/30\/40Zoll<\/td>\n<td>Anmeldung<\/td>\n<td>Industrie<\/td>\n<\/tr>\n<tr>\n<td>Farbe<\/td>\n<td>wei\u00df<\/td>\n<td>Verpacken<\/td>\n<td>Papierschachtel<\/td>\n<\/tr>\n<tr>\n<td>Anderer Name<\/td>\n<td>Membranfilterpatrone<\/td>\n<td>Filtermedien<\/td>\n<td>pp\/ptfe\/pes\/nylon\/pvdf<\/td>\n<\/tr>\n<tr>\n<td>Lieferf\u00e4higkeit<\/td>\n<td>500 St\u00fcck\/St\u00fcck pro Woche<\/td>\n<td><\/td>\n<td><\/td>\n<\/tr>\n<\/tbody>\n<\/table>","protected":false},"featured_media":4518,"comment_status":"open","ping_status":"closed","template":"","meta":{"_gspb_post_css":""},"product_brand":[],"product_cat":[21],"product_tag":[951,1223,1677,38,1534,1236],"class_list":{"0":"post-4514","1":"product","2":"type-product","3":"status-publish","4":"has-post-thumbnail","6":"product_cat-pleated-filter-cartridge","7":"product_tag-0-2-micron-filter","8":"product_tag-10-micron-filter","9":"product_tag-beverage-filtration-filter","10":"product_tag-industrial-water-filtration","11":"product_tag-inversafilterpurification","12":"product_tag-pleated-filter-cartridge","14":"first","15":"instock","16":"shipping-taxable","17":"product-type-simple"},"_links":{"self":[{"href":"https:\/\/lyfilter.com\/de\/wp-json\/wp\/v2\/product\/4514","targetHints":{"allow":["GET"]}}],"collection":[{"href":"https:\/\/lyfilter.com\/de\/wp-json\/wp\/v2\/product"}],"about":[{"href":"https:\/\/lyfilter.com\/de\/wp-json\/wp\/v2\/types\/product"}],"replies":[{"embeddable":true,"href":"https:\/\/lyfilter.com\/de\/wp-json\/wp\/v2\/comments?post=4514"}],"wp:featuredmedia":[{"embeddable":true,"href":"https:\/\/lyfilter.com\/de\/wp-json\/wp\/v2\/media\/4518"}],"wp:attachment":[{"href":"https:\/\/lyfilter.com\/de\/wp-json\/wp\/v2\/media?parent=4514"}],"wp:term":[{"taxonomy":"product_brand","embeddable":true,"href":"https:\/\/lyfilter.com\/de\/wp-json\/wp\/v2\/product_brand?post=4514"},{"taxonomy":"product_cat","embeddable":true,"href":"https:\/\/lyfilter.com\/de\/wp-json\/wp\/v2\/product_cat?post=4514"},{"taxonomy":"product_tag","embeddable":true,"href":"https:\/\/lyfilter.com\/de\/wp-json\/wp\/v2\/product_tag?post=4514"}],"curies":[{"name":"wp","href":"https:\/\/api.w.org\/{rel}","templated":true}]}}