{"id":4489,"date":"2026-04-05T02:30:57","date_gmt":"2026-04-05T02:30:57","guid":{"rendered":"https:\/\/lyfilter.com\/"},"modified":"2026-04-05T02:30:57","modified_gmt":"2026-04-05T02:30:57","slug":"lvyuan-ss-bag-filter-wholesale-for-factory","status":"publish","type":"product","link":"https:\/\/lyfilter.com\/de\/lvyuan-ss-bag-filter-wholesale-for-factory\/","title":{"rendered":"Lvyuan SS Bag Filter Gro\u00dfhandel f\u00fcr Fabrik"},"content":{"rendered":"<h3 class=\"do-entry-title\">Verpackung und Lieferung<\/h3>\n<div class=\"do-entry-list\">\n<dl class=\"do-entry-item\">\n<dt class=\"do-entry-item-key\">Verkaufen von Einheiten:<\/dt>\n<dd class=\"do-entry-item-val\">Einzelnes Element<\/dd>\n<\/dl>\n<dl class=\"do-entry-item\">\n<dt class=\"do-entry-item-key\" title=\"Gr\u00f6\u00dfe der Einzelverpackung:\">Gr\u00f6\u00dfe der Einzelverpackung:<\/dt>\n<dd class=\"do-entry-item-val\">65X65X170 cm<\/dd>\n<\/dl>\n<dl class=\"do-entry-item\">\n<dt class=\"do-entry-item-key\" title=\"Einfaches Bruttogewicht:\">Einfaches Bruttogewicht:<\/dt>\n<dd class=\"do-entry-item-val\">56.500 kg<\/dd>\n<\/dl>\n<dl class=\"do-entry-item\">\n<dt class=\"do-entry-item-key\">Verpackungsart:<\/dt>\n<dd class=\"do-entry-item-val pkg-method\">Pappschachtel und Holzkiste.<\/dd>\n<\/dl>\n<dl class=\"do-entry-item\">\n<dt class=\"do-entry-item-key\" title=\"Vorlaufzeit\">Vorlaufzeit\u00a0<i class=\"next-icon next-icon-help next-icon-xs js-leadtimes-tips\"><\/i>:<\/dt>\n<dd class=\"do-entry-item-val\" title=\"Vorlaufzeit\">\n<div class=\"table-responsive\">\n<table class=\"supply-ability-table ui2-table ui2-table-normal ui2-table-zebra ui2-table-hover\">\n<tbody>\n<tr>\n<td>Menge (St\u00fcck)<\/td>\n<td>1 - 10<\/td>\n<td>11 - 20<\/td>\n<td>21 - 50<\/td>\n<td>&gt;50<\/td>\n<\/tr>\n<tr>\n<td>Gesch\u00e4tzte Zeit(Tage)<\/td>\n<td>15<\/td>\n<td>25<\/td>\n<td>35<\/td>\n<td>Noch zu verhandeln<\/td>\n<\/tr>\n<\/tbody>\n<\/table>\n<\/div>\n<p><b>Vorteile f\u00fcr das Unternehmen<\/b><br \/>\n<b>1.<\/b>\u00a0Der rostfreie Schlauchfilter von Lvyuan wurde nach hohen Standards entwickelt. Er ist so konzipiert, dass er die internationalen Normen wie IP-Schutz, UL und CE erf\u00fcllt und getestet wurde. Er bietet eine ausgezeichnete Filtration und gute thermische Stabilit\u00e4t<br \/>\n<b>2.<\/b>\u00a0Dieses Produkt erzeugt keine unerw\u00fcnschten Brummger\u00e4usche, die zu Ohrenproblemen f\u00fchren k\u00f6nnen. Die Bediener k\u00f6nnen also eine ruhige Arbeitsumgebung genie\u00dfen. Er hat eine gro\u00dfe effektive Filterfl\u00e4che<br \/>\n<b>3.<\/b>\u00a0ss Beutelfilter zeichnet sich durch bessere Eigenschaften des rostfreien Beutelfilters sowie durch die Eigenschaften des rostfreien Beutelfiltergeh\u00e4uses aus. Es kommt mit einer breiten Palette von L\u00e4ngen f\u00fcr Standard-und Full-Flow-Geh\u00e4use<\/dd>\n<\/dl>\n<\/div>","protected":false},"excerpt":{"rendered":"<table>\n<thead>\n<tr>\n<th>Feld<\/th>\n<th>Wert<\/th>\n<th>Feld<\/th>\n<th>Wert<\/th>\n<\/tr>\n<\/thead>\n<tbody>\n<tr>\n<td>Anwendbare Industrien<\/td>\n<td>Produktionsanlagen, Lebensmittel- und Getr\u00e4nkefabrik, Wasseraufbereitung<\/td>\n<td>Ort der Herkunft<\/td>\n<td>Guangdong, China<\/td>\n<\/tr>\n<tr>\n<td>Markenname<\/td>\n<td>Lvyuan, OEM, ODM<\/td>\n<td>Material<\/td>\n<td>unlegierter Stahl 304<\/td>\n<\/tr>\n<tr>\n<td>Gewicht<\/td>\n<td>angepasst<\/td>\n<td>Gr\u00f6\u00dfe<\/td>\n<td>angepasst<\/td>\n<\/tr>\n<tr>\n<td>Garantie<\/td>\n<td>1 Jahr<\/td>\n<td>After-Sales-Service<\/td>\n<td>Online-Unterst\u00fctzung<\/td>\n<\/tr>\n<tr>\n<td>Merkmal<\/td>\n<td>Gute Abdichtung<\/td>\n<td>Filterbeutelgr\u00f6\u00dfe<\/td>\n<td>180*810mm<\/td>\n<\/tr>\n<tr>\n<td>Zertifizierung<\/td>\n<td>SGS<\/td>\n<td>Material<\/td>\n<td>sus304<\/td>\n<\/tr>\n<tr>\n<td>Verwendung<\/td>\n<td>Wasserfiltration<\/td>\n<td>Anmeldung<\/td>\n<td>Industrie<\/td>\n<\/tr>\n<tr>\n<td>Oberfl\u00e4che<\/td>\n<td>poliert\/verspiegelt<\/td>\n<td>Modell<\/td>\n<td>BFW<\/td>\n<\/tr>\n<tr>\n<td>Rohmaterial<\/td>\n<td>rostfreier Stahl<\/td>\n<td>Arbeitsdruck<\/td>\n<td>100Psi<\/td>\n<\/tr>\n<\/tbody>\n<\/table>","protected":false},"featured_media":4490,"comment_status":"open","ping_status":"closed","template":"","meta":{"_gspb_post_css":""},"product_brand":[],"product_cat":[1135],"product_tag":[1672,1534,1670,1671,1320,1136],"class_list":{"0":"post-4489","1":"product","2":"type-product","3":"status-publish","4":"has-post-thumbnail","6":"product_cat-stainless-steel-bag-filter-housing","7":"product_tag-factory-bag-filter","8":"product_tag-inversafilterpurification","9":"product_tag-lvyuan-ss-bag-filter","10":"product_tag-ss-bag-filter-wholesale","11":"product_tag-stainless-steel-bag-filter","12":"product_tag-water-filter-locks","14":"first","15":"instock","16":"shipping-taxable","17":"product-type-simple"},"_links":{"self":[{"href":"https:\/\/lyfilter.com\/de\/wp-json\/wp\/v2\/product\/4489","targetHints":{"allow":["GET"]}}],"collection":[{"href":"https:\/\/lyfilter.com\/de\/wp-json\/wp\/v2\/product"}],"about":[{"href":"https:\/\/lyfilter.com\/de\/wp-json\/wp\/v2\/types\/product"}],"replies":[{"embeddable":true,"href":"https:\/\/lyfilter.com\/de\/wp-json\/wp\/v2\/comments?post=4489"}],"wp:featuredmedia":[{"embeddable":true,"href":"https:\/\/lyfilter.com\/de\/wp-json\/wp\/v2\/media\/4490"}],"wp:attachment":[{"href":"https:\/\/lyfilter.com\/de\/wp-json\/wp\/v2\/media?parent=4489"}],"wp:term":[{"taxonomy":"product_brand","embeddable":true,"href":"https:\/\/lyfilter.com\/de\/wp-json\/wp\/v2\/product_brand?post=4489"},{"taxonomy":"product_cat","embeddable":true,"href":"https:\/\/lyfilter.com\/de\/wp-json\/wp\/v2\/product_cat?post=4489"},{"taxonomy":"product_tag","embeddable":true,"href":"https:\/\/lyfilter.com\/de\/wp-json\/wp\/v2\/product_tag?post=4489"}],"curies":[{"name":"wp","href":"https:\/\/api.w.org\/{rel}","templated":true}]}}