{"id":4483,"date":"2026-04-04T10:34:10","date_gmt":"2026-04-04T10:34:10","guid":{"rendered":"https:\/\/lyfilter.com\/"},"modified":"2026-04-04T10:34:10","modified_gmt":"2026-04-04T10:34:10","slug":"stainless-filter-housing-iso-9001-by-lvyuan-filter","status":"publish","type":"product","link":"https:\/\/lyfilter.com\/de\/stainless-filter-housing-iso-9001-by-lvyuan-filter\/","title":{"rendered":"Edelstahl-Filtergeh\u00e4use ISO 9001 von Lvyuan Filter"},"content":{"rendered":"<p><b>Produktdetails des rostfreien Filtergeh\u00e4uses<\/b><\/p>\n<p>&nbsp;<\/p>\n<p><b>Produkt-Spezifikation<\/b><\/p>\n<p>Verf\u00fcgbarkeit: OEM<\/p>\n<p>Material: Rostfreier Stahl<\/p>\n<p>&nbsp;<\/p>\n<p><b>Schnelle \u00dcbersicht<\/b><\/p>\n<p>Die mechanische Ausr\u00fcstung von Lvyuan Water Purification Equipment hat ein vern\u00fcnftiges Design, eine kompakte Struktur und eine stabile Leistung. Au\u00dferdem ist unser Produkt einfach und bequem zu bedienen und zu installieren. Als weithin von mehr Kunden anerkannt, erweist es sich als effektiv, dass\u00a0<a href=\"https:\/\/lyfilter.com\/de\/\">Lvyuan-Filter<\/a>\u00a0muss auch auf das Design des rostfreien Filtergeh\u00e4uses geachtet werden. Eine gute Umgebung der Produktionszone und der Werkstatt ist eine der Bedingungen f\u00fcr die Verbesserung der Qualit\u00e4t. Mit dem Fokus auf Produktqualit\u00e4t hat Guangzhou Lvyuan Water Purification Equipment Co., Ltd. ein komplettes Vertriebsnetz in einigen gro\u00dfen St\u00e4dten im ganzen Land aufgebaut.<\/p>\n<p>&nbsp;<\/p>\n<p><b>Beschreibung des Produkts<\/b><\/p>\n<p>Das rostfreie Filtergeh\u00e4use der Lvyuan-Wasseraufbereitungsanlage wurde in den folgenden Punkten stark verbessert.<\/p>\n<p><strong>Edelstahl-Einkernfiltergeh\u00e4use Big Blue<\/strong><\/p>","protected":false},"excerpt":{"rendered":"<table>\n<thead>\n<tr>\n<th>Feld<\/th>\n<th>Wert<\/th>\n<th>Feld<\/th>\n<th>Wert<\/th>\n<\/tr>\n<\/thead>\n<tbody>\n<tr>\n<td>Start Hafen<\/td>\n<td>Guangzhou<\/td>\n<td>Produktionskapazit\u00e4t<\/td>\n<td>10000 Einheiten\/Monat<\/td>\n<\/tr>\n<tr>\n<td>Zertifizierung<\/td>\n<td>ISO 9001<\/td>\n<td><\/td>\n<td><\/td>\n<\/tr>\n<\/tbody>\n<\/table>","protected":false},"featured_media":4487,"comment_status":"open","ping_status":"closed","template":"","meta":{"_gspb_post_css":""},"product_brand":[],"product_cat":[15],"product_tag":[1534,1303,1186,1541,1136,1443],"class_list":{"0":"post-4483","1":"product","2":"type-product","3":"status-publish","4":"has-post-thumbnail","6":"product_cat-stainless-steel-filter-housing","7":"product_tag-inversafilterpurification","8":"product_tag-iso-9001-filter-housing","9":"product_tag-lvyuan-filter-housing","10":"product_tag-stainless-filter-housing","11":"product_tag-water-filter-locks","12":"product_tag-water-filtration-housing","14":"first","15":"instock","16":"shipping-taxable","17":"product-type-simple"},"_links":{"self":[{"href":"https:\/\/lyfilter.com\/de\/wp-json\/wp\/v2\/product\/4483","targetHints":{"allow":["GET"]}}],"collection":[{"href":"https:\/\/lyfilter.com\/de\/wp-json\/wp\/v2\/product"}],"about":[{"href":"https:\/\/lyfilter.com\/de\/wp-json\/wp\/v2\/types\/product"}],"replies":[{"embeddable":true,"href":"https:\/\/lyfilter.com\/de\/wp-json\/wp\/v2\/comments?post=4483"}],"wp:featuredmedia":[{"embeddable":true,"href":"https:\/\/lyfilter.com\/de\/wp-json\/wp\/v2\/media\/4487"}],"wp:attachment":[{"href":"https:\/\/lyfilter.com\/de\/wp-json\/wp\/v2\/media?parent=4483"}],"wp:term":[{"taxonomy":"product_brand","embeddable":true,"href":"https:\/\/lyfilter.com\/de\/wp-json\/wp\/v2\/product_brand?post=4483"},{"taxonomy":"product_cat","embeddable":true,"href":"https:\/\/lyfilter.com\/de\/wp-json\/wp\/v2\/product_cat?post=4483"},{"taxonomy":"product_tag","embeddable":true,"href":"https:\/\/lyfilter.com\/de\/wp-json\/wp\/v2\/product_tag?post=4483"}],"curies":[{"name":"wp","href":"https:\/\/api.w.org\/{rel}","templated":true}]}}