{"id":4473,"date":"2026-04-04T10:23:43","date_gmt":"2026-04-04T10:23:43","guid":{"rendered":"https:\/\/lyfilter.com\/"},"modified":"2026-04-04T10:23:43","modified_gmt":"2026-04-04T10:23:43","slug":"safe-stainless-steel-cartridge-filter-housing-factory-price-for-water-purification","status":"publish","type":"product","link":"https:\/\/lyfilter.com\/de\/safe-stainless-steel-cartridge-filter-housing-factory-price-for-water-purification\/","title":{"rendered":"Sicheres Edelstahl-Patronenfiltergeh\u00e4use Fabrikpreis f\u00fcr Wasseraufbereitung"},"content":{"rendered":"<p><b>Vorteile f\u00fcr das Unternehmen<\/b><br \/>\n<b>1.<\/b>\u00a0Das Geh\u00e4use der Filterpatrone aus rostfreiem Stahl zeichnet sich durch hochwertige Details aus. Es ist in einer gro\u00dfen Auswahl von Mikronwerten von 1 bis 100 \u03bcm erh\u00e4ltlich.<br \/>\n<b>2.<\/b>\u00a0Das Produkt ist wirtschaftlich und hat sich in allen Lebensbereichen bew\u00e4hrt. Das Filtermedium ist thermisch gebunden, um die Freisetzung von Fasern zu verhindern und gleichzeitig konstante Durchflussraten zu gew\u00e4hrleisten.<br \/>\n<b>3.<\/b>\u00a0Das Produkt zeichnet sich durch eine robuste Konstruktion aus. Es ist aus hochbelastbaren Metallen gefertigt und kann verschiedenen Elementen wie St\u00f6\u00dfen und Vibrationen standhalten. Es sondert w\u00e4hrend des Betriebs kein l\u00f6sliches Material ab.<br \/>\n<b>4.<\/b>\u00a0Das Produkt hat eine glatte Metalloberfl\u00e4che. Die hochpr\u00e4zisen Hon- und Schleifbehandlungen haben die Oberfl\u00e4chenrauhigkeit des Produkts minimiert. Es hat eine erh\u00f6hte Schmutzaufnahmekapazit\u00e4t und eine l\u00e4ngere Lebensdauer<br \/>\n<b>5.<\/b>\u00a0Das Produkt zeichnet sich durch seine Benutzerfreundlichkeit aus. Das Display bietet eine vollst\u00e4ndige Visualisierung des aktuellen Maschinenstatus, einschlie\u00dflich Zykluszeit, Leerlaufzeit, Effizienz und Lebensdauer der Teile. Es zeichnet sich durch eine hohe Durchflussrate und stabile Filtergenauigkeit aus<\/p>\n<p>&nbsp;<\/p>\n<h3 class=\"do-entry-title\">Verpackung und Lieferung<\/h3>\n<div class=\"do-entry-list\">\n<dl class=\"do-entry-item\">\n<dt class=\"do-entry-item-key\">Verkaufen von Einheiten:<\/dt>\n<dd class=\"do-entry-item-val\">Einzelnes Element<\/dd>\n<\/dl>\n<dl class=\"do-entry-item\">\n<dt class=\"do-entry-item-key\" title=\"Gr\u00f6\u00dfe der Einzelverpackung:\">Gr\u00f6\u00dfe der Einzelverpackung:<\/dt>\n<dd class=\"do-entry-item-val\">35X18X25 cm<\/dd>\n<\/dl>\n<dl class=\"do-entry-item\">\n<dt class=\"do-entry-item-key\" title=\"Einfaches Bruttogewicht:\">Einfaches Bruttogewicht:<\/dt>\n<dd class=\"do-entry-item-val\">3.000 kg<\/dd>\n<\/dl>\n<dl class=\"do-entry-item\">\n<dt class=\"do-entry-item-key\">Verpackungsart:<\/dt>\n<dd class=\"do-entry-item-val pkg-method\">Einzelne 50-Mikron-Filterpatrone Code industriellen 10-Zoll-Edelstahl-Fl\u00fcssigkeitsfilter mit SS Geh\u00e4use 1\/4\u2033 Ablassventil: Verpackung: Export-Standardkarton\/nach Bedarf<\/dd>\n<\/dl>\n<dl class=\"do-entry-item\">\n<dt class=\"do-entry-item-key\" title=\"Vorlaufzeit\">Vorlaufzeit\u00a0<i class=\"next-icon next-icon-help next-icon-xs js-leadtimes-tips\"><\/i>:<\/dt>\n<dd class=\"do-entry-item-val\" title=\"Vorlaufzeit\">\n<div class=\"table-responsive\">\n<table class=\"supply-ability-table ui2-table ui2-table-normal ui2-table-zebra ui2-table-hover\">\n<tbody>\n<tr>\n<td>Menge (St\u00fcck)<\/td>\n<td>1 - 10<\/td>\n<td>11 - 100<\/td>\n<td>&gt;100<\/td>\n<\/tr>\n<tr>\n<td>Gesch\u00e4tzte Zeit(Tage)<\/td>\n<td>5<\/td>\n<td>10<\/td>\n<td>Noch zu verhandeln<\/td>\n<\/tr>\n<\/tbody>\n<\/table>\n<\/div>\n<\/dd>\n<\/dl>\n<\/div>","protected":false},"excerpt":{"rendered":"<table>\n<thead>\n<tr>\n<th>Feld<\/th>\n<th>Wert<\/th>\n<th>Feld<\/th>\n<th>Wert<\/th>\n<\/tr>\n<\/thead>\n<tbody>\n<tr>\n<td>Ort der Herkunft<\/td>\n<td>Guangdong, China<\/td>\n<td>Markenname<\/td>\n<td>LVYUAN\/OEM<\/td>\n<\/tr>\n<tr>\n<td>Garantie<\/td>\n<td>1 Jahr<\/td>\n<td>After-Sales-Service<\/td>\n<td>Online-Unterst\u00fctzung<\/td>\n<\/tr>\n<tr>\n<td>Artikel Name<\/td>\n<td>Einzelne Filterpatrone f\u00fcr industrielle Fl\u00fcssigkeitsfilter aus rostfreiem Stahl<\/td>\n<td>Material des Geh\u00e4uses<\/td>\n<td>SS304\/SS316L<\/td>\n<\/tr>\n<tr>\n<td>L\u00e4nge der Filterpatrone<\/td>\n<td>10\u2033 20\u2033 30\u2033 40\u2033<\/td>\n<td>Anzahl der Patronenfilter<\/td>\n<td>Einzelner Kern<\/td>\n<\/tr>\n<tr>\n<td>Oberfl\u00e4chenbehandlung<\/td>\n<td>Poliert &amp; Sandgestrahlt<\/td>\n<td>O-Ring Dichtung<\/td>\n<td>Elastik\/NBR\/EPDM\/Viton<\/td>\n<\/tr>\n<tr>\n<td>Typ der installierten Oberkappe<\/td>\n<td>Klammer-Typ<\/td>\n<td>Steckertyp<\/td>\n<td>222\/226\/DOE<\/td>\n<\/tr>\n<tr>\n<td>Einlass &amp; Auslass Typ<\/td>\n<td>Innengewinde<\/td>\n<td>Verpackungsmethode<\/td>\n<td>Standardbox exportieren<\/td>\n<\/tr>\n<\/tbody>\n<\/table>","protected":false},"featured_media":4475,"comment_status":"open","ping_status":"closed","template":"","meta":{"_gspb_post_css":""},"product_brand":[],"product_cat":[15],"product_tag":[1661,1534,1662,1660,1136,1451],"class_list":{"0":"post-4473","1":"product","2":"type-product","3":"status-publish","4":"has-post-thumbnail","6":"product_cat-stainless-steel-filter-housing","7":"product_tag-factory-price-filter-housing","8":"product_tag-inversafilterpurification","9":"product_tag-safe-water-filter-housing","10":"product_tag-stainless-steel-cartridge-filter-housing","11":"product_tag-water-filter-locks","12":"product_tag-water-purification-filter-housing","14":"first","15":"instock","16":"shipping-taxable","17":"product-type-simple"},"_links":{"self":[{"href":"https:\/\/lyfilter.com\/de\/wp-json\/wp\/v2\/product\/4473","targetHints":{"allow":["GET"]}}],"collection":[{"href":"https:\/\/lyfilter.com\/de\/wp-json\/wp\/v2\/product"}],"about":[{"href":"https:\/\/lyfilter.com\/de\/wp-json\/wp\/v2\/types\/product"}],"replies":[{"embeddable":true,"href":"https:\/\/lyfilter.com\/de\/wp-json\/wp\/v2\/comments?post=4473"}],"wp:featuredmedia":[{"embeddable":true,"href":"https:\/\/lyfilter.com\/de\/wp-json\/wp\/v2\/media\/4475"}],"wp:attachment":[{"href":"https:\/\/lyfilter.com\/de\/wp-json\/wp\/v2\/media?parent=4473"}],"wp:term":[{"taxonomy":"product_brand","embeddable":true,"href":"https:\/\/lyfilter.com\/de\/wp-json\/wp\/v2\/product_brand?post=4473"},{"taxonomy":"product_cat","embeddable":true,"href":"https:\/\/lyfilter.com\/de\/wp-json\/wp\/v2\/product_cat?post=4473"},{"taxonomy":"product_tag","embeddable":true,"href":"https:\/\/lyfilter.com\/de\/wp-json\/wp\/v2\/product_tag?post=4473"}],"curies":[{"name":"wp","href":"https:\/\/api.w.org\/{rel}","templated":true}]}}