{"id":4466,"date":"2026-04-04T10:21:33","date_gmt":"2026-04-04T10:21:33","guid":{"rendered":"https:\/\/lyfilter.com\/"},"modified":"2026-04-24T23:41:52","modified_gmt":"2026-04-24T23:41:52","slug":"guangzhou-factory-custom-stainless-steel-microporous-oil-filter-with-cart-for-water-and-alcohol-filtration","status":"publish","type":"product","link":"https:\/\/lyfilter.com\/de\/guangzhou-factory-custom-stainless-steel-microporous-oil-filter-with-cart-for-water-and-alcohol-filtration\/","title":{"rendered":"Guangzhou Factory Custom Edelstahl mikropor\u00f6se \u00d6lfilter mit Wagen f\u00fcr Wasser und Alkohol Filtration"},"content":{"rendered":"<p>Dieser mikropor\u00f6se \u00d6lfilter aus Edelstahl mit Wagen wurde f\u00fcr praktische Filtrationsarbeiten gebaut und unterst\u00fctzt die Verarbeitung von sauberem Wasser und Alkohol mit reibungsloser Mobilit\u00e4t und stabiler Leistung. Guangzhou Fabrik Lieferung von InversaFilterPurification f\u00fcgt kundenspezifische Optionen und zuverl\u00e4ssige Qualit\u00e4t.<\/p>","protected":false},"excerpt":{"rendered":"<table>\n<thead>\n<tr>\n<th>Feld<\/th>\n<th>Wert<\/th>\n<th>Feld<\/th>\n<th>Wert<\/th>\n<\/tr>\n<\/thead>\n<tbody>\n<tr>\n<td>Anwendbare Industrien<\/td>\n<td>Produktionsanlagen, Lebensmittel- und Getr\u00e4nkefabrik, Wasseraufbereitung<\/td>\n<td>Service nach der Garantie<\/td>\n<td>Online-Unterst\u00fctzung<\/td>\n<\/tr>\n<tr>\n<td>Lokaler Dienstort<\/td>\n<td>keine<\/td>\n<td>Standort des Ausstellungsraums<\/td>\n<td>keine<\/td>\n<\/tr>\n<tr>\n<td>Ort der Herkunft<\/td>\n<td>Guangdong, China<\/td>\n<td>Markenname<\/td>\n<td>Lvyuan oder OEM\/ ODM<\/td>\n<\/tr>\n<tr>\n<td>Material<\/td>\n<td>Kokosnusskohle, Kokosnusskohle, Kohlekohle<\/td>\n<td>Gewicht<\/td>\n<td>angepasst<\/td>\n<\/tr>\n<tr>\n<td>Gr\u00f6\u00dfe<\/td>\n<td>kundenspezifisch, kundenspezifisch<\/td>\n<td>Strom<\/td>\n<td>0<\/td>\n<\/tr>\n<tr>\n<td>Garantie<\/td>\n<td>Nicht verf\u00fcgbar<\/td>\n<td>Schl\u00fcsselw\u00f6rter<\/td>\n<td>tragbarer Kohlenstoff-Wasserfilter<\/td>\n<\/tr>\n<tr>\n<td>After-Sales-Service<\/td>\n<td>Online-Unterst\u00fctzung<\/td>\n<td>Merkmal<\/td>\n<td>Geruch, Sediment, Geruch, etc. entfernen<\/td>\n<\/tr>\n<tr>\n<td>Anmeldung<\/td>\n<td>Vorfiltrierung<\/td>\n<td>Farbe<\/td>\n<td>Schwarz\/Grau<\/td>\n<\/tr>\n<tr>\n<td>Typ<\/td>\n<td>Wasserfilterteile<\/td>\n<td>Durchmesser<\/td>\n<td>angepasst<\/td>\n<\/tr>\n<tr>\n<td>Mikron-Rate<\/td>\n<td>5\/10\/25 Mikron<\/td>\n<td>Lieferf\u00e4higkeit<\/td>\n<td>500 St\u00fcck\/St\u00fcck pro Woche<\/td>\n<\/tr>\n<\/tbody>\n<\/table>","protected":false},"featured_media":4470,"comment_status":"open","ping_status":"closed","template":"","meta":{"_gspb_post_css":""},"product_brand":[],"product_cat":[22],"product_tag":[1658,1659,1534,1656,1657,1136],"class_list":{"0":"post-4466","1":"product","2":"type-product","3":"status-publish","4":"has-post-thumbnail","6":"product_cat-sintered-filter-cartridge","7":"product_tag-custom-oil-filter-with-cart","8":"product_tag-guangzhou-factory-filter","9":"product_tag-inversafilterpurification","10":"product_tag-stainless-steel-microporous-oil-filter","11":"product_tag-water-and-alcohol-filtration","12":"product_tag-water-filter-locks","14":"first","15":"instock","16":"shipping-taxable","17":"product-type-simple"},"_links":{"self":[{"href":"https:\/\/lyfilter.com\/de\/wp-json\/wp\/v2\/product\/4466","targetHints":{"allow":["GET"]}}],"collection":[{"href":"https:\/\/lyfilter.com\/de\/wp-json\/wp\/v2\/product"}],"about":[{"href":"https:\/\/lyfilter.com\/de\/wp-json\/wp\/v2\/types\/product"}],"replies":[{"embeddable":true,"href":"https:\/\/lyfilter.com\/de\/wp-json\/wp\/v2\/comments?post=4466"}],"wp:featuredmedia":[{"embeddable":true,"href":"https:\/\/lyfilter.com\/de\/wp-json\/wp\/v2\/media\/4470"}],"wp:attachment":[{"href":"https:\/\/lyfilter.com\/de\/wp-json\/wp\/v2\/media?parent=4466"}],"wp:term":[{"taxonomy":"product_brand","embeddable":true,"href":"https:\/\/lyfilter.com\/de\/wp-json\/wp\/v2\/product_brand?post=4466"},{"taxonomy":"product_cat","embeddable":true,"href":"https:\/\/lyfilter.com\/de\/wp-json\/wp\/v2\/product_cat?post=4466"},{"taxonomy":"product_tag","embeddable":true,"href":"https:\/\/lyfilter.com\/de\/wp-json\/wp\/v2\/product_tag?post=4466"}],"curies":[{"name":"wp","href":"https:\/\/api.w.org\/{rel}","templated":true}]}}